{"id":3771,"date":"2026-01-11T16:53:02","date_gmt":"2026-01-11T15:53:02","guid":{"rendered":"https:\/\/port2port.be\/?post_type=product&#038;p=3771"},"modified":"2026-03-26T21:06:56","modified_gmt":"2026-03-26T20:06:56","slug":"2019-chateau-saint-georges-cote-pavie-saint-emilion-grand-cru-france","status":"publish","type":"product","link":"https:\/\/port2port.be\/en\/product\/2019-chateau-saint-georges-cote-pavie-saint-emilion-grand-cru-france\/","title":{"rendered":"2019 Ch\u00e2teau Saint-Georges C\u00f4te Pavie Grand Cru - Saint-\u00c9milion"},"content":{"rendered":"<h2>Ch\u00e2teau Saint-Georges C\u00f4te Pavie 2019 - Depth, elegance and right bank classiness<\/h2>\n<h3>A Grand Cru with character and precision<\/h3>\n<p>Ch\u00e2teau Saint-Georges C\u00f4te Pavie 2019 is a refined and powerful Saint-\u00c9milion Grand Cru, from the limestone and clay hills on the edge of the prestigious Pavie plateau. The 2019 vintage combines ripeness with freshness, delivering a wine that is both expressive and harmonious.<\/p>\n<p>The style is classic right bank: rich fruit, soft tannins and elegant structure. At the same time, 2019 shows modern precision, with perfect balance and a remarkably clean finish. A wine that already charms now, but will also age beautifully.<\/p>\n<h3>Trial Experience<\/h3>\n<ul>\n<li>Deep ruby red with purple reflections<\/li>\n<li>Aromas of ripe plum, black cherry, cocoa and subtle spices<\/li>\n<li>Round and velvety mouthfeel with refined tannins<\/li>\n<li>Long, elegant finish with fresh tension<\/li>\n<\/ul>\n<h3>The story behind the wine<\/h3>\n<ul>\n<li>Saint-\u00c9milion Grand Cru from limestone and clay soils<\/li>\n<li>2019 vintage: ripe, balanced and accessible<\/li>\n<li>Typical right bank style with focus on finesse<\/li>\n<li>Suitable for both immediate experience and further maturation<\/li>\n<\/ul>","protected":false},"excerpt":{"rendered":"<h2>2019 - Harmonious Saint-\u00c9milion with refined power<\/h2>\n<ul>\n<li>Saint-\u00c9milion Grand Cru from an excellent year.<\/li>\n<li>Rich fruit, soft tannins and elegant structure.<\/li>\n<li>Accessible now, with nice storage potential.<\/li>\n<li>Ideal for lovers of classic right bank wines.<\/li>\n<\/ul>","protected":false},"featured_media":3770,"template":"","meta":{"_seopress_robots_primary_cat":"","_seopress_titles_title":"Ch\u00e2teau Saint-Georges C\u00f4te Pavie 2019 \u2013 Saint-\u00c9milion GC","_seopress_titles_desc":"Ch\u00e2teau Saint-Georges C\u00f4te Pavie 2019 is een elegante Saint-\u00c9milion Grand Cru met rijp fruit, zachte tannines en een verfijnde, lange afdronk.","_seopress_robots_index":"","iawp_total_views":1},"product_brand":[821],"product_cat":[911,374,943,25],"product_tag":[925],"land":[40],"jaar":[37],"class_list":{"0":"post-3771","1":"product","2":"type-product","3":"status-publish","4":"has-post-thumbnail","6":"product_brand-chateau-saint-georges-cote-pavie","7":"product_cat-bordeaux","8":"product_cat-rode-wijn","9":"product_cat-saint-emilion","10":"product_cat-wijn","11":"product_tag-saint-emilion","12":"pa_druivensoort-cabernet-franc","13":"pa_druivensoort-merlot","14":"pa_eenheid-750-ml","15":"pa_houten-kist-houten-kist-6-flessen","16":"pa_regio-bordeaux-saint-emilion","17":"land-frankrijk","18":"jaar-37","20":"first","21":"instock","22":"taxable","23":"shipping-taxable","24":"purchasable","25":"product-type-simple"},"jetpack_sharing_enabled":true,"_links":{"self":[{"href":"https:\/\/port2port.be\/en\/wp-json\/wp\/v2\/product\/3771","targetHints":{"allow":["GET"]}}],"collection":[{"href":"https:\/\/port2port.be\/en\/wp-json\/wp\/v2\/product"}],"about":[{"href":"https:\/\/port2port.be\/en\/wp-json\/wp\/v2\/types\/product"}],"wp:featuredmedia":[{"embeddable":true,"href":"https:\/\/port2port.be\/en\/wp-json\/wp\/v2\/media\/3770"}],"wp:attachment":[{"href":"https:\/\/port2port.be\/en\/wp-json\/wp\/v2\/media?parent=3771"}],"wp:term":[{"taxonomy":"product_brand","embeddable":true,"href":"https:\/\/port2port.be\/en\/wp-json\/wp\/v2\/product_brand?post=3771"},{"taxonomy":"product_cat","embeddable":true,"href":"https:\/\/port2port.be\/en\/wp-json\/wp\/v2\/product_cat?post=3771"},{"taxonomy":"product_tag","embeddable":true,"href":"https:\/\/port2port.be\/en\/wp-json\/wp\/v2\/product_tag?post=3771"},{"taxonomy":"land","embeddable":true,"href":"https:\/\/port2port.be\/en\/wp-json\/wp\/v2\/land?post=3771"},{"taxonomy":"jaar","embeddable":true,"href":"https:\/\/port2port.be\/en\/wp-json\/wp\/v2\/jaar?post=3771"}],"curies":[{"name":"wp","href":"https:\/\/api.w.org\/{rel}","templated":true}]}}