{"id":2448,"date":"2025-02-05T09:31:48","date_gmt":"2025-02-05T08:31:48","guid":{"rendered":"https:\/\/port2port.be\/?post_type=product&#038;p=2448"},"modified":"2026-03-26T21:07:35","modified_gmt":"2026-03-26T20:07:35","slug":"barros-30-years-old-tawny-port","status":"publish","type":"product","link":"https:\/\/port2port.be\/en\/product\/barros-30-years-old-tawny-port\/","title":{"rendered":"Barros 30 Years Old Tawny Port - Douro"},"content":{"rendered":"<p><strong>Barros 30 Years Old Tawny Port<\/strong> is a refined and highly exclusive port wine, carefully aged for three decades in small oak barrels. Thanks to this prolonged aging, the wine develops a deep amber color with golden reflections and an impressive complexity in aroma and taste. The renowned house of Barros, founded in 1913, has taken full advantage of its craftsmanship to create this extraordinary port.<\/p>\n<p>The bouquet of <a href=\"https:\/\/port2port.be\/en\/product\/barros-20-years-old-tawny-port\/\">Barros<\/a> 30 Years Old Tawny Port is rich and luscious, with aromas of roasted nuts, dried apricots, figs, honey and a hint of mocha. Subtle notes of orange zest, caramel and a touch of spice add additional depth. On the palate, this port offers a silky texture with an elegant balance of sweetness and freshness. Flavors of candied fruits, toffee and walnuts are harmoniously concluded with a long, velvety finish.<\/p>\n<p>This port is a perfect choice to celebrate special moments. Serve it lightly chilled as an aperitif or pair it with sophisticated desserts such as cr\u00e8me br\u00fbl\u00e9e, walnut cake or chocolate dishes. It is also excellent with cheeses such as a mature Stilton or soft goat cheese. In addition, Barros 30 Years Old Tawny Port is an ideal ending to a festive dinner and a wonderful gift for port lovers.<\/p>\n<p>With its unique aging, complex flavor profile and timeless elegance, this port is a masterpiece within the range of tawny ports.<\/p>","protected":false},"excerpt":{"rendered":"<p><strong>Barros 30 Years Old Tawny Port<\/strong> - Exclusive port with rich notes of roasted nuts, candied fruits and caramel. Silky smooth and a long, refined finish<\/p>","protected":false},"featured_media":2386,"template":"","meta":{"_seopress_robots_primary_cat":"none","_seopress_titles_title":"\"Barros 30 Years Old Tawny Port \u2013 Exclusieve en Tijdloze Port\"","_seopress_titles_desc":"\"Proef Barros 30 Years Old Tawny Port met rijke tonen van noten, vijgen en karamel. Een verfijnde port voor bijzondere momenten, puur of bij desserts.\"","_seopress_robots_index":"","iawp_total_views":22},"product_brand":[246],"product_cat":[22,188],"product_tag":[923,936,76,915],"land":[41],"jaar":[],"class_list":{"0":"post-2448","1":"product","2":"type-product","3":"status-publish","4":"has-post-thumbnail","6":"product_brand-barros","7":"product_cat-porto","8":"product_cat-tawny","9":"product_tag-barros-port","10":"product_tag-douro-valley","11":"product_tag-gerijpte-port","12":"product_tag-tawny-port","13":"land-portugal","15":"first","16":"instock","17":"taxable","18":"shipping-taxable","19":"purchasable","20":"product-type-simple"},"jetpack_sharing_enabled":true,"_links":{"self":[{"href":"https:\/\/port2port.be\/en\/wp-json\/wp\/v2\/product\/2448","targetHints":{"allow":["GET"]}}],"collection":[{"href":"https:\/\/port2port.be\/en\/wp-json\/wp\/v2\/product"}],"about":[{"href":"https:\/\/port2port.be\/en\/wp-json\/wp\/v2\/types\/product"}],"wp:featuredmedia":[{"embeddable":true,"href":"https:\/\/port2port.be\/en\/wp-json\/wp\/v2\/media\/2386"}],"wp:attachment":[{"href":"https:\/\/port2port.be\/en\/wp-json\/wp\/v2\/media?parent=2448"}],"wp:term":[{"taxonomy":"product_brand","embeddable":true,"href":"https:\/\/port2port.be\/en\/wp-json\/wp\/v2\/product_brand?post=2448"},{"taxonomy":"product_cat","embeddable":true,"href":"https:\/\/port2port.be\/en\/wp-json\/wp\/v2\/product_cat?post=2448"},{"taxonomy":"product_tag","embeddable":true,"href":"https:\/\/port2port.be\/en\/wp-json\/wp\/v2\/product_tag?post=2448"},{"taxonomy":"land","embeddable":true,"href":"https:\/\/port2port.be\/en\/wp-json\/wp\/v2\/land?post=2448"},{"taxonomy":"jaar","embeddable":true,"href":"https:\/\/port2port.be\/en\/wp-json\/wp\/v2\/jaar?post=2448"}],"curies":[{"name":"wp","href":"https:\/\/api.w.org\/{rel}","templated":true}]}}