{"id":2405,"date":"2025-02-05T09:31:49","date_gmt":"2025-02-05T08:31:49","guid":{"rendered":"https:\/\/port2port.be\/?post_type=product&#038;p=2405"},"modified":"2026-03-26T21:11:34","modified_gmt":"2026-03-26T20:11:34","slug":"barros-colheita-1950","status":"publish","type":"product","link":"https:\/\/port2port.be\/en\/product\/barros-colheita-1950\/","title":{"rendered":"1950 Barros Colheita Port - Douro"},"content":{"rendered":"<p><strong>Barros Colheita 1950 - Timeless Perfection<\/strong><br \/>\nThe Barros Colheita 1950 is an exceptional port that brilliantly demonstrates the art of aging and craftsmanship. Made from grapes from the outstanding 1950 vintage, this port has been aged in wooden barrels for more than 70 years, resulting in a wine of unparalleled depth and complexity.<\/p>\n<p>The aromas are rich and refined, with notes of dried figs, walnuts, caramel and a hint of orange peel. On the palate, this port is full-bodied and velvety, with harmonious flavors of honey, toffee and subtle spices. The long, elegant finish leaves an unforgettable impression.<\/p>\n<p>The <a href=\"https:\/\/port2port.be\/en\/product\/barros-colheita-1974\/\">Barros Colheita<\/a> 1950 is perfect for special occasions or as an exclusive gift for collectors and lovers of vintage port. Pair it with desserts such as nut cake, cr\u00e8me br\u00fbl\u00e9e or enjoy it purely as a masterpiece that has stood the test of time with grace.<\/p>","protected":false},"excerpt":{"rendered":"<p><strong>Barros Colheita 1950<\/strong><br \/>\nHarmonious and complex, with rich aromas of roasted nuts and a hint of citrus.<\/p>","protected":false},"featured_media":3393,"template":"","meta":{"_seopress_robots_primary_cat":"none","_seopress_titles_title":"","_seopress_titles_desc":"","_seopress_robots_index":"","iawp_total_views":23},"product_brand":[246],"product_cat":[70,22],"product_tag":[923,919,936,76],"land":[41],"jaar":[96],"class_list":{"0":"post-2405","1":"product","2":"type-product","3":"status-publish","4":"has-post-thumbnail","6":"product_brand-barros","7":"product_cat-colheita","8":"product_cat-porto","9":"product_tag-barros-port","10":"product_tag-colheita-port","11":"product_tag-douro-valley","12":"product_tag-gerijpte-port","13":"pa_druivensoort-tinta-barroca","14":"pa_druivensoort-tinta-roriz-2","15":"pa_druivensoort-tinto-cao","16":"pa_druivensoort-touriga-franca","17":"pa_druivensoort-touriga-nacional","18":"pa_eenheid-750-ml","19":"pa_houten-kist-houten-kist-1-fles","20":"pa_regio-douro","21":"land-portugal","22":"jaar-96","24":"first","25":"instock","26":"taxable","27":"shipping-taxable","28":"purchasable","29":"product-type-simple"},"jetpack_sharing_enabled":true,"_links":{"self":[{"href":"https:\/\/port2port.be\/en\/wp-json\/wp\/v2\/product\/2405","targetHints":{"allow":["GET"]}}],"collection":[{"href":"https:\/\/port2port.be\/en\/wp-json\/wp\/v2\/product"}],"about":[{"href":"https:\/\/port2port.be\/en\/wp-json\/wp\/v2\/types\/product"}],"wp:featuredmedia":[{"embeddable":true,"href":"https:\/\/port2port.be\/en\/wp-json\/wp\/v2\/media\/3393"}],"wp:attachment":[{"href":"https:\/\/port2port.be\/en\/wp-json\/wp\/v2\/media?parent=2405"}],"wp:term":[{"taxonomy":"product_brand","embeddable":true,"href":"https:\/\/port2port.be\/en\/wp-json\/wp\/v2\/product_brand?post=2405"},{"taxonomy":"product_cat","embeddable":true,"href":"https:\/\/port2port.be\/en\/wp-json\/wp\/v2\/product_cat?post=2405"},{"taxonomy":"product_tag","embeddable":true,"href":"https:\/\/port2port.be\/en\/wp-json\/wp\/v2\/product_tag?post=2405"},{"taxonomy":"land","embeddable":true,"href":"https:\/\/port2port.be\/en\/wp-json\/wp\/v2\/land?post=2405"},{"taxonomy":"jaar","embeddable":true,"href":"https:\/\/port2port.be\/en\/wp-json\/wp\/v2\/jaar?post=2405"}],"curies":[{"name":"wp","href":"https:\/\/api.w.org\/{rel}","templated":true}]}}