{"id":5664,"date":"2026-04-18T11:04:48","date_gmt":"2026-04-18T09:04:48","guid":{"rendered":"https:\/\/port2port.be\/product\/taylor-fladgate-golden-age-50-year-very-old-tawny-port-douro\/"},"modified":"2026-04-18T12:52:04","modified_gmt":"2026-04-18T10:52:04","slug":"taylor-fladgate-golden-age-50-year-very-old-tawny-port-douro","status":"publish","type":"product","link":"https:\/\/port2port.be\/de\/produkt\/taylor-fladgate-golden-age-50-jahr-sehr-alter-tawny-port-douro\/","title":{"rendered":"Taylor Fladgate Golden Age 50 Jahre sehr alter Tawny Port - Douro"},"content":{"rendered":"<h2>50 Jahre alter Tawny Port von Taylor Fladgate<\/h2>\n<h2>Ein au\u00dfergew\u00f6hnlicher Portwein mit einem halben Jahrhundert Reifezeit und einer noch nie dagewesenen Komplexit\u00e4t<\/h2>\n<p>Der Taylor Fladgate Golden Age 50 Year Very Old Tawny Port ist eine au\u00dfergew\u00f6hnliche Kreation, die das Ergebnis eines halben Jahrhunderts der Reifung in Holzf\u00e4ssern ist. Diese einzigartige Mischung repr\u00e4sentiert die Handwerkskunst und Tradition von Taylor Fladgate auf h\u00f6chstem Niveau.<\/p>\n<h3>Aroma und Geschmack<\/h3>\n<p>Im Glas zeigt dieser Portwein eine brillante Bernsteinfarbe mit goldenen Reflexen. Die Nase ist \u00e4u\u00dferst komplex mit Aromen von ger\u00f6steten N\u00fcssen, Mandeln, Karamell, Orangenschalen und Trockenfr\u00fcchten. Im Mund ist er seidig und konzentriert, mit einem perfekten Gleichgewicht zwischen S\u00fc\u00dfe und Frische und einem au\u00dfergew\u00f6hnlich langen, eleganten Abgang.<\/p>\n<h3>Servieren &amp; Speisenanpassung<\/h3>\n<p>Leicht gek\u00fchlt bei 12-16\u00b0C servieren. Perfekt zu Desserts mit N\u00fcssen, Karamell oder Orangen, aber auch als reiner Meditationswein f\u00fcr besondere Momente.<\/p>\n<h3>Die Geschichte hinter der Flasche<\/h3>\n<p>Der Golden Age 50 Year Old Tawny ist eine Hommage an f\u00fcnf Jahrzehnte Reifung und Handwerkskunst. Taylor Fladgate w\u00e4hlt nur die besten F\u00e4sser aus, um diese Mischung zu komponieren, was zu einem Portwein mit beispielloser Komplexit\u00e4t und Tiefe f\u00fchrt. Eine seltene und luxuri\u00f6se Flasche, die Zeit und Tradition perfekt widerspiegelt.<\/p>\n<h3>Mehr entdecken<\/h3>\n<p>Entdecken Sie mehr aus unserem Sortiment <a href=\"https:\/\/port2port.be\/de\/product-categorie\/porto\/tawny\/\">Tawny Port<\/a> oder alle anzeigen <a href=\"https:\/\/port2port.be\/de\/product-categorie\/porto\/\">Porto Weine<\/a>.<\/p>\n<p>Suchen Sie nach \u00e4hnlichen Flaschen? Entdecken Sie andere <a href=\"https:\/\/port2port.be\/de\/product-tag\/colheita-port\/\">Colheita<\/a><\/p>","protected":false},"excerpt":{"rendered":"<ul>\n<li>Au\u00dfergew\u00f6hnlicher 50 Jahre alter Tawny Port<\/li>\n<li>\u00c4u\u00dferst komplex und intensiv verfeinert<\/li>\n<li>Aromen von N\u00fcssen, Karamell und Trockenfr\u00fcchten<\/li>\n<li>Perfekt als exklusives Geschenk oder Sammlerst\u00fcck<\/li>\n<\/ul>","protected":false},"featured_media":5679,"template":"","meta":{"_seopress_robots_primary_cat":"none","_seopress_titles_title":"Taylor 50 Year Tawny Port \u2013 Douro","_seopress_titles_desc":"Exclusieve 50 jaar oude tawny port van Taylor. Zeer complex, elegant en perfect als luxe geschenk of meditatiewijn.","_seopress_robots_index":"","iawp_total_views":0},"product_brand":[1336],"product_cat":[22,188],"product_tag":[76,915,920],"land":[41],"jaar":[],"class_list":{"0":"post-5664","1":"product","2":"type-product","3":"status-publish","4":"has-post-thumbnail","6":"product_brand-taylor-fladgate","7":"product_cat-porto","8":"product_cat-tawny","9":"product_tag-gerijpte-port","10":"product_tag-tawny-port","11":"product_tag-taylor-fladgate-port","12":"pa_druivensoort-tinta-roriz-2","13":"pa_druivensoort-touriga-franca","14":"pa_druivensoort-touriga-nacional","15":"pa_eenheid-750-ml","16":"pa_houten-kist-houten-kist-1-fles","17":"pa_regio-douro","18":"land-portugal","20":"first","21":"instock","22":"taxable","23":"shipping-taxable","24":"purchasable","25":"product-type-simple"},"jetpack_sharing_enabled":true,"_links":{"self":[{"href":"https:\/\/port2port.be\/de\/wp-json\/wp\/v2\/product\/5664","targetHints":{"allow":["GET"]}}],"collection":[{"href":"https:\/\/port2port.be\/de\/wp-json\/wp\/v2\/product"}],"about":[{"href":"https:\/\/port2port.be\/de\/wp-json\/wp\/v2\/types\/product"}],"wp:featuredmedia":[{"embeddable":true,"href":"https:\/\/port2port.be\/de\/wp-json\/wp\/v2\/media\/5679"}],"wp:attachment":[{"href":"https:\/\/port2port.be\/de\/wp-json\/wp\/v2\/media?parent=5664"}],"wp:term":[{"taxonomy":"product_brand","embeddable":true,"href":"https:\/\/port2port.be\/de\/wp-json\/wp\/v2\/product_brand?post=5664"},{"taxonomy":"product_cat","embeddable":true,"href":"https:\/\/port2port.be\/de\/wp-json\/wp\/v2\/product_cat?post=5664"},{"taxonomy":"product_tag","embeddable":true,"href":"https:\/\/port2port.be\/de\/wp-json\/wp\/v2\/product_tag?post=5664"},{"taxonomy":"land","embeddable":true,"href":"https:\/\/port2port.be\/de\/wp-json\/wp\/v2\/land?post=5664"},{"taxonomy":"jaar","embeddable":true,"href":"https:\/\/port2port.be\/de\/wp-json\/wp\/v2\/jaar?post=5664"}],"curies":[{"name":"wp","href":"https:\/\/api.w.org\/{rel}","templated":true}]}}