{"id":3865,"date":"2026-01-18T20:04:17","date_gmt":"2026-01-18T19:04:17","guid":{"rendered":"https:\/\/port2port.be\/?post_type=product&#038;p=3865"},"modified":"2026-03-26T21:07:02","modified_gmt":"2026-03-26T20:07:02","slug":"2020-chateau-laroze","status":"publish","type":"product","link":"https:\/\/port2port.be\/de\/produkt\/2020-chateau-laroze\/","title":{"rendered":"2020 Ch\u00e2teau Laroze - Saint-\u00c9milion"},"content":{"rendered":"<h2>Ch\u00e2teau Laroze 2020 - Perfekt ausgewogener Saint-\u00c9milion mit Tiefe und Finesse<\/h2>\n<h3>Ein gro\u00dfer klassischer Jahrgang mit Reife und Eleganz<\/h3>\n<p>Ch\u00e2teau <a href=\"https:\/\/port2port.be\/de\/produkt\/2018-chateau-laroze-magnum-1-5l\/\">Laroze<\/a> Der 2020er ist ein harmonischer und raffinierter Saint-\u00c9milion Grand Cru aus einem hervorragenden Bordeaux-Jahrgang. Der Jahrgang vereint reife Frucht, Struktur und Frische, was zu einem Wein mit Charme und Ausdauer f\u00fchrt.<\/p>\n<p>Der Stil ist typisch f\u00fcr das rechte Ufer: Merlot sorgt f\u00fcr Rundheit und Geschmeidigkeit, w\u00e4hrend Cabernet Franc f\u00fcr Spannung und Finesse sorgt. Der 2020er zeigt Ch\u00e2teau Laroze auf einem besonders ausgewogenen Niveau und ist sowohl jetzt attraktiv als auch f\u00fcr eine weitere Reifung geeignet.<\/p>\n<h3>Verkostung<\/h3>\n<ul>\n<li>Tiefes Rubinrot mit leuchtenden violetten Reflexen<\/li>\n<li>Aromen von Kirsche, schwarzer Johannisbeere, Pflaume und subtiler W\u00fcrze<\/li>\n<li>Rundes und feines Mundgef\u00fchl mit reifen, samtigen Tanninen<\/li>\n<li>Langer, eleganter Abgang mit frischer Spannung<\/li>\n<\/ul>\n<h3>Die Geschichte hinter dem Wein<\/h3>\n<ul>\n<li>Historisches Weingut Saint-\u00c9milion Grand Cru<\/li>\n<li>2020 steht f\u00fcr Ausgewogenheit, Pr\u00e4zision und Eleganz<\/li>\n<li>Klassischer Rechtsrheinischer Stil mit moderner Reinheit<\/li>\n<li>Hervorragend geeignet f\u00fcr eine mittlere Kellerreifung<\/li>\n<\/ul>","protected":false},"excerpt":{"rendered":"<h2>2020 - Eleganter Saint-\u00c9milion mit perfekter Harmonie<\/h2>\n<ul>\n<li>Spitzenjahrgang mit reifer Frucht und frischer Balance.<\/li>\n<li>Samtige Tannine und raffinierte Struktur.<\/li>\n<li>Harmonisch, zug\u00e4nglich und vielschichtig.<\/li>\n<li>Ideal f\u00fcr Liebhaber klassischer Weine der rechten Seite.<\/li>\n<\/ul>","protected":false},"featured_media":3860,"template":"","meta":{"_seopress_robots_primary_cat":"none","_seopress_titles_title":"Ch\u00e2teau Laroze 2020 \u2013 Saint-\u00c9milion Grand Cru","_seopress_titles_desc":"c is een elegante Saint-\u00c9milion Grand Cru met rijp fruit, fluweelzachte tannines en perfecte balans.","_seopress_robots_index":"","iawp_total_views":2},"product_brand":[808],"product_cat":[911,374,943,25],"product_tag":[924,935,925],"land":[40],"jaar":[38],"class_list":{"0":"post-3865","1":"product","2":"type-product","3":"status-publish","4":"has-post-thumbnail","6":"product_brand-chateau-laroze","7":"product_cat-bordeaux","8":"product_cat-rode-wijn","9":"product_cat-saint-emilion","10":"product_cat-wijn","11":"product_tag-bordeaux","12":"product_tag-merlot","13":"product_tag-saint-emilion","14":"pa_druivensoort-cabernet-franc","15":"pa_druivensoort-cabernet-sauvignon","16":"pa_druivensoort-merlot","17":"pa_eenheid-750-ml","18":"pa_houten-kist-houten-kist-6-flessen","19":"pa_regio-bordeaux-saint-emilion","20":"land-frankrijk","21":"jaar-38","23":"first","24":"instock","25":"taxable","26":"shipping-taxable","27":"purchasable","28":"product-type-simple"},"jetpack_sharing_enabled":true,"_links":{"self":[{"href":"https:\/\/port2port.be\/de\/wp-json\/wp\/v2\/product\/3865","targetHints":{"allow":["GET"]}}],"collection":[{"href":"https:\/\/port2port.be\/de\/wp-json\/wp\/v2\/product"}],"about":[{"href":"https:\/\/port2port.be\/de\/wp-json\/wp\/v2\/types\/product"}],"wp:featuredmedia":[{"embeddable":true,"href":"https:\/\/port2port.be\/de\/wp-json\/wp\/v2\/media\/3860"}],"wp:attachment":[{"href":"https:\/\/port2port.be\/de\/wp-json\/wp\/v2\/media?parent=3865"}],"wp:term":[{"taxonomy":"product_brand","embeddable":true,"href":"https:\/\/port2port.be\/de\/wp-json\/wp\/v2\/product_brand?post=3865"},{"taxonomy":"product_cat","embeddable":true,"href":"https:\/\/port2port.be\/de\/wp-json\/wp\/v2\/product_cat?post=3865"},{"taxonomy":"product_tag","embeddable":true,"href":"https:\/\/port2port.be\/de\/wp-json\/wp\/v2\/product_tag?post=3865"},{"taxonomy":"land","embeddable":true,"href":"https:\/\/port2port.be\/de\/wp-json\/wp\/v2\/land?post=3865"},{"taxonomy":"jaar","embeddable":true,"href":"https:\/\/port2port.be\/de\/wp-json\/wp\/v2\/jaar?post=3865"}],"curies":[{"name":"wp","href":"https:\/\/api.w.org\/{rel}","templated":true}]}}