{"id":3863,"date":"2026-01-18T19:58:21","date_gmt":"2026-01-18T18:58:21","guid":{"rendered":"https:\/\/port2port.be\/?post_type=product&#038;p=3863"},"modified":"2026-03-26T21:07:25","modified_gmt":"2026-03-26T20:07:25","slug":"2022-chateau-duhart-milon-2","status":"publish","type":"product","link":"https:\/\/port2port.be\/de\/produkt\/2022-chateau-duhart-milon-2\/","title":{"rendered":"2022 Ch\u00e2teau Duhart-Milon - Pauillac"},"content":{"rendered":"<h2>Ch\u00e2teau Duhart-Milon 2022 - Monumentaler Pauillac mit Kraft und Pr\u00e4zision<\/h2>\n<h3>Ein au\u00dfergew\u00f6hnlich warmer Jahrgang mit Tiefe und aristokratischer Ausgewogenheit<\/h3>\n<p>Ch\u00e2teau <a href=\"https:\/\/port2port.be\/de\/produkt\/2018-chateau-duhart-milon-magnum-1-5l\/\">Duhart-Milon<\/a> Der 2022er ist ein intensiver und hochkonzentrierter Pauillac aus einer historisch hei\u00dfen und trockenen Vegetationsperiode. Trotz der extremen Bedingungen beh\u00e4lt der Wein eine bemerkenswerte Frische und Struktur, was zu einem kraftvollen, aber perfekt kontrollierten Ausdruck f\u00fchrt.<\/p>\n<p>Der Stil ist klassisch cabernetbetont: reife Cassisfrucht, Graphit und subtile W\u00fcrze werden von kompakten, samtigen Tanninen getragen. Der 2022er zeigt Duhart-Milon auf einem besonders hohen Niveau und verf\u00fcgt \u00fcber ein beeindruckendes Lagerpotenzial.<\/p>\n<h3>Verkostung<\/h3>\n<ul>\n<li>Tief purpurrotes Rubinrot mit undurchsichtigem Kern<\/li>\n<li>Aromen von Cassis, schwarzer Kirsche, Graphit, Kakao und Zedernholz<\/li>\n<li>Kraftvolles und pr\u00e4zises Mundgef\u00fchl mit reifen, seidigen Tanninen<\/li>\n<li>Sehr langer, konzentrierter Abgang mit klassischer Pauillac-Spannung<\/li>\n<\/ul>\n<h3>Die Geschichte hinter dem Wein<\/h3>\n<ul>\n<li>Quatri\u00e8me Grand Cru Class\u00e9 aus Pauillac<\/li>\n<li>2022 steht f\u00fcr Intensit\u00e4t, Energie und Durchhalteverm\u00f6gen<\/li>\n<li>Cabernet Sauvignon in einem reinen, dem Terroir entsprechenden Ausdruck<\/li>\n<li>Hervorragend geeignet f\u00fcr eine lange Reifung im Weinkeller und f\u00fcr Investitionszwecke<\/li>\n<\/ul>","protected":false},"excerpt":{"rendered":"<h2>2022 - Gro\u00dfer Pauillac mit monumentaler Tiefe<\/h2>\n<ul>\n<li>Historisches Spitzenjahr mit hoher Konzentration.<\/li>\n<li>Cabernet-getriebene Kraft mit Cassis und Graphit.<\/li>\n<li>Samtige Tannine und beeindruckende Struktur.<\/li>\n<li>Au\u00dfergew\u00f6hnliches Lagerpotenzial.<\/li>\n<\/ul>","protected":false},"featured_media":3855,"template":"","meta":{"_seopress_robots_primary_cat":"none","_seopress_titles_title":"Ch\u00e2teau Duhart-Milon 2022 \u2013 Pauillac Grand Cru","_seopress_titles_desc":"Ch\u00e2teau Duhart-Milon 2022 is een klassieke Pauillac met cassis, grafiet en fluweelzachte tannines. Grand Cru Class\u00e9 met bewaarkracht.","_seopress_robots_index":"","iawp_total_views":0},"product_brand":[895],"product_cat":[911,945,374,25],"product_tag":[924,930,927],"land":[40],"jaar":[334],"class_list":{"0":"post-3863","1":"product","2":"type-product","3":"status-publish","4":"has-post-thumbnail","6":"product_brand-duhart-milon","7":"product_cat-bordeaux","8":"product_cat-pauillac","9":"product_cat-rode-wijn","10":"product_cat-wijn","11":"product_tag-bordeaux","12":"product_tag-cabernet-sauvignon","13":"product_tag-pauillac","14":"pa_druivensoort-cabernet-sauvignon","15":"pa_druivensoort-merlot","16":"pa_eenheid-750-ml","17":"pa_houten-kist-houten-kist-6-flessen","18":"pa_regio-pauillac-bordeaux","19":"land-frankrijk","20":"jaar-334","22":"first","23":"instock","24":"taxable","25":"shipping-taxable","26":"purchasable","27":"product-type-simple"},"jetpack_sharing_enabled":true,"_links":{"self":[{"href":"https:\/\/port2port.be\/de\/wp-json\/wp\/v2\/product\/3863","targetHints":{"allow":["GET"]}}],"collection":[{"href":"https:\/\/port2port.be\/de\/wp-json\/wp\/v2\/product"}],"about":[{"href":"https:\/\/port2port.be\/de\/wp-json\/wp\/v2\/types\/product"}],"wp:featuredmedia":[{"embeddable":true,"href":"https:\/\/port2port.be\/de\/wp-json\/wp\/v2\/media\/3855"}],"wp:attachment":[{"href":"https:\/\/port2port.be\/de\/wp-json\/wp\/v2\/media?parent=3863"}],"wp:term":[{"taxonomy":"product_brand","embeddable":true,"href":"https:\/\/port2port.be\/de\/wp-json\/wp\/v2\/product_brand?post=3863"},{"taxonomy":"product_cat","embeddable":true,"href":"https:\/\/port2port.be\/de\/wp-json\/wp\/v2\/product_cat?post=3863"},{"taxonomy":"product_tag","embeddable":true,"href":"https:\/\/port2port.be\/de\/wp-json\/wp\/v2\/product_tag?post=3863"},{"taxonomy":"land","embeddable":true,"href":"https:\/\/port2port.be\/de\/wp-json\/wp\/v2\/land?post=3863"},{"taxonomy":"jaar","embeddable":true,"href":"https:\/\/port2port.be\/de\/wp-json\/wp\/v2\/jaar?post=3863"}],"curies":[{"name":"wp","href":"https:\/\/api.w.org\/{rel}","templated":true}]}}