{"id":3858,"date":"2026-01-18T19:21:46","date_gmt":"2026-01-18T18:21:46","guid":{"rendered":"https:\/\/port2port.be\/?post_type=product&#038;p=3858"},"modified":"2026-03-26T21:06:42","modified_gmt":"2026-03-26T20:06:42","slug":"2022-chateau-duhart-milon","status":"publish","type":"product","link":"https:\/\/port2port.be\/de\/produkt\/2022-chateau-duhart-milon\/","title":{"rendered":"2018 Ch\u00e2teau Laroze - Saint-\u00c9milion"},"content":{"rendered":"<h2>Ch\u00e2teau Laroze 2018 - Reifer Saint-\u00c9milion mit samtenem Charme<\/h2>\n<h3>Ein hei\u00dfes Spitzenjahr mit Konzentration und Zug\u00e4nglichkeit<\/h3>\n<p>Ch\u00e2teau<a href=\"https:\/\/port2port.be\/de\/produkt\/bordeaux-geschenkbox-2018-6-grand-cru-weine-in-holzkiste\/\"> Laroze<\/a> Der 2018er ist ein reichhaltiger und ausdrucksstarker Saint-\u00c9milion Grand Cru aus einer warmen und sonnigen Wachstumssaison. Der Wein vereint reife Fr\u00fcchte, runde Tannine und eine geschmeidige Struktur, was zu einem gro\u00dfz\u00fcgigen und harmonischen Stil f\u00fchrt.<\/p>\n<p>Der Stil ist klassisch rechtsufrig: Merlot-getriebene Weichheit wird durch Frische und Finesse erg\u00e4nzt. Der 2018er ist bereits sehr angenehm, besitzt aber auch genug Struktur, um noch einige Jahre zu reifen.<\/p>\n<h3>Verkostung<\/h3>\n<ul>\n<li>Tiefes Rubinrot mit violetten Reflexen<\/li>\n<li>Aromen von reifen Kirschen, Pflaumen, schwarzen Johannisbeeren und subtiler W\u00fcrze<\/li>\n<li>Rundes und geschmeidiges Mundgef\u00fchl mit samtigen Tanninen<\/li>\n<li>Eleganter, fruchtbetonter Abgang<\/li>\n<\/ul>\n<h3>Die Geschichte hinter dem Wein<\/h3>\n<ul>\n<li>Historisches Weingut Saint-\u00c9milion Grand Cru<\/li>\n<li>2018 steht f\u00fcr Reife, Zug\u00e4nglichkeit und Ausgewogenheit<\/li>\n<li>Klassischer Rechtsrheinischer Stil mit moderner Pr\u00e4zision<\/li>\n<li>Ideal f\u00fcr die sofortige Trinkbarkeit und eine kurze Reifung im Keller<\/li>\n<\/ul>","protected":false},"excerpt":{"rendered":"<h2>2018 - Geschmeidiger Saint-\u00c9milion mit reifem Fruchtausdruck<\/h2>\n<ul>\n<li>Warmer Spitzenjahrgang mit reifen roten und schwarzen Fr\u00fcchten.<\/li>\n<li>Samtige Tannine und geschmeidige Struktur.<\/li>\n<li>Zug\u00e4nglich und harmonisch im Stil.<\/li>\n<li>Perfekt f\u00fcr Liebhaber von Merlot-lastigen Bordeaux.<\/li>\n<\/ul>","protected":false},"featured_media":3860,"template":"","meta":{"_seopress_robots_primary_cat":"none","_seopress_titles_title":"Ch\u00e2teau Laroze 2018 \u2013 Saint-\u00c9milion Grand Cru","_seopress_titles_desc":"Ch\u00e2teau Laroze 2018 is een zachte Saint-\u00c9milion Grand Cru met rijp fruit, fluweelzachte tannines en harmonieuze balans.","_seopress_robots_index":"","iawp_total_views":2},"product_brand":[808],"product_cat":[911,374,943,25],"product_tag":[924,935,925],"land":[40],"jaar":[266],"class_list":{"0":"post-3858","1":"product","2":"type-product","3":"status-publish","4":"has-post-thumbnail","6":"product_brand-chateau-laroze","7":"product_cat-bordeaux","8":"product_cat-rode-wijn","9":"product_cat-saint-emilion","10":"product_cat-wijn","11":"product_tag-bordeaux","12":"product_tag-merlot","13":"product_tag-saint-emilion","14":"pa_druivensoort-cabernet-franc","15":"pa_druivensoort-cabernet-sauvignon","16":"pa_druivensoort-merlot","17":"pa_eenheid-750-ml","18":"pa_houten-kist-houten-kist-6-flessen","19":"pa_regio-bordeaux-saint-emilion","20":"land-frankrijk","21":"jaar-266","23":"first","24":"instock","25":"taxable","26":"shipping-taxable","27":"purchasable","28":"product-type-simple"},"jetpack_sharing_enabled":true,"_links":{"self":[{"href":"https:\/\/port2port.be\/de\/wp-json\/wp\/v2\/product\/3858","targetHints":{"allow":["GET"]}}],"collection":[{"href":"https:\/\/port2port.be\/de\/wp-json\/wp\/v2\/product"}],"about":[{"href":"https:\/\/port2port.be\/de\/wp-json\/wp\/v2\/types\/product"}],"wp:featuredmedia":[{"embeddable":true,"href":"https:\/\/port2port.be\/de\/wp-json\/wp\/v2\/media\/3860"}],"wp:attachment":[{"href":"https:\/\/port2port.be\/de\/wp-json\/wp\/v2\/media?parent=3858"}],"wp:term":[{"taxonomy":"product_brand","embeddable":true,"href":"https:\/\/port2port.be\/de\/wp-json\/wp\/v2\/product_brand?post=3858"},{"taxonomy":"product_cat","embeddable":true,"href":"https:\/\/port2port.be\/de\/wp-json\/wp\/v2\/product_cat?post=3858"},{"taxonomy":"product_tag","embeddable":true,"href":"https:\/\/port2port.be\/de\/wp-json\/wp\/v2\/product_tag?post=3858"},{"taxonomy":"land","embeddable":true,"href":"https:\/\/port2port.be\/de\/wp-json\/wp\/v2\/land?post=3858"},{"taxonomy":"jaar","embeddable":true,"href":"https:\/\/port2port.be\/de\/wp-json\/wp\/v2\/jaar?post=3858"}],"curies":[{"name":"wp","href":"https:\/\/api.w.org\/{rel}","templated":true}]}}