{"id":3852,"date":"2026-01-18T14:15:43","date_gmt":"2026-01-18T13:15:43","guid":{"rendered":"https:\/\/port2port.be\/?post_type=product&#038;p=3852"},"modified":"2026-03-26T21:07:25","modified_gmt":"2026-03-26T20:07:25","slug":"2022-chateau-cos-destournel","status":"publish","type":"product","link":"https:\/\/port2port.be\/de\/produkt\/2022-chateau-cos-destournel\/","title":{"rendered":"2022 Ch\u00e2teau Cos d'Estournel - Saint-Est\u00e8phe"},"content":{"rendered":"<h2>Ch\u00e2teau Cos d'Estournel 2022 - Monumentaler Saint-Est\u00e8phe mit nie dagewesener Intensit\u00e4t<\/h2>\n<h3>Ein historisches Spitzenjahr, das sich in Kraft, Energie und Pr\u00e4zision ausdr\u00fcckt<\/h3>\n<p>Ch\u00e2teau <a href=\"https:\/\/port2port.be\/de\/produkt\/2021-chateau-cos-destournel\/\">Cos d'Estournel<\/a> Der 2022er ist ein sehr konzentrierter und beeindruckender Saint-Est\u00e8phe aus einer extrem hei\u00dfen und trockenen Vegetationsperiode. Trotz der Bedingungen bewahrt der Wein eine au\u00dfergew\u00f6hnliche Frische und Pr\u00e4zision. Es geht um Intensit\u00e4t, Ausgewogenheit und aristokratische Kraft.<\/p>\n<p>Der Stil ist gro\u00df und sinnlich: reife schwarze Fr\u00fcchte, Graphit und exotische W\u00fcrze werden von perfekt reifen, samtigen Tanninen getragen. Der 2022er geh\u00f6rt zu den monumentalsten Jahrg\u00e4ngen von Cos d'Estournel und ist f\u00fcr eine sehr lange Zeit ausgelegt.<\/p>\n<h3>Verkostung<\/h3>\n<ul>\n<li>Tiefviolettes Rubinrot mit fast undurchsichtigem Kern<\/li>\n<li>Aromen von Cassis, Schwarzkirsche, Pflaume, Kakao, Gew\u00fcrzen und Graphit<\/li>\n<li>Kraftvolles und seidiges Mundgef\u00fchl mit kompakten, reifen Tanninen<\/li>\n<li>Au\u00dfergew\u00f6hnlich langer, konzentrierter Abgang mit frischer Saint-Est\u00e8phe-Spannung<\/li>\n<\/ul>\n<h3>Die Geschichte hinter dem Wein<\/h3>\n<ul>\n<li>Ikonischer Deuxi\u00e8me Grand Cru Class\u00e9 mit exotischer Signatur<\/li>\n<li>2022 steht f\u00fcr Intensit\u00e4t, Energie und au\u00dfergew\u00f6hnliches Durchhalteverm\u00f6gen<\/li>\n<li>Perfektes Gleichgewicht zwischen Leistung und Raffinesse<\/li>\n<li>Ideal f\u00fcr die lange Reifung im Keller und f\u00fcr Investitionszwecke<\/li>\n<\/ul>","protected":false},"excerpt":{"rendered":"<h2>2022 - Gro\u00dfer Saint-Est\u00e8phe mit monumentaler Tiefe<\/h2>\n<ul>\n<li>Historisches Spitzenjahr mit extremer Konzentration.<\/li>\n<li>Reife schwarze Fr\u00fcchte, Graphit und exotische W\u00fcrze.<\/li>\n<li>Samtige Tannine und beeindruckende Struktur.<\/li>\n<li>Au\u00dfergew\u00f6hnliches Lagerpotenzial.<\/li>\n<\/ul>","protected":false},"featured_media":3848,"template":"","meta":{"_seopress_robots_primary_cat":"none","_seopress_titles_title":"Ch\u00e2teau Cos d\u2019Estournel 2022 \u2013 Saint-Est\u00e8phe Grand Cru","_seopress_titles_desc":"Ch\u00e2teau Cos d\u2019Estournel 2022 is een monumentale Saint-Est\u00e8phe met diepe concentratie, fluweelzachte tannines en uitzonderlijk bewaarpotentieel.","_seopress_robots_index":"","iawp_total_views":0},"product_brand":[892],"product_cat":[911,374,947,25],"product_tag":[924,930,939],"land":[40],"jaar":[334],"class_list":{"0":"post-3852","1":"product","2":"type-product","3":"status-publish","4":"has-post-thumbnail","6":"product_brand-cos-destournel","7":"product_cat-bordeaux","8":"product_cat-rode-wijn","9":"product_cat-saint-estephe","10":"product_cat-wijn","11":"product_tag-bordeaux","12":"product_tag-cabernet-sauvignon","13":"product_tag-saint-estephe","14":"pa_druivensoort-cabernet-sauvignon","15":"pa_druivensoort-merlot","16":"pa_eenheid-750-ml","17":"pa_houten-kist-houten-kist-6-flessen","18":"pa_regio-saint-estephe-bordeaux","19":"land-frankrijk","20":"jaar-334","22":"first","23":"instock","24":"taxable","25":"shipping-taxable","26":"purchasable","27":"product-type-simple"},"jetpack_sharing_enabled":true,"_links":{"self":[{"href":"https:\/\/port2port.be\/de\/wp-json\/wp\/v2\/product\/3852","targetHints":{"allow":["GET"]}}],"collection":[{"href":"https:\/\/port2port.be\/de\/wp-json\/wp\/v2\/product"}],"about":[{"href":"https:\/\/port2port.be\/de\/wp-json\/wp\/v2\/types\/product"}],"wp:featuredmedia":[{"embeddable":true,"href":"https:\/\/port2port.be\/de\/wp-json\/wp\/v2\/media\/3848"}],"wp:attachment":[{"href":"https:\/\/port2port.be\/de\/wp-json\/wp\/v2\/media?parent=3852"}],"wp:term":[{"taxonomy":"product_brand","embeddable":true,"href":"https:\/\/port2port.be\/de\/wp-json\/wp\/v2\/product_brand?post=3852"},{"taxonomy":"product_cat","embeddable":true,"href":"https:\/\/port2port.be\/de\/wp-json\/wp\/v2\/product_cat?post=3852"},{"taxonomy":"product_tag","embeddable":true,"href":"https:\/\/port2port.be\/de\/wp-json\/wp\/v2\/product_tag?post=3852"},{"taxonomy":"land","embeddable":true,"href":"https:\/\/port2port.be\/de\/wp-json\/wp\/v2\/land?post=3852"},{"taxonomy":"jaar","embeddable":true,"href":"https:\/\/port2port.be\/de\/wp-json\/wp\/v2\/jaar?post=3852"}],"curies":[{"name":"wp","href":"https:\/\/api.w.org\/{rel}","templated":true}]}}