{"id":3849,"date":"2026-01-18T14:00:25","date_gmt":"2026-01-18T13:00:25","guid":{"rendered":"https:\/\/port2port.be\/?post_type=product&#038;p=3849"},"modified":"2026-03-26T21:06:37","modified_gmt":"2026-03-26T20:06:37","slug":"2018-chateau-cos-destournel","status":"publish","type":"product","link":"https:\/\/port2port.be\/de\/produkt\/2018-chateau-cos-destournel\/","title":{"rendered":"2018 Ch\u00e2teau Cos d'Estournel - Saint-Est\u00e8phe"},"content":{"rendered":"<h2>Ch\u00e2teau Cos d'Estournel 2018 - Monumentaler Saint-Est\u00e8phe mit orientalischer Pracht<\/h2>\n<h3>Ein warmer Jahrgang, umgesetzt in Kraft, Sinnlichkeit und Pr\u00e4zision<\/h3>\n<p>Ch\u00e2teau <a href=\"https:\/\/port2port.be\/de\/produkt\/2022-chateau-cos-destournel\/\">Cos d'Estournel<\/a> Der 2018er ist ein sehr konzentrierter und luxuri\u00f6ser Saint-Est\u00e8phe aus einer au\u00dfergew\u00f6hnlich warmen Vegetationsperiode. Der Wein verbindet intensive Reife mit bemerkenswerter Frische und samtiger Struktur. Alles strahlt Kraft, Reichtum und Harmonie aus.<\/p>\n<p>Der Stil ist gro\u00df und verf\u00fchrerisch: reife schwarze Fr\u00fcchte, exotische Gew\u00fcrze und mineralische Spannung werden von perfekt integrierten Tanninen getragen. Der 2018er zeigt Cos d'Estournel von seiner ausdrucksst\u00e4rksten und monumentalsten Seite, mit einem beeindruckenden Lagerpotenzial.<\/p>\n<h3>Verkostung<\/h3>\n<ul>\n<li>Tiefviolettes Rubinrot mit fast undurchsichtigem Kern<\/li>\n<li>Aromen von Cassis, Schwarzkirsche, Pflaume, Kakao, Gew\u00fcrzen und Graphit<\/li>\n<li>Volles und seidiges Mundgef\u00fchl mit reifen, samtenen Tanninen<\/li>\n<li>Sehr langer, sinnlicher Abgang mit frischer Saint-Est\u00e8phe-Spannung<\/li>\n<\/ul>\n<h3>Die Geschichte hinter dem Wein<\/h3>\n<ul>\n<li>Ikonischer Deuxi\u00e8me Grand Cru Class\u00e9 mit exotischer Signatur<\/li>\n<li>2018 steht f\u00fcr Intensit\u00e4t, Reichtum und Energie<\/li>\n<li>Perfektes Gleichgewicht zwischen Kraft und Eleganz<\/li>\n<li>Hervorragend geeignet f\u00fcr eine lange Reifung im Weinkeller und f\u00fcr Investitionszwecke<\/li>\n<\/ul>","protected":false},"excerpt":{"rendered":"<h2>2018 - Gro\u00dfer Saint-Est\u00e8phe mit \u00fcppiger Tiefe<\/h2>\n<ul>\n<li>Warmes Spitzenjahr mit extremer Konzentration.<\/li>\n<li>Reife schwarze Fr\u00fcchte, Kakao und exotische W\u00fcrze.<\/li>\n<li>Samtige Tannine und monumentale Struktur.<\/li>\n<li>Au\u00dfergew\u00f6hnliches Lagerpotenzial.<\/li>\n<\/ul>","protected":false},"featured_media":3848,"template":"","meta":{"_seopress_robots_primary_cat":"none","_seopress_titles_title":"Ch\u00e2teau Cos d\u2019Estournel 2018 \u2013 Saint-Est\u00e8phe Grand Cru","_seopress_titles_desc":"Ch\u00e2teau Cos d\u2019Estournel 2018 is een monumentale Saint-Est\u00e8phe met diepe concentratie, fluweelzachte tannines en uitzonderlijk bewaarpotentieel.","_seopress_robots_index":"","iawp_total_views":6},"product_brand":[892],"product_cat":[911,374,947,25],"product_tag":[924,930,939],"land":[40],"jaar":[266],"class_list":{"0":"post-3849","1":"product","2":"type-product","3":"status-publish","4":"has-post-thumbnail","6":"product_brand-cos-destournel","7":"product_cat-bordeaux","8":"product_cat-rode-wijn","9":"product_cat-saint-estephe","10":"product_cat-wijn","11":"product_tag-bordeaux","12":"product_tag-cabernet-sauvignon","13":"product_tag-saint-estephe","14":"pa_druivensoort-cabernet-sauvignon","15":"pa_druivensoort-merlot","16":"pa_eenheid-750-ml","17":"pa_houten-kist-houten-kist-6-flessen","18":"pa_regio-saint-estephe-bordeaux","19":"land-frankrijk","20":"jaar-266","22":"first","23":"instock","24":"taxable","25":"shipping-taxable","26":"purchasable","27":"product-type-simple"},"jetpack_sharing_enabled":true,"_links":{"self":[{"href":"https:\/\/port2port.be\/de\/wp-json\/wp\/v2\/product\/3849","targetHints":{"allow":["GET"]}}],"collection":[{"href":"https:\/\/port2port.be\/de\/wp-json\/wp\/v2\/product"}],"about":[{"href":"https:\/\/port2port.be\/de\/wp-json\/wp\/v2\/types\/product"}],"wp:featuredmedia":[{"embeddable":true,"href":"https:\/\/port2port.be\/de\/wp-json\/wp\/v2\/media\/3848"}],"wp:attachment":[{"href":"https:\/\/port2port.be\/de\/wp-json\/wp\/v2\/media?parent=3849"}],"wp:term":[{"taxonomy":"product_brand","embeddable":true,"href":"https:\/\/port2port.be\/de\/wp-json\/wp\/v2\/product_brand?post=3849"},{"taxonomy":"product_cat","embeddable":true,"href":"https:\/\/port2port.be\/de\/wp-json\/wp\/v2\/product_cat?post=3849"},{"taxonomy":"product_tag","embeddable":true,"href":"https:\/\/port2port.be\/de\/wp-json\/wp\/v2\/product_tag?post=3849"},{"taxonomy":"land","embeddable":true,"href":"https:\/\/port2port.be\/de\/wp-json\/wp\/v2\/land?post=3849"},{"taxonomy":"jaar","embeddable":true,"href":"https:\/\/port2port.be\/de\/wp-json\/wp\/v2\/jaar?post=3849"}],"curies":[{"name":"wp","href":"https:\/\/api.w.org\/{rel}","templated":true}]}}