{"id":3839,"date":"2026-01-18T11:51:12","date_gmt":"2026-01-18T10:51:12","guid":{"rendered":"https:\/\/port2port.be\/?post_type=product&#038;p=3839"},"modified":"2026-03-26T21:07:28","modified_gmt":"2026-03-26T20:07:28","slug":"2022-chateau-pape-clement-magnum-1-5l","status":"publish","type":"product","link":"https:\/\/port2port.be\/de\/produkt\/2022-chateau-pape-clement-magnum-1-5l\/","title":{"rendered":"2022 Ch\u00e2teau Pape Cl\u00e9ment Magnum (1,5 L) - Pessac-L\u00e9ognan"},"content":{"rendered":"<h2>Ch\u00e2teau Pape Cl\u00e9ment 2022 Magnum (1,5L) - Monumentale Kraft und raffinierte Pr\u00e4zision<\/h2>\n<h3>Ein au\u00dfergew\u00f6hnlicher Jahrgang von Intensit\u00e4t und Energie<\/h3>\n<p>Ch\u00e2teau <a href=\"https:\/\/port2port.be\/de\/produkt\/2022-chateau-pape-clement\/\">Pape Cl\u00e9ment<\/a> Der 2022er ist ein tiefgr\u00fcndiger, konzentrierter und beeindruckender Pessac-L\u00e9ognan aus einer extrem hei\u00dfen und trockenen Vegetationsperiode. Der Wein verbindet au\u00dfergew\u00f6hnliche Reife mit \u00fcberraschender Frische und makelloser Struktur. Intensit\u00e4t und Eleganz gehen hier Hand in Hand.<\/p>\n<p>Der Stil ist reich und vielschichtig, getragen von perfekt reifen, samtigen Tanninen und einem mineralischen R\u00fcckgrat. Der 2022er zeigt Pape Cl\u00e9ment von seiner kraftvollsten Seite, aber immer mit Kontrolle und Ausgewogenheit. Ein Wein mit sofortiger Wirkung und gro\u00dfem Lagerungspotenzial.<\/p>\n<h3>Verkostung<\/h3>\n<ul>\n<li>Tief purpurrotes Rubinrot mit undurchsichtigem Kern<\/li>\n<li>Aromen von Cassis, schwarzer Kirsche, Pflaume, Kakao, Graphit und Zedernholz<\/li>\n<li>Kr\u00e4ftiges und samtiges Mundgef\u00fchl mit kompakten Tanninen<\/li>\n<li>Sehr langer, konzentrierter Abgang mit frischer mineralischer Spannung<\/li>\n<\/ul>\n<h3>Die Geschichte hinter dem Wein<\/h3>\n<ul>\n<li>Der ikonische Pessac-L\u00e9ognan Grand Cru Class\u00e9<\/li>\n<li>2022 steht f\u00fcr Intensit\u00e4t, Energie und Durchhalteverm\u00f6gen<\/li>\n<li>Perfektes Gleichgewicht zwischen Kraft und Eleganz<\/li>\n<li>Hervorragend geeignet f\u00fcr eine lange Kellerreifung<\/li>\n<\/ul>","protected":false},"excerpt":{"rendered":"<h2>2022 - Kraftvoller Pessac-L\u00e9ognan mit monumentaler Tiefe<\/h2>\n<ul>\n<li>Extremes Spitzenjahr mit hoher Konzentration.<\/li>\n<li>Reife schwarze Fr\u00fcchte, Kakao und Graphit.<\/li>\n<li>Samtige Tannine und beeindruckende Struktur.<\/li>\n<li>Hervorragende langfristige Lagerf\u00e4higkeit.<\/li>\n<\/ul>","protected":false},"featured_media":3831,"template":"","meta":{"_seopress_robots_primary_cat":"none","_seopress_titles_title":"Ch\u00e2teau Pape Cl\u00e9ment 2022 Magnum (1.5L) \u2013 Pessac-L\u00e9ognan Grand Cru","_seopress_titles_desc":"Ch\u00e2teau Pape Cl\u00e9ment 2022 Magnum (1.5L) is een krachtige Pessac-L\u00e9ognan met diepe concentratie, fluweelzachte tannines en uitzonderlijk bewaarpotentieel.","_seopress_robots_index":"","iawp_total_views":0},"product_brand":[886],"product_cat":[911,949,374,25],"product_tag":[924,930,940],"land":[40],"jaar":[334],"class_list":{"0":"post-3839","1":"product","2":"type-product","3":"status-publish","4":"has-post-thumbnail","6":"product_brand-pape-clement","7":"product_cat-bordeaux","8":"product_cat-pessac-leognan","9":"product_cat-rode-wijn","10":"product_cat-wijn","11":"product_tag-bordeaux","12":"product_tag-cabernet-sauvignon","13":"product_tag-pessac-leognan","14":"pa_druivensoort-cabernet-sauvignon","15":"pa_druivensoort-merlot","16":"pa_eenheid-1329","17":"pa_eenheid-5-l-magnum","18":"pa_houten-kist-houten-kist-1-fles","19":"pa_regio-pessac-leognan-bordeaux","20":"land-frankrijk","21":"jaar-334","23":"first","24":"instock","25":"taxable","26":"shipping-taxable","27":"purchasable","28":"product-type-simple"},"jetpack_sharing_enabled":true,"_links":{"self":[{"href":"https:\/\/port2port.be\/de\/wp-json\/wp\/v2\/product\/3839","targetHints":{"allow":["GET"]}}],"collection":[{"href":"https:\/\/port2port.be\/de\/wp-json\/wp\/v2\/product"}],"about":[{"href":"https:\/\/port2port.be\/de\/wp-json\/wp\/v2\/types\/product"}],"wp:featuredmedia":[{"embeddable":true,"href":"https:\/\/port2port.be\/de\/wp-json\/wp\/v2\/media\/3831"}],"wp:attachment":[{"href":"https:\/\/port2port.be\/de\/wp-json\/wp\/v2\/media?parent=3839"}],"wp:term":[{"taxonomy":"product_brand","embeddable":true,"href":"https:\/\/port2port.be\/de\/wp-json\/wp\/v2\/product_brand?post=3839"},{"taxonomy":"product_cat","embeddable":true,"href":"https:\/\/port2port.be\/de\/wp-json\/wp\/v2\/product_cat?post=3839"},{"taxonomy":"product_tag","embeddable":true,"href":"https:\/\/port2port.be\/de\/wp-json\/wp\/v2\/product_tag?post=3839"},{"taxonomy":"land","embeddable":true,"href":"https:\/\/port2port.be\/de\/wp-json\/wp\/v2\/land?post=3839"},{"taxonomy":"jaar","embeddable":true,"href":"https:\/\/port2port.be\/de\/wp-json\/wp\/v2\/jaar?post=3839"}],"curies":[{"name":"wp","href":"https:\/\/api.w.org\/{rel}","templated":true}]}}