{"id":3827,"date":"2026-01-17T20:45:05","date_gmt":"2026-01-17T19:45:05","guid":{"rendered":"https:\/\/port2port.be\/?post_type=product&#038;p=3827"},"modified":"2026-03-26T21:06:37","modified_gmt":"2026-03-26T20:06:37","slug":"2018-chateau-clerc-milon","status":"publish","type":"product","link":"https:\/\/port2port.be\/de\/produkt\/2018-chateau-clerc-milon\/","title":{"rendered":"2018 Ch\u00e2teau Clerc-Milon - Pauillac"},"content":{"rendered":"<h2>Ch\u00e2teau Clerc-Milon 2018 - \u00dcppige Kraft und raffinierte Pauillac-Eleganz<\/h2>\n<h3>Ein reicher und konzentrierter Jahrgang am linken Ufer<\/h3>\n<p>Ch\u00e2teau <a href=\"https:\/\/port2port.be\/de\/produkt\/2015-chateau-clerc-milon\/\">Clerc-Milon<\/a> Der 2018er ist ein tiefgr\u00fcndiger, ausdrucksstarker Pauillac aus einer warmen und sonnigen Wachstumssaison. Der Jahrgang brachte au\u00dfergew\u00f6hnlich reife Fr\u00fcchte, samtige Tannine und eine vollmundige Struktur hervor, ohne dabei Frische und Pr\u00e4zision zu opfern.<\/p>\n<p>Der Stil ist modern und reichhaltig, bleibt aber seinen Pauillac-Wurzeln treu: kr\u00e4ftige Cassisfrucht, Graphit und W\u00fcrze werden von einer harmonischen Struktur perfekt unterst\u00fctzt. Der 2018er ist bereits verf\u00fchrerisch, besitzt aber auch ein ausgezeichnetes Potenzial f\u00fcr eine lange Lagerung im Keller.<\/p>\n<h3>Verkostung<\/h3>\n<ul>\n<li>Tief violettes Rubinrot mit intensivem Kern<\/li>\n<li>Aromen von Cassis, schwarzer Kirsche, Pflaume, Kakao und Zedernholz<\/li>\n<li>Volles und samtiges Mundgef\u00fchl mit reifen, seidigen Tanninen<\/li>\n<li>Langer, kr\u00e4ftiger Abgang mit frischer Pauillac-Spannung<\/li>\n<\/ul>\n<h3>Die Geschichte hinter dem Wein<\/h3>\n<ul>\n<li>Cinqui\u00e8me Grand Cru Class\u00e9 mit ikonischer Signatur<\/li>\n<li>2018 steht f\u00fcr Reife, St\u00e4rke und Reichtum<\/li>\n<li>Perfektes Gleichgewicht zwischen Konzentration und Eleganz<\/li>\n<li>Hervorragend geeignet f\u00fcr eine lange Kellerreifung<\/li>\n<\/ul>","protected":false},"excerpt":{"rendered":"<h2>2018 - Kraftvoller Pauillac mit samtener Tiefe<\/h2>\n<ul>\n<li>Warmer Spitzenjahrgang mit tiefer Fruchtkonzentration.<\/li>\n<li>Samtige Tannine und vollmundige Struktur.<\/li>\n<li>Reichhaltig, modern und perfekt ausgewogen.<\/li>\n<li>Ideal f\u00fcr die Reifung im Keller und f\u00fcr Sammler.<\/li>\n<\/ul>","protected":false},"featured_media":3826,"template":"","meta":{"_seopress_robots_primary_cat":"none","_seopress_titles_title":"Ch\u00e2teau Clerc-Milon 2018 \u2013 Pauillac Grand Cru","_seopress_titles_desc":"Ch\u00e2teau Clerc-Milon 2018 is een krachtige Pauillac met rijp zwart fruit, fluweelzachte tannines en uitstekende bewaarkracht.","_seopress_robots_index":"","iawp_total_views":1},"product_brand":[883],"product_cat":[911,945,374,25],"product_tag":[924,930,927],"land":[40],"jaar":[266],"class_list":{"0":"post-3827","1":"product","2":"type-product","3":"status-publish","4":"has-post-thumbnail","6":"product_brand-clerc-milon","7":"product_cat-bordeaux","8":"product_cat-pauillac","9":"product_cat-rode-wijn","10":"product_cat-wijn","11":"product_tag-bordeaux","12":"product_tag-cabernet-sauvignon","13":"product_tag-pauillac","14":"pa_druivensoort-cabernet-franc","15":"pa_druivensoort-cabernet-sauvignon","16":"pa_druivensoort-merlot","17":"pa_eenheid-750-ml","18":"pa_houten-kist-houten-kist-6-flessen","19":"pa_regio-pauillac-bordeaux","20":"land-frankrijk","21":"jaar-266","23":"first","24":"instock","25":"taxable","26":"shipping-taxable","27":"purchasable","28":"product-type-simple"},"jetpack_sharing_enabled":true,"_links":{"self":[{"href":"https:\/\/port2port.be\/de\/wp-json\/wp\/v2\/product\/3827","targetHints":{"allow":["GET"]}}],"collection":[{"href":"https:\/\/port2port.be\/de\/wp-json\/wp\/v2\/product"}],"about":[{"href":"https:\/\/port2port.be\/de\/wp-json\/wp\/v2\/types\/product"}],"wp:featuredmedia":[{"embeddable":true,"href":"https:\/\/port2port.be\/de\/wp-json\/wp\/v2\/media\/3826"}],"wp:attachment":[{"href":"https:\/\/port2port.be\/de\/wp-json\/wp\/v2\/media?parent=3827"}],"wp:term":[{"taxonomy":"product_brand","embeddable":true,"href":"https:\/\/port2port.be\/de\/wp-json\/wp\/v2\/product_brand?post=3827"},{"taxonomy":"product_cat","embeddable":true,"href":"https:\/\/port2port.be\/de\/wp-json\/wp\/v2\/product_cat?post=3827"},{"taxonomy":"product_tag","embeddable":true,"href":"https:\/\/port2port.be\/de\/wp-json\/wp\/v2\/product_tag?post=3827"},{"taxonomy":"land","embeddable":true,"href":"https:\/\/port2port.be\/de\/wp-json\/wp\/v2\/land?post=3827"},{"taxonomy":"jaar","embeddable":true,"href":"https:\/\/port2port.be\/de\/wp-json\/wp\/v2\/jaar?post=3827"}],"curies":[{"name":"wp","href":"https:\/\/api.w.org\/{rel}","templated":true}]}}