{"id":3816,"date":"2026-01-17T19:35:29","date_gmt":"2026-01-17T18:35:29","guid":{"rendered":"https:\/\/port2port.be\/?post_type=product&#038;p=3816"},"modified":"2026-03-26T21:06:12","modified_gmt":"2026-03-26T20:06:12","slug":"2015-chateau-trotte-vieille","status":"publish","type":"product","link":"https:\/\/port2port.be\/de\/produkt\/2015-chateau-trotte-vieille\/","title":{"rendered":"2015 Ch\u00e2teau Trotte Vieille - Saint-\u00c9milion"},"content":{"rendered":"<h2>Ch\u00e2teau Trotte Vieille 2015 - Tiefe, Pr\u00e4zision und aristokratische Klasse der rechten Seite<\/h2>\n<h3>Ein monumentaler Saint-\u00c9milion aus einem gro\u00dfen Referenzjahr<\/h3>\n<p>Ch\u00e2teau <a href=\"https:\/\/port2port.be\/de\/product\/2022-chateau-trotte-vieille\/\">Trotte Vieille<\/a> Der Jahrgang 2015 geh\u00f6rt zu den absolut besten in Saint-\u00c9milion. Der au\u00dfergew\u00f6hnliche 2015er lieferte Weine mit perfekter Reife, samtigen Tanninen und beeindruckender Konzentration. Dieser Wein verbindet Kraft mit Raffinesse und zeigt ein seltenes Gleichgewicht zwischen Intensit\u00e4t und Eleganz.<\/p>\n<p>Der Stil ist tief und vielschichtig, mit einem kraftvollen Kern, der von frischer Spannung und pr\u00e4ziser Struktur getragen wird. Ein Wein, der jetzt schon gro\u00dfartig ist, aber vor allem dazu bestimmt ist, sich \u00fcber viele Jahrzehnte weiter zu entwickeln.<\/p>\n<h3>Verkostung<\/h3>\n<ul>\n<li>Tief purpurrotes Rubinrot mit undurchsichtigem Kern<\/li>\n<li>Aromen von Schwarzkirsche, Cassis, Pflaume, Graphit und Zedernholz<\/li>\n<li>Kraftvolles und samtiges Mundgef\u00fchl mit perfekt reifen Tanninen<\/li>\n<li>Sehr langer, konzentrierter Abgang mit frischer Mineralit\u00e4t<\/li>\n<\/ul>\n<h3>Die Geschichte hinter dem Wein<\/h3>\n<ul>\n<li>Saint-\u00c9milion Grand Cru Class\u00e9 mit historischem Charme<\/li>\n<li>2015 steht f\u00fcr Reife, Ausgewogenheit und Durchhalteverm\u00f6gen<\/li>\n<li>Kombination aus Tiefe, Pr\u00e4zision und Eleganz<\/li>\n<li>Hergestellt f\u00fcr lange Kellerreifung und Sammlerwert<\/li>\n<\/ul>","protected":false},"excerpt":{"rendered":"<h2>2015 - Gro\u00dfer Wein vom rechten Ufer mit zeitloser Eleganz<\/h2>\n<ul>\n<li>Referenzjahr 2015 mit hoher Konzentration.<\/li>\n<li>Samtige Tannine und beeindruckende Struktur.<\/li>\n<li>Kraftvoll, vielschichtig und perfekt ausgewogen.<\/li>\n<li>Hervorragendes Lagerpotenzial f\u00fcr Sammler.<\/li>\n<\/ul>","protected":false},"featured_media":3814,"template":"","meta":{"_seopress_robots_primary_cat":"none","_seopress_titles_title":"Ch\u00e2teau Trotte Vieille 2015 \u2013 Saint-\u00c9milion Grand Cru","_seopress_titles_desc":"Ch\u00e2teau Trotte Vieille 2015 is een krachtige Saint-\u00c9milion met diepe concentratie, fluweelzachte tannines en groot bewaarpotentieel.","_seopress_robots_index":"","iawp_total_views":0},"product_brand":[874],"product_cat":[911,374,943,25],"product_tag":[924,391,925],"land":[40],"jaar":[59],"class_list":{"0":"post-3816","1":"product","2":"type-product","3":"status-publish","4":"has-post-thumbnail","6":"product_brand-trotte-vieille","7":"product_cat-bordeaux","8":"product_cat-rode-wijn","9":"product_cat-saint-emilion","10":"product_cat-wijn","11":"product_tag-bordeaux","12":"product_tag-premier-grand-cru","13":"product_tag-saint-emilion","14":"pa_druivensoort-cabernet-franc","15":"pa_druivensoort-cabernet-sauvignon","16":"pa_druivensoort-merlot","17":"pa_eenheid-750-ml","18":"pa_houten-kist-houten-kist-6-flessen","19":"pa_regio-bordeaux-saint-emilion","20":"land-frankrijk","21":"jaar-59","23":"first","24":"instock","25":"taxable","26":"shipping-taxable","27":"purchasable","28":"product-type-simple"},"jetpack_sharing_enabled":true,"_links":{"self":[{"href":"https:\/\/port2port.be\/de\/wp-json\/wp\/v2\/product\/3816","targetHints":{"allow":["GET"]}}],"collection":[{"href":"https:\/\/port2port.be\/de\/wp-json\/wp\/v2\/product"}],"about":[{"href":"https:\/\/port2port.be\/de\/wp-json\/wp\/v2\/types\/product"}],"wp:featuredmedia":[{"embeddable":true,"href":"https:\/\/port2port.be\/de\/wp-json\/wp\/v2\/media\/3814"}],"wp:attachment":[{"href":"https:\/\/port2port.be\/de\/wp-json\/wp\/v2\/media?parent=3816"}],"wp:term":[{"taxonomy":"product_brand","embeddable":true,"href":"https:\/\/port2port.be\/de\/wp-json\/wp\/v2\/product_brand?post=3816"},{"taxonomy":"product_cat","embeddable":true,"href":"https:\/\/port2port.be\/de\/wp-json\/wp\/v2\/product_cat?post=3816"},{"taxonomy":"product_tag","embeddable":true,"href":"https:\/\/port2port.be\/de\/wp-json\/wp\/v2\/product_tag?post=3816"},{"taxonomy":"land","embeddable":true,"href":"https:\/\/port2port.be\/de\/wp-json\/wp\/v2\/land?post=3816"},{"taxonomy":"jaar","embeddable":true,"href":"https:\/\/port2port.be\/de\/wp-json\/wp\/v2\/jaar?post=3816"}],"curies":[{"name":"wp","href":"https:\/\/api.w.org\/{rel}","templated":true}]}}