{"id":3805,"date":"2026-01-17T13:33:11","date_gmt":"2026-01-17T12:33:11","guid":{"rendered":"https:\/\/port2port.be\/?post_type=product&#038;p=3805"},"modified":"2026-03-26T21:07:26","modified_gmt":"2026-03-26T20:07:26","slug":"2022-chateau-lascombes-margaux","status":"publish","type":"product","link":"https:\/\/port2port.be\/de\/produkt\/2022-schloss-lascombes-margaux\/","title":{"rendered":"2022 Ch\u00e2teau Lascombes - Margaux"},"content":{"rendered":"<h2>Ch\u00e2teau Lascombes 2022 - Tiefe Konzentration und moderne Margaux-Pr\u00e4zision<\/h2>\n<h3>Ein kraftvoller Jahrgang mit au\u00dfergew\u00f6hnlicher Reife<\/h3>\n<p>Ch\u00e2teau <a href=\"https:\/\/port2port.be\/de\/produkt\/2021-chateau-lascombes-margaux\/\">Lascombes<\/a> 2022 ist ein intensiver und monumentaler Margaux aus einer hei\u00dfen und trockenen Vegetationsperiode. Der Jahrgang lieferte extrem reife und konzentrierte Fr\u00fcchte, kombiniert mit \u00fcberraschender Frische und perfekt reifen Tanninen. Das Ergebnis ist ein Wein mit beeindruckender Kraft und Raffinesse.<\/p>\n<p>Der Stil ist opulent und tiefgr\u00fcndig, aber streng von Struktur und Ausgewogenheit geleitet. Der 2022 zeigt eine moderne Interpretation von Margaux, in der Reichtum, Energie und Pr\u00e4zision zusammenkommen. Ein Wein, der bereits jetzt seine Wirkung entfaltet, aber vor allem f\u00fcr eine lange Lagerung im Keller konzipiert ist.<\/p>\n<h3>Verkostung<\/h3>\n<ul>\n<li>Tiefviolettes Rubinrot mit fast undurchsichtigem Kern<\/li>\n<li>Aromen von Schwarzkirsche, Cassis, Pflaume, Kakao und blumige Nuancen<\/li>\n<li>Kraftvolles und samtiges Mundgef\u00fchl mit perfekt reifen Tanninen<\/li>\n<li>Sehr langer, konzentrierter Abgang mit frischer Spannung<\/li>\n<\/ul>\n<h3>Die Geschichte hinter dem Wein<\/h3>\n<ul>\n<li>Deuxi\u00e8me Grand Cru Class\u00e9 aus einem extremen Jahr<\/li>\n<li>2022 steht f\u00fcr Reife, Konzentration und Energie<\/li>\n<li>Moderner Margaux-Stil mit gro\u00dfer Tiefe<\/li>\n<li>Hervorragende langfristige Lagerf\u00e4higkeit<\/li>\n<\/ul>","protected":false},"excerpt":{"rendered":"<h2>2022 - Kraft und Eleganz in perfekter Balance<\/h2>\n<ul>\n<li>Au\u00dferordentlich konzentrierter Margaux aus hei\u00dfem Spitzenjahrgang.<\/li>\n<li>Reife schwarze Fr\u00fcchte und samtene Tannine.<\/li>\n<li>Modernes, kraftvolles, aber anspruchsvolles Profil.<\/li>\n<li>Ideal f\u00fcr eine lange Reifung im Keller und f\u00fcr Sammler.<\/li>\n<\/ul>","protected":false},"featured_media":3790,"template":"","meta":{"_seopress_robots_primary_cat":"none","_seopress_titles_title":"Ch\u00e2teau Lascombes 2022 \u2013 Margaux Grand Cru Class\u00e9","_seopress_titles_desc":"Ch\u00e2teau Lascombes 2022 is een krachtige Margaux met diepe concentratie, rijp zwart fruit en fluweelzachte tannines. Topjaar met groot potentieel.","_seopress_robots_index":"","iawp_total_views":0},"product_brand":[870],"product_cat":[911,948,374,25],"product_tag":[924,930,941],"land":[40],"jaar":[334],"class_list":{"0":"post-3805","1":"product","2":"type-product","3":"status-publish","4":"has-post-thumbnail","6":"product_brand-lascombes","7":"product_cat-bordeaux","8":"product_cat-margaux","9":"product_cat-rode-wijn","10":"product_cat-wijn","11":"product_tag-bordeaux","12":"product_tag-cabernet-sauvignon","13":"product_tag-margaux","14":"pa_druivensoort-cabernet-sauvignon","15":"pa_druivensoort-merlot","16":"pa_druivensoort-petit-verdot","17":"pa_eenheid-750-ml","18":"pa_houten-kist-houten-kist-6-flessen","19":"pa_regio-margaux-bordeaux","20":"land-frankrijk","21":"jaar-334","23":"first","24":"instock","25":"taxable","26":"shipping-taxable","27":"purchasable","28":"product-type-simple"},"jetpack_sharing_enabled":true,"_links":{"self":[{"href":"https:\/\/port2port.be\/de\/wp-json\/wp\/v2\/product\/3805","targetHints":{"allow":["GET"]}}],"collection":[{"href":"https:\/\/port2port.be\/de\/wp-json\/wp\/v2\/product"}],"about":[{"href":"https:\/\/port2port.be\/de\/wp-json\/wp\/v2\/types\/product"}],"wp:featuredmedia":[{"embeddable":true,"href":"https:\/\/port2port.be\/de\/wp-json\/wp\/v2\/media\/3790"}],"wp:attachment":[{"href":"https:\/\/port2port.be\/de\/wp-json\/wp\/v2\/media?parent=3805"}],"wp:term":[{"taxonomy":"product_brand","embeddable":true,"href":"https:\/\/port2port.be\/de\/wp-json\/wp\/v2\/product_brand?post=3805"},{"taxonomy":"product_cat","embeddable":true,"href":"https:\/\/port2port.be\/de\/wp-json\/wp\/v2\/product_cat?post=3805"},{"taxonomy":"product_tag","embeddable":true,"href":"https:\/\/port2port.be\/de\/wp-json\/wp\/v2\/product_tag?post=3805"},{"taxonomy":"land","embeddable":true,"href":"https:\/\/port2port.be\/de\/wp-json\/wp\/v2\/land?post=3805"},{"taxonomy":"jaar","embeddable":true,"href":"https:\/\/port2port.be\/de\/wp-json\/wp\/v2\/jaar?post=3805"}],"curies":[{"name":"wp","href":"https:\/\/api.w.org\/{rel}","templated":true}]}}