{"id":3800,"date":"2026-01-17T13:08:45","date_gmt":"2026-01-17T12:08:45","guid":{"rendered":"https:\/\/port2port.be\/?post_type=product&#038;p=3800"},"modified":"2026-03-26T21:06:16","modified_gmt":"2026-03-26T20:06:16","slug":"2016-chateau-lascombes-margaux","status":"publish","type":"product","link":"https:\/\/port2port.be\/de\/produkt\/2016-chateau-lascombes-margaux\/","title":{"rendered":"2016 Ch\u00e2teau Lascombes - Margaux"},"content":{"rendered":"<h2>Ch\u00e2teau Lascombes 2016 - Raffinierte Kraft und klassische Margaux-Eleganz<\/h2>\n<h3>Ein gro\u00dfartiges Referenzjahr in perfekter Balance<\/h3>\n<p>Ch\u00e2teau <a href=\"https:\/\/port2port.be\/de\/produkt\/2015-chateau-lascombes-margaux\/\">Lascombes<\/a> Der 2016er geh\u00f6rt zu den absolut besten Weinen von Margaux in einem der gr\u00f6\u00dften Bordeaux-Jahrg\u00e4nge der letzten Jahrzehnte. Der Jahrgang verbindet perfekte Reife mit Frische und Struktur, was zu einem Wein f\u00fchrt, der sowohl kraftvoll als auch au\u00dfergew\u00f6hnlich raffiniert ist.<\/p>\n<p>Der Stil ist harmonisch und vielschichtig: reife dunkle Fr\u00fcchte, seidige Tannine und elegante Holzintegration sorgen f\u00fcr einen Wein mit sofortigem Charme und beeindruckendem Alterungspotenzial. Der 2016er gilt weithin als klassischer Jahrgang mit moderner Pr\u00e4zision.<\/p>\n<h3>Verkostung<\/h3>\n<ul>\n<li>Tiefes Rubinrot mit violetten Reflexen<\/li>\n<li>Aromen von schwarzer Kirsche, Cassis, Veilchen, Kakao und Zedernholz<\/li>\n<li>Volles, aber raffiniertes Mundgef\u00fchl mit perfekt reifen Tanninen<\/li>\n<li>Langer, frischer Abgang mit eleganter Spannung<\/li>\n<\/ul>\n<h3>Die Geschichte hinter dem Wein<\/h3>\n<ul>\n<li>Deuxi\u00e8me Grand Cru Class\u00e9 aus Margaux<\/li>\n<li>2016 steht f\u00fcr Ausgewogenheit, Pr\u00e4zision und Durchhalteverm\u00f6gen<\/li>\n<li>Klassische Margaux-All\u00fcren mit moderner Finesse<\/li>\n<li>Hervorragend geeignet f\u00fcr eine lange Kellerreifung<\/li>\n<\/ul>","protected":false},"excerpt":{"rendered":"<h2>2016 - Ein Referenzjahr f\u00fcr Margaux<\/h2>\n<ul>\n<li>Spitzenjahrgang 2016 mit perfekter Balance und Tiefe.<\/li>\n<li>Reife Frucht, raffinierte Struktur und elegante Tannine.<\/li>\n<li>Klassischer Margaux mit moderner Pr\u00e4zision.<\/li>\n<li>Ideal f\u00fcr Keller und Sammler.<\/li>\n<\/ul>","protected":false},"featured_media":3790,"template":"","meta":{"_seopress_robots_primary_cat":"none","_seopress_titles_title":"Ch\u00e2teau Lascombes 2016 \u2013 Margaux Grand Cru Class\u00e9","_seopress_titles_desc":"Ch\u00e2teau Lascombes 2016 is een klassieke Margaux uit een topjaar met rijp fruit, verfijnde tannines en uitstekend bewaarpotentieel.","_seopress_robots_index":"","iawp_total_views":2},"product_brand":[870],"product_cat":[911,948,374,25],"product_tag":[924,930,941],"land":[40],"jaar":[263],"class_list":{"0":"post-3800","1":"product","2":"type-product","3":"status-publish","4":"has-post-thumbnail","6":"product_brand-lascombes","7":"product_cat-bordeaux","8":"product_cat-margaux","9":"product_cat-rode-wijn","10":"product_cat-wijn","11":"product_tag-bordeaux","12":"product_tag-cabernet-sauvignon","13":"product_tag-margaux","14":"pa_druivensoort-cabernet-sauvignon","15":"pa_druivensoort-merlot","16":"pa_druivensoort-petit-verdot","17":"pa_eenheid-750-ml","18":"pa_houten-kist-houten-kist-6-flessen","19":"pa_regio-margaux-bordeaux","20":"land-frankrijk","21":"jaar-263","23":"first","24":"instock","25":"taxable","26":"shipping-taxable","27":"purchasable","28":"product-type-simple"},"jetpack_sharing_enabled":true,"_links":{"self":[{"href":"https:\/\/port2port.be\/de\/wp-json\/wp\/v2\/product\/3800","targetHints":{"allow":["GET"]}}],"collection":[{"href":"https:\/\/port2port.be\/de\/wp-json\/wp\/v2\/product"}],"about":[{"href":"https:\/\/port2port.be\/de\/wp-json\/wp\/v2\/types\/product"}],"wp:featuredmedia":[{"embeddable":true,"href":"https:\/\/port2port.be\/de\/wp-json\/wp\/v2\/media\/3790"}],"wp:attachment":[{"href":"https:\/\/port2port.be\/de\/wp-json\/wp\/v2\/media?parent=3800"}],"wp:term":[{"taxonomy":"product_brand","embeddable":true,"href":"https:\/\/port2port.be\/de\/wp-json\/wp\/v2\/product_brand?post=3800"},{"taxonomy":"product_cat","embeddable":true,"href":"https:\/\/port2port.be\/de\/wp-json\/wp\/v2\/product_cat?post=3800"},{"taxonomy":"product_tag","embeddable":true,"href":"https:\/\/port2port.be\/de\/wp-json\/wp\/v2\/product_tag?post=3800"},{"taxonomy":"land","embeddable":true,"href":"https:\/\/port2port.be\/de\/wp-json\/wp\/v2\/land?post=3800"},{"taxonomy":"jaar","embeddable":true,"href":"https:\/\/port2port.be\/de\/wp-json\/wp\/v2\/jaar?post=3800"}],"curies":[{"name":"wp","href":"https:\/\/api.w.org\/{rel}","templated":true}]}}