{"id":3797,"date":"2026-01-17T13:08:25","date_gmt":"2026-01-17T12:08:25","guid":{"rendered":"https:\/\/port2port.be\/?post_type=product&#038;p=3797"},"modified":"2026-03-26T21:06:11","modified_gmt":"2026-03-26T20:06:11","slug":"2015-chateau-lascombes-margaux","status":"publish","type":"product","link":"https:\/\/port2port.be\/de\/produkt\/2015-chateau-lascombes-margaux\/","title":{"rendered":"2015 Ch\u00e2teau Lascombes - Margaux"},"content":{"rendered":"<h2>Ch\u00e2teau Lascombes 2015 - \u00dcppiger Margaux mit Kraft und Charme<\/h2>\n<h3>Ein reicher und ausdrucksstarker Grand Cru aus einem Spitzenjahrgang<\/h3>\n<p>Ch\u00e2teau <a href=\"https:\/\/port2port.be\/de\/produkt\/2022-schloss-lascombes-margaux\/\">Lascombes<\/a> 2015 ist ein voller und verf\u00fchrerischer Margaux, in dem sich Reife, Struktur und Eleganz vereinen. Der au\u00dfergew\u00f6hnliche Bordeaux-Jahrgang 2015 lieferte Weine mit Konzentration und samtigen Tanninen, die sich perfekt in diesem vielschichtigen und gro\u00dfz\u00fcgigen Stil widerspiegeln.<\/p>\n<p>Der Wein zeigt eine moderne Interpretation des Margaux: intensive Frucht, eine cremige Textur und eine kraftvolle, aber zug\u00e4ngliche Struktur. Ideal f\u00fcr Liebhaber reicher Bordeaux-Weine mit sofortiger Anziehungskraft und Lagerpotenzial.<\/p>\n<h3>Verkostung<\/h3>\n<ul>\n<li>Tiefes Rubinrot mit violetten Reflexen<\/li>\n<li>Aromen von schwarzer Kirsche, Pflaume, Kakao, Vanille und subtilen Gew\u00fcrzen<\/li>\n<li>Volles und rundes Mundgef\u00fchl mit samtigen Tanninen<\/li>\n<li>Langer, warmer Abgang mit eleganter Holzintegration<\/li>\n<\/ul>\n<h3>Die Geschichte hinter dem Wein<\/h3>\n<ul>\n<li>Deuxi\u00e8me Grand Cru Class\u00e9 aus Margaux<\/li>\n<li>2015 steht f\u00fcr Reife, Ausgewogenheit und Sanftheit<\/li>\n<li>Moderner Stil mit klassischer Margaux-Atmosph\u00e4re<\/li>\n<li>Geeignet f\u00fcr sofortige und weitere Reifung<\/li>\n<\/ul>","protected":false},"excerpt":{"rendered":"<h2>2015 - Reichhaltiger Margaux mit verf\u00fchrerischer Finesse<\/h2>\n<ul>\n<li>Spitzenjahrgang 2015 mit reifer Frucht und weichen Tanninen.<\/li>\n<li>Vollmundiger, moderner Margaux-Stil.<\/li>\n<li>Cremiges Mundgef\u00fchl mit langem Abgang.<\/li>\n<li>Ideal f\u00fcr Liebhaber eines kr\u00e4ftigen Bordeaux.<\/li>\n<\/ul>","protected":false},"featured_media":3790,"template":"","meta":{"_seopress_robots_primary_cat":"none","_seopress_titles_title":"Ch\u00e2teau Lascombes 2015 \u2013 Margaux Grand Cru Class\u00e9","_seopress_titles_desc":"Ch\u00e2teau Lascombes 2015 is een rijke Margaux met rijp fruit, fluweelzachte tannines en lange afdronk. Grand Cru Class\u00e9 uit topjaar 2015.","_seopress_robots_index":"","iawp_total_views":0},"product_brand":[870],"product_cat":[911,948,374,25],"product_tag":[924,930,941],"land":[40],"jaar":[59],"class_list":{"0":"post-3797","1":"product","2":"type-product","3":"status-publish","4":"has-post-thumbnail","6":"product_brand-lascombes","7":"product_cat-bordeaux","8":"product_cat-margaux","9":"product_cat-rode-wijn","10":"product_cat-wijn","11":"product_tag-bordeaux","12":"product_tag-cabernet-sauvignon","13":"product_tag-margaux","14":"pa_druivensoort-cabernet-sauvignon","15":"pa_druivensoort-merlot","16":"pa_druivensoort-petit-verdot","17":"pa_eenheid-750-ml","18":"pa_houten-kist-houten-kist-6-flessen","19":"pa_regio-margaux-bordeaux","20":"land-frankrijk","21":"jaar-59","23":"first","24":"instock","25":"taxable","26":"shipping-taxable","27":"purchasable","28":"product-type-simple"},"jetpack_sharing_enabled":true,"_links":{"self":[{"href":"https:\/\/port2port.be\/de\/wp-json\/wp\/v2\/product\/3797","targetHints":{"allow":["GET"]}}],"collection":[{"href":"https:\/\/port2port.be\/de\/wp-json\/wp\/v2\/product"}],"about":[{"href":"https:\/\/port2port.be\/de\/wp-json\/wp\/v2\/types\/product"}],"wp:featuredmedia":[{"embeddable":true,"href":"https:\/\/port2port.be\/de\/wp-json\/wp\/v2\/media\/3790"}],"wp:attachment":[{"href":"https:\/\/port2port.be\/de\/wp-json\/wp\/v2\/media?parent=3797"}],"wp:term":[{"taxonomy":"product_brand","embeddable":true,"href":"https:\/\/port2port.be\/de\/wp-json\/wp\/v2\/product_brand?post=3797"},{"taxonomy":"product_cat","embeddable":true,"href":"https:\/\/port2port.be\/de\/wp-json\/wp\/v2\/product_cat?post=3797"},{"taxonomy":"product_tag","embeddable":true,"href":"https:\/\/port2port.be\/de\/wp-json\/wp\/v2\/product_tag?post=3797"},{"taxonomy":"land","embeddable":true,"href":"https:\/\/port2port.be\/de\/wp-json\/wp\/v2\/land?post=3797"},{"taxonomy":"jaar","embeddable":true,"href":"https:\/\/port2port.be\/de\/wp-json\/wp\/v2\/jaar?post=3797"}],"curies":[{"name":"wp","href":"https:\/\/api.w.org\/{rel}","templated":true}]}}