{"id":3788,"date":"2026-01-11T21:05:04","date_gmt":"2026-01-11T20:05:04","guid":{"rendered":"https:\/\/port2port.be\/?post_type=product&#038;p=3788"},"modified":"2026-03-26T21:06:38","modified_gmt":"2026-03-26T20:06:38","slug":"2018-chateau-ducru-beaucaillou-saint-julien-magnum-15-l","status":"publish","type":"product","link":"https:\/\/port2port.be\/de\/produkt\/2018-chateau-ducru-beaucaillou-saint-julien-magnum-15-l\/","title":{"rendered":"2018 Ch\u00e2teau Ducru-Beaucaillou Magnum (1,5 L) - Saint-Julien"},"content":{"rendered":"<h2>Ducru-Beaucaillou 2018 Magnum - Gro\u00dfes Format, gro\u00dfer Bordeaux<\/h2>\n<h3>Ein monumentaler Saint-Julien aus einem starken Jahrgang<\/h3>\n<p>Ch\u00e2teau Ducru-Beaucaillou 2018 ist ein beeindruckender und vielschichtiger Saint-Julien, in dem Kraft, Reife und Eleganz zusammenkommen. Der Jahrgang 2018 brachte intensive Konzentration, reife schwarze Fr\u00fcchte und eine samtige Struktur hervor. Im Magnum-Format kommt dieser Wein noch besser zur Geltung, mit einer noch harmonischeren Reifung und zus\u00e4tzlichem Lagerungspotenzial.<\/p>\n<p>Der Stil ist reichhaltig und ausdrucksstark, aber perfekt ausgewogen. Die Magnumflasche (1,5 Liter) bietet eine langsamere Entwicklung, so dass sich Finesse und Komplexit\u00e4t im Laufe der Jahre noch besser entfalten k\u00f6nnen.<\/p>\n<h3>Verkostung<\/h3>\n<ul>\n<li>Tiefes undurchsichtiges Rubinrot mit violettem Kern<\/li>\n<li>Aromen von Cassis, Schwarzkirsche, Graphit, Kakao und Edelholz<\/li>\n<li>Volles und kraftvolles Mundgef\u00fchl mit seidigen, reifen Tanninen<\/li>\n<li>Sehr langer, konzentrierter Abgang mit frischer Spannung<\/li>\n<\/ul>\n<h3>Die Geschichte hinter dem Wein<\/h3>\n<ul>\n<li>Spitzenjahrgang 2018: Kraft, Reife und Struktur<\/li>\n<li>Magnum-Gr\u00f6\u00dfe (1,5 l) f\u00fcr optimale Reifung<\/li>\n<li>Klassischer Saint-Julien mit moderner Pr\u00e4zision<\/li>\n<li>Hervorragend geeignet f\u00fcr eine lange Kellerreifung und besondere Momente<\/li>\n<\/ul>","protected":false},"excerpt":{"rendered":"<h2>2018 Magnum - Intensit\u00e4t und Eleganz im Gro\u00dfformat<\/h2>\n<ul>\n<li>Kraftvoller Saint-Julien aus warmem und konzentriertem Jahr.<\/li>\n<li>Magnum (1,5 l) f\u00fcr eine langsamere, harmonischere Reifung.<\/li>\n<li>Reife schwarze Fr\u00fcchte und samtene Tannine.<\/li>\n<li>Ideal f\u00fcr Keller, Festessen und Sammler.<\/li>\n<\/ul>","protected":false},"featured_media":3783,"template":"","meta":{"_seopress_robots_primary_cat":"none","_seopress_titles_title":"Ducru-Beaucaillou 2018 Magnum \u2013 Saint-Julien Grand Cru","_seopress_titles_desc":"Ducru-Beaucaillou 2018 Magnum is een krachtige Saint-Julien met rijp zwart fruit, fluweelzachte tannines en uitzonderlijk bewaarpotentieel.","_seopress_robots_index":"","iawp_total_views":1},"product_brand":[867],"product_cat":[911,374,946,25],"product_tag":[924,930,928],"land":[40],"jaar":[266],"class_list":{"0":"post-3788","1":"product","2":"type-product","3":"status-publish","4":"has-post-thumbnail","6":"product_brand-ducru-beaucaillou","7":"product_cat-bordeaux","8":"product_cat-rode-wijn","9":"product_cat-saint-julien","10":"product_cat-wijn","11":"product_tag-bordeaux","12":"product_tag-cabernet-sauvignon","13":"product_tag-saint-julien","14":"land-frankrijk","15":"jaar-266","17":"first","18":"instock","19":"taxable","20":"shipping-taxable","21":"purchasable","22":"product-type-simple"},"jetpack_sharing_enabled":true,"_links":{"self":[{"href":"https:\/\/port2port.be\/de\/wp-json\/wp\/v2\/product\/3788","targetHints":{"allow":["GET"]}}],"collection":[{"href":"https:\/\/port2port.be\/de\/wp-json\/wp\/v2\/product"}],"about":[{"href":"https:\/\/port2port.be\/de\/wp-json\/wp\/v2\/types\/product"}],"wp:featuredmedia":[{"embeddable":true,"href":"https:\/\/port2port.be\/de\/wp-json\/wp\/v2\/media\/3783"}],"wp:attachment":[{"href":"https:\/\/port2port.be\/de\/wp-json\/wp\/v2\/media?parent=3788"}],"wp:term":[{"taxonomy":"product_brand","embeddable":true,"href":"https:\/\/port2port.be\/de\/wp-json\/wp\/v2\/product_brand?post=3788"},{"taxonomy":"product_cat","embeddable":true,"href":"https:\/\/port2port.be\/de\/wp-json\/wp\/v2\/product_cat?post=3788"},{"taxonomy":"product_tag","embeddable":true,"href":"https:\/\/port2port.be\/de\/wp-json\/wp\/v2\/product_tag?post=3788"},{"taxonomy":"land","embeddable":true,"href":"https:\/\/port2port.be\/de\/wp-json\/wp\/v2\/land?post=3788"},{"taxonomy":"jaar","embeddable":true,"href":"https:\/\/port2port.be\/de\/wp-json\/wp\/v2\/jaar?post=3788"}],"curies":[{"name":"wp","href":"https:\/\/api.w.org\/{rel}","templated":true}]}}