{"id":3771,"date":"2026-01-11T16:53:02","date_gmt":"2026-01-11T15:53:02","guid":{"rendered":"https:\/\/port2port.be\/?post_type=product&#038;p=3771"},"modified":"2026-03-26T21:06:56","modified_gmt":"2026-03-26T20:06:56","slug":"2019-chateau-saint-georges-cote-pavie-saint-emilion-grand-cru-france","status":"publish","type":"product","link":"https:\/\/port2port.be\/de\/produkt\/2019-chateau-saint-georges-cote-pavie-saint-emilion-grand-cru-france\/","title":{"rendered":"2019 Ch\u00e2teau Saint-Georges C\u00f4te Pavie Grand Cru - Saint-\u00c9milion"},"content":{"rendered":"<h2>Ch\u00e2teau Saint-Georges C\u00f4te Pavie 2019 - Tiefe, Eleganz und Klasse des rechten Ufers<\/h2>\n<h3>Ein Grand Cru mit Charakter und Pr\u00e4zision<\/h3>\n<p>Der Ch\u00e2teau Saint-Georges C\u00f4te Pavie 2019 ist ein raffinierter und kraftvoller Saint-\u00c9milion Grand Cru von den Kalk- und Lehmh\u00fcgeln am Rande des prestigetr\u00e4chtigen Plateaus von Pavie. Der Jahrgang 2019 verbindet Reife mit Frische und liefert einen ausdrucksstarken und harmonischen Wein.<\/p>\n<p>Der Stil ist klassisch rechtsufrig: reiche Frucht, weiche Tannine und eine elegante Struktur. Gleichzeitig zeigt der 2019er eine moderne Pr\u00e4zision, mit perfekter Balance und einem bemerkenswert sauberen Abgang. Ein Wein, der jetzt bezaubert, aber auch wunderbar altern wird.<\/p>\n<h3>Verkostung<\/h3>\n<ul>\n<li>Tiefes Rubinrot mit violetten Reflexen<\/li>\n<li>Aromen von reifen Pflaumen, schwarzen Kirschen, Kakao und subtilen Gew\u00fcrzen<\/li>\n<li>Rundes und samtiges Mundgef\u00fchl mit feinen Tanninen<\/li>\n<li>Langer, eleganter Abgang mit frischer Spannung<\/li>\n<\/ul>\n<h3>Die Geschichte hinter dem Wein<\/h3>\n<ul>\n<li>Saint-\u00c9milion Grand Cru aus Kalkstein- und Lehmb\u00f6den<\/li>\n<li>Jahrgang 2019: reif, ausgewogen und zug\u00e4nglich<\/li>\n<li>Typischer rechtsrheinischer Stil mit Schwerpunkt auf Finesse<\/li>\n<li>Geeignet sowohl f\u00fcr unmittelbare Erfahrungen als auch f\u00fcr die weitere Reifung<\/li>\n<\/ul>","protected":false},"excerpt":{"rendered":"<h2>2019 - Harmonischer Saint-\u00c9milion mit raffinierter Kraft<\/h2>\n<ul>\n<li>Saint-\u00c9milion Grand Cru aus einem hervorragenden Jahr.<\/li>\n<li>Reiche Frucht, weiche Tannine und elegante Struktur.<\/li>\n<li>Jetzt zug\u00e4nglich, mit sch\u00f6nem Lagerpotenzial.<\/li>\n<li>Ideal f\u00fcr Liebhaber klassischer Weine des rechten Ufers.<\/li>\n<\/ul>","protected":false},"featured_media":3770,"template":"","meta":{"_seopress_robots_primary_cat":"","_seopress_titles_title":"Ch\u00e2teau Saint-Georges C\u00f4te Pavie 2019 \u2013 Saint-\u00c9milion GC","_seopress_titles_desc":"Ch\u00e2teau Saint-Georges C\u00f4te Pavie 2019 is een elegante Saint-\u00c9milion Grand Cru met rijp fruit, zachte tannines en een verfijnde, lange afdronk.","_seopress_robots_index":"","iawp_total_views":1},"product_brand":[821],"product_cat":[911,374,943,25],"product_tag":[925],"land":[40],"jaar":[37],"class_list":{"0":"post-3771","1":"product","2":"type-product","3":"status-publish","4":"has-post-thumbnail","6":"product_brand-chateau-saint-georges-cote-pavie","7":"product_cat-bordeaux","8":"product_cat-rode-wijn","9":"product_cat-saint-emilion","10":"product_cat-wijn","11":"product_tag-saint-emilion","12":"pa_druivensoort-cabernet-franc","13":"pa_druivensoort-merlot","14":"pa_eenheid-750-ml","15":"pa_houten-kist-houten-kist-6-flessen","16":"pa_regio-bordeaux-saint-emilion","17":"land-frankrijk","18":"jaar-37","20":"first","21":"instock","22":"taxable","23":"shipping-taxable","24":"purchasable","25":"product-type-simple"},"jetpack_sharing_enabled":true,"_links":{"self":[{"href":"https:\/\/port2port.be\/de\/wp-json\/wp\/v2\/product\/3771","targetHints":{"allow":["GET"]}}],"collection":[{"href":"https:\/\/port2port.be\/de\/wp-json\/wp\/v2\/product"}],"about":[{"href":"https:\/\/port2port.be\/de\/wp-json\/wp\/v2\/types\/product"}],"wp:featuredmedia":[{"embeddable":true,"href":"https:\/\/port2port.be\/de\/wp-json\/wp\/v2\/media\/3770"}],"wp:attachment":[{"href":"https:\/\/port2port.be\/de\/wp-json\/wp\/v2\/media?parent=3771"}],"wp:term":[{"taxonomy":"product_brand","embeddable":true,"href":"https:\/\/port2port.be\/de\/wp-json\/wp\/v2\/product_brand?post=3771"},{"taxonomy":"product_cat","embeddable":true,"href":"https:\/\/port2port.be\/de\/wp-json\/wp\/v2\/product_cat?post=3771"},{"taxonomy":"product_tag","embeddable":true,"href":"https:\/\/port2port.be\/de\/wp-json\/wp\/v2\/product_tag?post=3771"},{"taxonomy":"land","embeddable":true,"href":"https:\/\/port2port.be\/de\/wp-json\/wp\/v2\/land?post=3771"},{"taxonomy":"jaar","embeddable":true,"href":"https:\/\/port2port.be\/de\/wp-json\/wp\/v2\/jaar?post=3771"}],"curies":[{"name":"wp","href":"https:\/\/api.w.org\/{rel}","templated":true}]}}