{"id":3768,"date":"2026-01-11T16:21:40","date_gmt":"2026-01-11T15:21:40","guid":{"rendered":"https:\/\/port2port.be\/?post_type=product&#038;p=3768"},"modified":"2026-03-26T21:06:40","modified_gmt":"2026-03-26T20:06:40","slug":"2018-chateau-dyquem-sauternes-france","status":"publish","type":"product","link":"https:\/\/port2port.be\/de\/produkt\/2018-chateau-dyquem-sauternes-frankreich\/","title":{"rendered":"2018 Ch\u00e2teau d'Yquem - Sauternes"},"content":{"rendered":"<h2>Ch\u00e2teau d'Yquem 2018 - Reichtum, Pr\u00e4zision und zeitlose Eleganz<\/h2>\n<h3>Ein gro\u00dfartiges Jahr von nie dagewesener Intensit\u00e4t<\/h3>\n<p>Ch\u00e2teau <a href=\"https:\/\/port2port.be\/de\/produkt\/2017-chateau-dyquem-sauternes-frankreich\/\">d'Yquem<\/a> 2018 ist ein monumentaler Sauternes, bei dem Kraft und Raffinesse perfekt zusammenkommen. Das Jahr war gepr\u00e4gt von W\u00e4rme und Reife, gefolgt von idealen Bedingungen f\u00fcr die Edelf\u00e4ule. Das Ergebnis ist ein Wein mit beeindruckender Konzentration, aber gleichzeitig mit au\u00dfergew\u00f6hnlicher Frische und Eleganz.<\/p>\n<p>Der Jahrgang 2018 ist als ausdrucksstarker und opulenter Wein bekannt, der sich durch Tiefe, aromatischen Reichtum und Ausgewogenheit auszeichnet. Dieser Wein ist schon jetzt verlockend, aber er wird sich \u00fcber viele Jahrzehnte weiter entfalten.<\/p>\n<h3>Verkostung<\/h3>\n<ul>\n<li>Intensives Goldgelb mit warmen bernsteinfarbenen Reflexen<\/li>\n<li>Aromen von Honig, reifen Aprikosen, Ananas, Safran und kandierten Zitrusfr\u00fcchten<\/li>\n<li>Volles und seidiges Mundgef\u00fchl mit perfekter Spannung<\/li>\n<li>Sehr langer, luxuri\u00f6ser Abgang mit frischer Pr\u00e4zision<\/li>\n<\/ul>\n<h3>Die Geschichte hinter dem Wein<\/h3>\n<ul>\n<li>Einer der konzentriertesten Ausdr\u00fccke des modernen Sauternes<\/li>\n<li>Perfektes Gleichgewicht zwischen S\u00fc\u00dfe, S\u00e4ure und aromatischer Tiefe<\/li>\n<li>Nur abgef\u00fcllt, wenn absolute Qualit\u00e4t erreicht ist<\/li>\n<li>Ein Wein mit dem Potenzial, mehr als ein Jahrhundert lang zu reifen<\/li>\n<\/ul>","protected":false},"excerpt":{"rendered":"<h2>2018 - \u00dcppige Leistung mit raffinierter Eleganz<\/h2>\n<ul>\n<li>Reichhaltiger und konzentrierter Sauternes aus einem warmen Jahrgang.<\/li>\n<li>Intensive Aromen von Honig, Fr\u00fcchten und Gew\u00fcrzen.<\/li>\n<li>Seidig weiches Mundgef\u00fchl mit frischem, langem Abgang.<\/li>\n<li>Ikonische Lagerflasche mit au\u00dfergew\u00f6hnlichem Alterungspotenzial.<\/li>\n<\/ul>","protected":false},"featured_media":3760,"template":"","meta":{"_seopress_robots_primary_cat":"none","_seopress_titles_title":"Ch\u00e2teau d\u2019Yquem 2018 \u2013 Premier Cru Sup\u00e9rieur Sauternes","_seopress_titles_desc":"Ch\u00e2teau d\u2019Yquem 2018 is een rijke en elegante Sauternes met honing, rijp fruit en grote diepte. Iconische zoete wijn met uitzonderlijk bewaarpotentieel.","_seopress_robots_index":"","iawp_total_views":0},"product_brand":[854],"product_cat":[634,952,25],"product_tag":[],"land":[40],"jaar":[266],"class_list":{"0":"post-3768","1":"product","2":"type-product","3":"status-publish","4":"has-post-thumbnail","6":"product_brand-chateau-dyquem","7":"product_cat-dessertwijnen","8":"product_cat-sauternes","9":"product_cat-wijn","10":"pa_druivensoort-sauvignon-blanc","11":"pa_druivensoort-semillon","12":"pa_eenheid-750-ml","13":"pa_regio-sauternes-bordeaux","14":"land-frankrijk","15":"jaar-266","17":"first","18":"instock","19":"taxable","20":"shipping-taxable","21":"purchasable","22":"product-type-simple"},"jetpack_sharing_enabled":true,"_links":{"self":[{"href":"https:\/\/port2port.be\/de\/wp-json\/wp\/v2\/product\/3768","targetHints":{"allow":["GET"]}}],"collection":[{"href":"https:\/\/port2port.be\/de\/wp-json\/wp\/v2\/product"}],"about":[{"href":"https:\/\/port2port.be\/de\/wp-json\/wp\/v2\/types\/product"}],"wp:featuredmedia":[{"embeddable":true,"href":"https:\/\/port2port.be\/de\/wp-json\/wp\/v2\/media\/3760"}],"wp:attachment":[{"href":"https:\/\/port2port.be\/de\/wp-json\/wp\/v2\/media?parent=3768"}],"wp:term":[{"taxonomy":"product_brand","embeddable":true,"href":"https:\/\/port2port.be\/de\/wp-json\/wp\/v2\/product_brand?post=3768"},{"taxonomy":"product_cat","embeddable":true,"href":"https:\/\/port2port.be\/de\/wp-json\/wp\/v2\/product_cat?post=3768"},{"taxonomy":"product_tag","embeddable":true,"href":"https:\/\/port2port.be\/de\/wp-json\/wp\/v2\/product_tag?post=3768"},{"taxonomy":"land","embeddable":true,"href":"https:\/\/port2port.be\/de\/wp-json\/wp\/v2\/land?post=3768"},{"taxonomy":"jaar","embeddable":true,"href":"https:\/\/port2port.be\/de\/wp-json\/wp\/v2\/jaar?post=3768"}],"curies":[{"name":"wp","href":"https:\/\/api.w.org\/{rel}","templated":true}]}}