{"id":3675,"date":"2025-11-10T16:09:22","date_gmt":"2025-11-10T15:09:22","guid":{"rendered":"https:\/\/port2port.be\/?post_type=product&#038;p=3675"},"modified":"2026-03-26T21:05:30","modified_gmt":"2026-03-26T20:05:30","slug":"taylor-fladgate-limited-editions-scion-single-harvest-port","status":"publish","type":"product","link":"https:\/\/port2port.be\/de\/produkt\/taylor-fladgate-limited-editions-scion-single-harvest-port\/","title":{"rendered":"1855 Taylor Fladgate Scion Jahrgangsport - Douro"},"content":{"rendered":"<h2>Scion \u2013 Ein unsterblicher Portwein aus einer vergessenen Zeit<\/h2>\n<h3>Die Seele des Douro, seit Beginn des 19. Jahrhunderts bewahrt<\/h3>\n<p>Die <a href=\"https:\/\/port2port.be\/de\/produkt\/taylor-fladgate-limited-editions-1863-single-harvest-port\/\">Taylor Fladgate<\/a> Scion ist kein gew\u00f6hnlicher Wein, kein gew\u00f6hnlicher Portwein. Es ist ein Meisterwerk, das die Zeit \u00fcberdauert hat. Urspr\u00fcnglich im ersten Viertel des 19. Jahrhunderts, vor der verheerenden Reblausplage, geerntet, reifte dieser Portwein mehr als anderthalb Jahrhunderte lang ungest\u00f6rt in Eichenf\u00e4ssern. Im Jahr 2008 entdeckte Taylor Fladgate diesen Wein in einem abgelegenen Keller \u2013 perfekt konserviert und von unvergleichlicher Qualit\u00e4t. Als \u2018Scion\u2019 abgef\u00fcllt, wurde er zu einer Hommage an das Handwerk, das Erbe und das Geheimnis gro\u00dfer Portweine.<\/p>\n<h3>Verkostung<\/h3>\n<ul>\n<li>Dunkles Mahagoni mit gr\u00fcnbraunen Schattierungen \u2013 eine Farbe, gepr\u00e4gt von ewiger Ruhe<\/li>\n<li>Intensiver Duft nach Walnuss, altem Holz, kandierten Zitrusfr\u00fcchten, Balsamico und antikem Leder<\/li>\n<li>Elegant und komplex \u2013 jedes Detail sanft ausgepr\u00e4gt, wie ein Fl\u00fcstern aus der Vergangenheit<\/li>\n<li>Ein endloser Nachhall, der nachklingt wie ein Echo vergangener Generationen.<\/li>\n<\/ul>\n<h3>Die Geschichte hinter dem Wein<\/h3>\n<ul>\n<li>Scion bedeutet \u2018Nachkomme\u2019: eine direkte Verbindung zur Zeit vor der Reblausplage.<\/li>\n<li>In einem vergessenen Keller in perfektem Zustand gefunden, abgef\u00fcllt im Jahr 2010.<\/li>\n<li>Nur eine \u00e4u\u00dferst begrenzte Anzahl von Flaschen weltweit verf\u00fcgbar<\/li>\n<li>Geliefert in einer ma\u00dfgeschneiderten Holzpr\u00e4sentationsbox mit Glasglocke und Zertifikat<\/li>\n<\/ul>","protected":false},"excerpt":{"rendered":"<h2>Scion \u2013 Ein lebendiges Denkmal der Portweingeschichte<\/h2>\n<ul>\n<li>Einzigartiger Pre-Phylloxera-Portwein \u2013 \u00fcber 150 Jahre im Fass gereift, jetzt als Scion erh\u00e4ltlich.<\/li>\n<li>Abgef\u00fclltes Kulturerbe \u2013 weltweit nur eine Handvoll Flaschen, jede mit Glasglocke und Zertifikat.<\/li>\n<li>Dunkel, intensiv und seidig weich \u2013 Aromen aus Jahrhunderten in einem einzigen Glas.<\/li>\n<li>F\u00fcr Sammler, Kenner und alle, die Wein mit Bedeutung und Seele suchen.<\/li>\n<\/ul>","protected":false},"featured_media":3658,"template":"","meta":{"_seopress_robots_primary_cat":"none","_seopress_titles_title":"Taylor Fladgate Scion Port \u2013 Meest Exclusieve Port Ooit","_seopress_titles_desc":"Taylor Fladgate Scion \u2013 pre-phylloxera port met meer dan 150 jaar rijping. Collector\u2019s edition met stolp en houten kist. Uniek in de wereld.","_seopress_robots_index":"","iawp_total_views":13},"product_brand":[368],"product_cat":[22,71],"product_tag":[936,920,914],"land":[41],"jaar":[838],"class_list":{"0":"post-3675","1":"product","2":"type-product","3":"status-publish","4":"has-post-thumbnail","6":"product_brand-taylors","7":"product_cat-porto","8":"product_cat-vintage","9":"product_tag-douro-valley","10":"product_tag-taylor-fladgate-port","11":"product_tag-vintage-port","12":"pa_druivensoort-tinta-barroca","13":"pa_druivensoort-tinta-roriz-2","14":"pa_druivensoort-tinto-cao","15":"pa_druivensoort-touriga-franca","16":"pa_druivensoort-touriga-nacional","17":"pa_eenheid-750-ml","18":"pa_houten-kist-houten-kist-1-fles","19":"pa_regio-douro","20":"land-portugal","21":"jaar-838","23":"first","24":"instock","25":"taxable","26":"shipping-taxable","27":"purchasable","28":"product-type-simple"},"jetpack_sharing_enabled":true,"_links":{"self":[{"href":"https:\/\/port2port.be\/de\/wp-json\/wp\/v2\/product\/3675","targetHints":{"allow":["GET"]}}],"collection":[{"href":"https:\/\/port2port.be\/de\/wp-json\/wp\/v2\/product"}],"about":[{"href":"https:\/\/port2port.be\/de\/wp-json\/wp\/v2\/types\/product"}],"wp:featuredmedia":[{"embeddable":true,"href":"https:\/\/port2port.be\/de\/wp-json\/wp\/v2\/media\/3658"}],"wp:attachment":[{"href":"https:\/\/port2port.be\/de\/wp-json\/wp\/v2\/media?parent=3675"}],"wp:term":[{"taxonomy":"product_brand","embeddable":true,"href":"https:\/\/port2port.be\/de\/wp-json\/wp\/v2\/product_brand?post=3675"},{"taxonomy":"product_cat","embeddable":true,"href":"https:\/\/port2port.be\/de\/wp-json\/wp\/v2\/product_cat?post=3675"},{"taxonomy":"product_tag","embeddable":true,"href":"https:\/\/port2port.be\/de\/wp-json\/wp\/v2\/product_tag?post=3675"},{"taxonomy":"land","embeddable":true,"href":"https:\/\/port2port.be\/de\/wp-json\/wp\/v2\/land?post=3675"},{"taxonomy":"jaar","embeddable":true,"href":"https:\/\/port2port.be\/de\/wp-json\/wp\/v2\/jaar?post=3675"}],"curies":[{"name":"wp","href":"https:\/\/api.w.org\/{rel}","templated":true}]}}