{"id":3623,"date":"2025-11-05T10:36:40","date_gmt":"2025-11-05T09:36:40","guid":{"rendered":"https:\/\/port2port.be\/?post_type=product&#038;p=3623"},"modified":"2026-03-26T21:06:35","modified_gmt":"2026-03-26T20:06:35","slug":"bordeaux-cadeaukist-2018-6-grand-cru-wijnen-in-houten-kist","status":"publish","type":"product","link":"https:\/\/port2port.be\/de\/produkt\/bordeaux-geschenkbox-2018-6-grand-cru-weine-in-holzkiste\/","title":{"rendered":"Bordeaux-Geschenkbox 2018 - 6 Grand Cru-Weine"},"content":{"rendered":"<h3>Exklusive Bordeaux-Weine aus dem Spitzenjahrgang 2018<\/h3>\n<p>Diese einzigartige Geschenkbox enth\u00e4lt sechs sorgf\u00e4ltig ausgew\u00e4hlte Bordeaux-Weine aus dem hervorragenden Jahrgang 2018. Jede Flasche steht f\u00fcr die Qualit\u00e4t eines renommierten Ch\u00e2teau. Geliefert in einer originalen Holzkiste eines der enthaltenen Weing\u00fcter, eignet sich dieses Paket ideal als Geschenk oder Investition.<\/p>\n<h3>Inhalt der Schachtel<\/h3>\n<ul>\n<li><strong>Ch\u00e2teau Branaire-Ducru 2018<\/strong> \u2013 Saint-Julien Grand Cru Class\u00e9<\/li>\n<li><strong>Ch\u00e2teau Laroze 2018<\/strong> \u2013 Saint-\u00c9milion Grand Cru Class\u00e9<\/li>\n<li><strong>Ch\u00e2teau Grand-Puy Ducasse 2018<\/strong> \u2013 Pauillac Grand Cru Class\u00e9<\/li>\n<li><strong>Ch\u00e2teau de Sales 2018<\/strong> \u2013 Pomerol<\/li>\n<li><strong>Ch\u00e2teau Cantemerle 2018<\/strong> \u2013 Haut-M\u00e9doc Grand Cru Class\u00e9<\/li>\n<li><strong>Ch\u00e2teau Potensac 2018<\/strong> \u2013 M\u00e9doc<\/li>\n<\/ul>\n<h3>Warum dieses Paket w\u00e4hlen?<\/h3>\n<ul>\n<li>Aus renommierten Weing\u00fctern verschiedener Appellationen<\/li>\n<li>2018 ist ein Weinjahr mit au\u00dfergew\u00f6hnlichem Lagerpotenzial in Bordeaux<\/li>\n<li>Lieferung in originaler Holzkiste \u2013 stilvoll und nachhaltig verpackt<\/li>\n<li>Perfekt f\u00fcr Kenner, Sammler und als Werbegeschenk<\/li>\n<\/ul>","protected":false},"excerpt":{"rendered":"<h2>Exklusive Bordeaux-Auswahl in einer Geschenkbox aus Holz<\/h2>\n<ul>\n<li>6 Spitzenweine aus Bordeaux 2018, geliefert in einer originalen Holzkiste \u2013 perfekt als Geschenk oder Investition.<\/li>\n<li>Grand Crus aus Saint-Julien, Pauillac, Pomerol, Saint-\u00c9milion, Haut-M\u00e9doc und M\u00e9doc.<\/li>\n<li>Weine mit au\u00dfergew\u00f6hnlichem Lagerpotenzial und hohen Bewertungen durch internationale Weinkritiker.<\/li>\n<li>Eine stilvolle Kombination aus Eleganz, Tradition und Komplexit\u00e4t f\u00fcr Liebhaber und Sammler.<\/li>\n<\/ul>","protected":false},"featured_media":3636,"template":"","meta":{"_seopress_robots_primary_cat":"none","_seopress_titles_title":"Bordeaux Cadeaukist 2018 \u2013 6 Grand Cru Wijnen","_seopress_titles_desc":"Bordeaux wijnkist met 6 Grand Cru wijnen uit 2018 \u2013 een stijlvol geschenk of investering voor de liefhebber. Inclusief originele houten kist.","_seopress_robots_index":"","iawp_total_views":24},"product_brand":[807,811,810,809,808,812],"product_cat":[911,806,374,25],"product_tag":[],"land":[40],"jaar":[266],"class_list":{"0":"post-3623","1":"product","2":"type-product","3":"status-publish","4":"has-post-thumbnail","6":"product_brand-chateau-branaire-ducru","7":"product_brand-chateau-cantemerle","8":"product_brand-chateau-de-sales","9":"product_brand-chateau-grand-puy-ducasse","10":"product_brand-chateau-laroze","11":"product_brand-chateau-potensac","12":"product_cat-bordeaux","13":"product_cat-cadeaupakketten","14":"product_cat-rode-wijn","15":"product_cat-wijn","16":"pa_eenheid-750-ml","17":"pa_houten-kist-houten-kist-6-flessen","18":"land-frankrijk","19":"jaar-266","21":"first","22":"instock","23":"sale","24":"taxable","25":"shipping-taxable","26":"purchasable","27":"product-type-simple"},"jetpack_sharing_enabled":true,"_links":{"self":[{"href":"https:\/\/port2port.be\/de\/wp-json\/wp\/v2\/product\/3623","targetHints":{"allow":["GET"]}}],"collection":[{"href":"https:\/\/port2port.be\/de\/wp-json\/wp\/v2\/product"}],"about":[{"href":"https:\/\/port2port.be\/de\/wp-json\/wp\/v2\/types\/product"}],"wp:featuredmedia":[{"embeddable":true,"href":"https:\/\/port2port.be\/de\/wp-json\/wp\/v2\/media\/3636"}],"wp:attachment":[{"href":"https:\/\/port2port.be\/de\/wp-json\/wp\/v2\/media?parent=3623"}],"wp:term":[{"taxonomy":"product_brand","embeddable":true,"href":"https:\/\/port2port.be\/de\/wp-json\/wp\/v2\/product_brand?post=3623"},{"taxonomy":"product_cat","embeddable":true,"href":"https:\/\/port2port.be\/de\/wp-json\/wp\/v2\/product_cat?post=3623"},{"taxonomy":"product_tag","embeddable":true,"href":"https:\/\/port2port.be\/de\/wp-json\/wp\/v2\/product_tag?post=3623"},{"taxonomy":"land","embeddable":true,"href":"https:\/\/port2port.be\/de\/wp-json\/wp\/v2\/land?post=3623"},{"taxonomy":"jaar","embeddable":true,"href":"https:\/\/port2port.be\/de\/wp-json\/wp\/v2\/jaar?post=3623"}],"curies":[{"name":"wp","href":"https:\/\/api.w.org\/{rel}","templated":true}]}}