{"id":3379,"date":"2025-05-07T10:36:51","date_gmt":"2025-05-07T08:36:51","guid":{"rendered":"https:\/\/port2port.be\/?post_type=product&#038;p=3379"},"modified":"2026-03-26T21:06:33","modified_gmt":"2026-03-26T20:06:33","slug":"marchesi-antinori-tignanello-2017","status":"publish","type":"product","link":"https:\/\/port2port.be\/de\/produkt\/marchesi-antinori-tignanello-2017\/","title":{"rendered":"2017 Marchesi Antinori Tignanello"},"content":{"rendered":"<h2>Eine Ikone unter den Super-Toskanern<\/h2>\n<p>Der Tignanello 2017 ist ein kraftvoller und ausdrucksstarker Wein, der die Essenz der Toskana perfekt einf\u00e4ngt. Dieser Jahrgang bietet Konzentration, Tiefe und eine beeindruckende Struktur.<\/p>\n<h3>Verkostung<\/h3>\n<ul>\n<li>Tiefes Rubinrot<\/li>\n<li>Aromen von reifen schwarzen Fr\u00fcchten, Gew\u00fcrzen und leichten Tabaksnoten<\/li>\n<li>Voll und kraftvoll mit festen, aber raffinierten Tanninen<\/li>\n<li>Langer, komplexer und eleganter Abgang<\/li>\n<\/ul>\n<h3>Die Geschichte hinter dem Wein<\/h3>\n<p>Der Tignanello ist ein Pionier des super-toskanischen Stils und hat die italienische Weinwelt f\u00fcr immer ver\u00e4ndert. Marchesi Antinori verbindet hier Tradition mit Innovation und schafft einen Wein, der weltweit gesch\u00e4tzt wird.<\/p>\n<h3>Mehr entdecken<\/h3>\n<p>Entdecken Sie weitere Weine von <a href=\"https:\/\/port2port.be\/de\/product-categorie\/wijn\/toscane\/\">Toskana<\/a> oder sehen Sie sich unser gesamtes Angebot an <a href=\"https:\/\/port2port.be\/de\/product-categorie\/wijn\/\">Weine<\/a>.<\/p>\n<p>Suchen Sie nach \u00e4hnlichen Weinen? Durchsuchen Sie andere Weine von <a href=\"https:\/\/port2port.be\/de\/product-categorie\/wijn\/italie\/\">Italien<\/a> oder entdecken Sie unsere Auswahl <a href=\"https:\/\/port2port.be\/de\/product-categorie\/wijn\/super-toscane\/\">Super-Toskana<\/a>.<\/p>\n<p>Siehe auch einen \u00e4hnlichen Wein: <a href=\"#\">2019 Marchesi Antinori Tignanello<\/a>.<\/p>","protected":false},"excerpt":{"rendered":"<p>Ikonischer Super-Toskaner mit Kraft, Eleganz und au\u00dfergew\u00f6hnlicher Komplexit\u00e4t.<\/p>\n<ul>\n<li>Blend van Sangiovese, Cabernet Sauvignon &#038; Cabernet Franc<\/li>\n<li>Reiche Aromen von dunklen Fr\u00fcchten und Gew\u00fcrzen<\/li>\n<li>Perfektes Gleichgewicht zwischen Struktur und Finesse<\/li>\n<li>Gro\u00dfes Speicherpotenzial<\/li>\n<\/ul>","protected":false},"featured_media":3341,"template":"","meta":{"_seopress_robots_primary_cat":"none","_seopress_titles_title":"\"Tignanello 2017 \u2013 Elegantie uit Toscane\"","_seopress_titles_desc":"\"Deze Toscaanse rode wijn van Antinori biedt structuur, finesse en bewaarpotentieel. Een must voor liefhebbers van Italiaanse klassiekers.\"","_seopress_robots_index":"","iawp_total_views":116},"product_brand":[699],"product_cat":[912,374,954,953,25],"product_tag":[938,937],"land":[42],"jaar":[58],"class_list":{"0":"post-3379","1":"product","2":"type-product","3":"status-publish","4":"has-post-thumbnail","6":"product_brand-marchesi-antinori-tenuta-tignanello","7":"product_cat-italie","8":"product_cat-rode-wijn","9":"product_cat-super-toscane","10":"product_cat-toscane","11":"product_cat-wijn","12":"product_tag-super-tuscan","13":"product_tag-toscane","14":"pa_druivensoort-cabernet-franc","15":"pa_druivensoort-cabernet-sauvignon","16":"pa_druivensoort-sangiovese","17":"pa_eenheid-750-ml","18":"pa_regio-toscane-toscana-igt","19":"land-italie","20":"jaar-58","22":"first","23":"instock","24":"taxable","25":"shipping-taxable","26":"purchasable","27":"product-type-simple"},"jetpack_sharing_enabled":true,"_links":{"self":[{"href":"https:\/\/port2port.be\/de\/wp-json\/wp\/v2\/product\/3379","targetHints":{"allow":["GET"]}}],"collection":[{"href":"https:\/\/port2port.be\/de\/wp-json\/wp\/v2\/product"}],"about":[{"href":"https:\/\/port2port.be\/de\/wp-json\/wp\/v2\/types\/product"}],"wp:featuredmedia":[{"embeddable":true,"href":"https:\/\/port2port.be\/de\/wp-json\/wp\/v2\/media\/3341"}],"wp:attachment":[{"href":"https:\/\/port2port.be\/de\/wp-json\/wp\/v2\/media?parent=3379"}],"wp:term":[{"taxonomy":"product_brand","embeddable":true,"href":"https:\/\/port2port.be\/de\/wp-json\/wp\/v2\/product_brand?post=3379"},{"taxonomy":"product_cat","embeddable":true,"href":"https:\/\/port2port.be\/de\/wp-json\/wp\/v2\/product_cat?post=3379"},{"taxonomy":"product_tag","embeddable":true,"href":"https:\/\/port2port.be\/de\/wp-json\/wp\/v2\/product_tag?post=3379"},{"taxonomy":"land","embeddable":true,"href":"https:\/\/port2port.be\/de\/wp-json\/wp\/v2\/land?post=3379"},{"taxonomy":"jaar","embeddable":true,"href":"https:\/\/port2port.be\/de\/wp-json\/wp\/v2\/jaar?post=3379"}],"curies":[{"name":"wp","href":"https:\/\/api.w.org\/{rel}","templated":true}]}}