{"id":2919,"date":"2025-04-11T20:42:17","date_gmt":"2025-04-11T18:42:17","guid":{"rendered":"https:\/\/port2port.be\/?post_type=product&#038;p=2919"},"modified":"2026-03-26T21:07:06","modified_gmt":"2026-03-26T20:07:06","slug":"paloma-de-sacramento-blanco-2020","status":"publish","type":"product","link":"https:\/\/port2port.be\/de\/produkt\/paloma-de-sacramento-blanco-2020\/","title":{"rendered":"2020 Paloma de Sacramento Blanco - Kastilien-La Mancha"},"content":{"rendered":"<h2>2020 Paloma de Sacramento Blanco mit frischer Trinkbarkeit<\/h2>\n<p>Paloma de Sacramento Blanco 2020 ist ein zug\u00e4nglicher Wei\u00dfwein, der auf Frucht, Frische und Geschmeidigkeit setzt. Eine angenehme Wahl f\u00fcr alle, die leichte, leicht zu trinkende Wei\u00dfweine m\u00f6gen.<\/p>\n<h3>Verkostung<\/h3>\n<ul>\n<li>Blass strohgelb<\/li>\n<li>Zitrusfr\u00fcchte, Apfel und wei\u00dfe Fr\u00fcchte<\/li>\n<li>Frisch und geschmeidig mit milder S\u00e4ure<\/li>\n<li>Angenehme und saubere Verarbeitung<\/li>\n<\/ul>\n<h3>Die Geschichte hinter dem Wein<\/h3>\n<p>Bei diesem Wein stehen Zug\u00e4nglichkeit und Trinkvergn\u00fcgen im Vordergrund. Ein idealer Wei\u00dfwein f\u00fcr informelle Momente, leichte Gerichte und Aperitifs.<\/p>\n<h3>Mehr entdecken<\/h3>\n<p>Entdecken Sie mehr von unserem Angebot <a href=\"https:\/\/port2port.be\/de\/product-categorie\/wijn\/witte-wijn\/\">Wei\u00dfwein<\/a> oder alle anzeigen <a href=\"https:\/\/port2port.be\/de\/product-categorie\/wijn\/\">Weine<\/a>.<\/p>\n<p>Suchen Sie nach \u00e4hnlichen Flaschen? Entdecken Sie andere <a href=\"https:\/\/port2port.be\/de\/product-categorie\/wijn\/witte-wijn\/\">Wei\u00dfweine<\/a>.<\/p>\n<p>Siehe auch einen \u00e4hnlichen Wein: <a href=\"#\">Portal da Cal\u00e7ada Reserva 2021<\/a>.<\/p>","protected":false},"excerpt":{"rendered":"<p>Zug\u00e4nglicher und fruchtiger Wei\u00dfwein mit frischem Stil und weichem Abgang.<\/p>\n<ul>\n<li>Frische Aromen von Zitrusfr\u00fcchten und wei\u00dfen Fr\u00fcchten<\/li>\n<li>Weich und leicht verdaulich<\/li>\n<li>Zug\u00e4nglicher Stil f\u00fcr jeden Moment<\/li>\n<li>Ideal als Aperitif oder zu leichten Mahlzeiten<\/li>\n<\/ul>","protected":false},"featured_media":2879,"template":"","meta":{"_seopress_robots_primary_cat":"none","_seopress_titles_title":"2020 Paloma de Sacramento Blanco","_seopress_titles_desc":"Toegankelijke witte wijn met citrus, wit fruit en frisse stijl. Ideaal als aperitief of bij lichte gerechten dankzij zijn soepele karakter.","_seopress_robots_index":"","iawp_total_views":11},"product_brand":[600],"product_cat":[330],"product_tag":[],"land":[413],"jaar":[38],"class_list":{"0":"post-2919","1":"product","2":"type-product","3":"status-publish","4":"has-post-thumbnail","6":"product_brand-vinas-leizaola","7":"product_cat-witte-wijn","8":"pa_druivensoort-malvasia","9":"pa_druivensoort-viura","10":"pa_eenheid-750-ml","11":"pa_regio-castilla-la-mancha","12":"land-spanje","13":"jaar-38","15":"first","16":"instock","17":"taxable","18":"shipping-taxable","19":"purchasable","20":"product-type-simple"},"jetpack_sharing_enabled":true,"_links":{"self":[{"href":"https:\/\/port2port.be\/de\/wp-json\/wp\/v2\/product\/2919","targetHints":{"allow":["GET"]}}],"collection":[{"href":"https:\/\/port2port.be\/de\/wp-json\/wp\/v2\/product"}],"about":[{"href":"https:\/\/port2port.be\/de\/wp-json\/wp\/v2\/types\/product"}],"wp:featuredmedia":[{"embeddable":true,"href":"https:\/\/port2port.be\/de\/wp-json\/wp\/v2\/media\/2879"}],"wp:attachment":[{"href":"https:\/\/port2port.be\/de\/wp-json\/wp\/v2\/media?parent=2919"}],"wp:term":[{"taxonomy":"product_brand","embeddable":true,"href":"https:\/\/port2port.be\/de\/wp-json\/wp\/v2\/product_brand?post=2919"},{"taxonomy":"product_cat","embeddable":true,"href":"https:\/\/port2port.be\/de\/wp-json\/wp\/v2\/product_cat?post=2919"},{"taxonomy":"product_tag","embeddable":true,"href":"https:\/\/port2port.be\/de\/wp-json\/wp\/v2\/product_tag?post=2919"},{"taxonomy":"land","embeddable":true,"href":"https:\/\/port2port.be\/de\/wp-json\/wp\/v2\/land?post=2919"},{"taxonomy":"jaar","embeddable":true,"href":"https:\/\/port2port.be\/de\/wp-json\/wp\/v2\/jaar?post=2919"}],"curies":[{"name":"wp","href":"https:\/\/api.w.org\/{rel}","templated":true}]}}