{"id":2909,"date":"2025-02-24T12:09:37","date_gmt":"2025-02-24T11:09:37","guid":{"rendered":"https:\/\/port2port.be\/?post_type=product&#038;p=2909"},"modified":"2026-03-26T21:08:03","modified_gmt":"2026-03-26T20:08:03","slug":"rainera-perez-marin-la-guita-manzanilla","status":"publish","type":"product","link":"https:\/\/port2port.be\/de\/produkt\/rainera-perez-marin-la-guita-manzanilla\/","title":{"rendered":"Rainera P\u00e9rez Mar\u00edn \u2018La Guita\u2019 Manzanilla - Sanl\u00facar de Barrameda"},"content":{"rendered":"<h2>RAINERA P\u00c9REZ MAR\u00cdN 'LA GUITA' MANZANILLA - AUTHENTISCHER SPANISCHER SHERRY AUS SANL\u00daCAR DE BARRAMEDA<\/h2>\n<p><strong>Einf\u00fchrung: Ein klassischer Manzanilla aus Andalusien<\/strong><\/p>\n<p>Die <strong>Rainera P\u00e9rez Mar\u00edn 'La Guita' Manzanilla<\/strong> ist eine anspruchsvolle <strong>Spanischer Sherry<\/strong> Von der K\u00fcstenstadt <strong>Sanl\u00facar de Barrameda<\/strong> in Andalusien. Produziert von dem historischen Haus <strong>Rainera P\u00e9rez Mar\u00edn<\/strong>Dieser Manzanilla verk\u00f6rpert die reiche Tradition und Handwerkskunst der Region. Etwa vier Jahre lang unter einer aktiven Florschicht in amerikanischen Eichenf\u00e4ssern gereift, bietet \"La Guita\" eine einzigartige Kombination aus Frische und Komplexit\u00e4t.<\/p>\n<h3>Aroma - Frisch und zart<\/h3>\n<ul>\n<li><strong>Einfl\u00fcsse des Meeres:<\/strong> Duftet nach Meeresbrise und Kamille.<\/li>\n<li><strong>Fruchtige Noten:<\/strong> Aromen von glasierten Fr\u00fcchten und Wildkr\u00e4utern.<\/li>\n<li><strong>Nussige Akzente:<\/strong> Dezente Ankl\u00e4nge an ger\u00f6stete Mandeln.<\/li>\n<\/ul>\n<h3>Geschmack - leicht und raffiniert<\/h3>\n<ul>\n<li><strong>Neuanfang:<\/strong> Ein leichter K\u00f6rper mit hohem S\u00e4uregehalt.<\/li>\n<li><strong>Salzige Nuancen:<\/strong> Salzige und mandelartige Aromen.<\/li>\n<li><strong>Langer Abgang:<\/strong> Lang anhaltender, intensiver und salziger Abgang.<\/li>\n<\/ul>\n<h3>Perfekte Kombinationen - Kulinarische Vielseitigkeit<\/h3>\n<ul>\n<li><strong>Tapas:<\/strong> Ausgezeichnet mit Oliven, gesalzenen Mandeln und iberischem Schinken.<\/li>\n<li><strong>Fischgerichte:<\/strong> Passt hervorragend zu gegrillten Sardinen und Garnelen.<\/li>\n<li><strong>Frischk\u00e4se:<\/strong> Passt gut zu jungen, weichen K\u00e4sesorten wie Queso Fresco.<\/li>\n<\/ul>\n<h3>Kunsthandwerk und Herkunft - Tradition und Terroir<\/h3>\n<p><strong>Rainera P\u00e9rez Mar\u00edn<\/strong> wurde 1852 gegr\u00fcndet und hat sich seitdem in der Produktion von Manzanilla einen Namen gemacht. Gelegen in <strong>Sanl\u00facar de Barrameda<\/strong>Die Weinberge profitieren von dem einzigartigen Mikroklima der Atlantikk\u00fcste. Die Trauben, haupts\u00e4chlich <strong>Palomino Fino<\/strong>werden sorgf\u00e4ltig ausgew\u00e4hlt und verarbeitet. La Guita\" wird mehrmals im Jahr in Flaschen abgef\u00fcllt, um eine maximale Frische zu gew\u00e4hrleisten, was zu seinem unverwechselbaren Charakter und seiner Qualit\u00e4t beitr\u00e4gt.<\/p>","protected":false},"excerpt":{"rendered":"<h3>Authentischer spanischer Sherry aus Sanl\u00facar de Barrameda:<\/h3>\n<p>Rainera P\u00e9rez Mar\u00edn 'La Guita' Manzanilla - Ein frischer und delikater <strong>Manzanilla<\/strong> Mit maritimen Einfl\u00fcssen und subtilen nussigen Akzenten.<\/p>","protected":false},"featured_media":2862,"template":"","meta":{"_seopress_robots_primary_cat":"none","_seopress_titles_title":"\"'La Guita' Manzanilla \u2013 Sherry uit Sanl\u00facar de Barrameda\"","_seopress_titles_desc":"\"Rainera P\u00e9rez Mar\u00edn 'La Guita' Manzanilla is een frisse Spaanse sherry met aroma's van zeebries en amandelen. Ideaal bij tapas en gegrilde vis.\"","_seopress_robots_index":"","iawp_total_views":12},"product_brand":[536],"product_cat":[26,743],"product_tag":[],"land":[413],"jaar":[],"class_list":{"0":"post-2909","1":"product","2":"type-product","3":"status-publish","4":"has-post-thumbnail","6":"product_brand-rainera-perez-marin","7":"product_cat-sterke-dranken-geschenken","8":"product_cat-sterke-dranken","9":"pa_eenheid-750-ml","10":"pa_regio-sanlucar-de-barrameda-andalusie","11":"land-spanje","13":"first","14":"instock","15":"taxable","16":"shipping-taxable","17":"purchasable","18":"product-type-simple"},"jetpack_sharing_enabled":true,"_links":{"self":[{"href":"https:\/\/port2port.be\/de\/wp-json\/wp\/v2\/product\/2909","targetHints":{"allow":["GET"]}}],"collection":[{"href":"https:\/\/port2port.be\/de\/wp-json\/wp\/v2\/product"}],"about":[{"href":"https:\/\/port2port.be\/de\/wp-json\/wp\/v2\/types\/product"}],"wp:featuredmedia":[{"embeddable":true,"href":"https:\/\/port2port.be\/de\/wp-json\/wp\/v2\/media\/2862"}],"wp:attachment":[{"href":"https:\/\/port2port.be\/de\/wp-json\/wp\/v2\/media?parent=2909"}],"wp:term":[{"taxonomy":"product_brand","embeddable":true,"href":"https:\/\/port2port.be\/de\/wp-json\/wp\/v2\/product_brand?post=2909"},{"taxonomy":"product_cat","embeddable":true,"href":"https:\/\/port2port.be\/de\/wp-json\/wp\/v2\/product_cat?post=2909"},{"taxonomy":"product_tag","embeddable":true,"href":"https:\/\/port2port.be\/de\/wp-json\/wp\/v2\/product_tag?post=2909"},{"taxonomy":"land","embeddable":true,"href":"https:\/\/port2port.be\/de\/wp-json\/wp\/v2\/land?post=2909"},{"taxonomy":"jaar","embeddable":true,"href":"https:\/\/port2port.be\/de\/wp-json\/wp\/v2\/jaar?post=2909"}],"curies":[{"name":"wp","href":"https:\/\/api.w.org\/{rel}","templated":true}]}}