{"id":2908,"date":"2025-02-24T11:58:22","date_gmt":"2025-02-24T10:58:22","guid":{"rendered":"https:\/\/port2port.be\/?post_type=product&#038;p=2908"},"modified":"2026-03-26T21:07:18","modified_gmt":"2026-03-26T20:07:18","slug":"2908","status":"publish","type":"product","link":"https:\/\/port2port.be\/de\/produkt\/2908\/","title":{"rendered":"2021 Marchesi Antinori P\u00e8ppoli Chianti Classico - Toskana"},"content":{"rendered":"<h2>Frischer und lebendiger Chianti Classico<\/h2>\n<p>Der P\u00e8ppoli Chianti Classico 2021 von Marchesi Antinori ist ein zug\u00e4nglicher und raffinierter Wein mit einem frischen Stil und einer sch\u00f6nen Ausgewogenheit.<\/p>\n<h3>Verkostung<\/h3>\n<ul>\n<li>Leuchtendes Rubinrot<\/li>\n<li>Rote Beeren, Kirschen und blumige Aromen<\/li>\n<li>Frisch und geschmeidig mit eleganter Struktur<\/li>\n<li>Harmonischer und frischer Abgang<\/li>\n<\/ul>\n<h3>Die Geschichte hinter dem Wein<\/h3>\n<p>P\u00e8ppoli ist eine moderne Interpretation des Chianti Classico und steht f\u00fcr Frische, Zug\u00e4nglichkeit und reine Frucht. Ein perfekter Einstieg in die toskanische Weinwelt.<\/p>\n<h3>Mehr entdecken<\/h3>\n<p>Entdecken Sie weitere Weine von <a href=\"https:\/\/port2port.be\/de\/product-categorie\/wijn\/toscane\/\">Toskana<\/a> oder sehen Sie sich unser gesamtes Angebot an <a href=\"https:\/\/port2port.be\/de\/product-categorie\/wijn\/\">Weine<\/a>.<\/p>\n<p>Suchen Sie nach \u00e4hnlichen Weinen? Durchsuchen Sie andere Weine von <a href=\"https:\/\/port2port.be\/de\/product-categorie\/wijn\/italie\/\">Italien<\/a>.<\/p>\n<p>Siehe auch einen \u00e4hnlichen Wein: <a href=\"#\">2021 Icario Rosso di Montepulciano<\/a>.<\/p>","protected":false},"excerpt":{"rendered":"<p>Frischer und eleganter Chianti Classico mit lebendiger Fruchtigkeit und toskanischem Charme.<\/p>\n<ul>\n<li>Haupts\u00e4chlich aus Sangiovese hergestellt<\/li>\n<li>Aromen von roten Fr\u00fcchten und blumigen Noten<\/li>\n<li>Frische S\u00e4ure und weiche Tannine<\/li>\n<li>Ideal zu italienischen Gerichten<\/li>\n<\/ul>","protected":false},"featured_media":2868,"template":"","meta":{"_seopress_robots_primary_cat":"none","_seopress_titles_title":"\"Antinori P\u00e8ppoli 2021 \u2013 Verfijnde Chianti Classico Wijn\"","_seopress_titles_desc":"\"Marchesi Antinori P\u00e8ppoli Chianti Classico is een levendige Italiaanse rode wijn met aroma\u2019s van kersen en kruiden. Perfect bij pasta en gegrild wit vlees.\"","_seopress_robots_index":"","iawp_total_views":3},"product_brand":[525],"product_cat":[912,374,953,25],"product_tag":[932,937],"land":[42],"jaar":[39],"class_list":{"0":"post-2908","1":"product","2":"type-product","3":"status-publish","4":"has-post-thumbnail","6":"product_brand-marchesi-antinori","7":"product_cat-italie","8":"product_cat-rode-wijn","9":"product_cat-toscane","10":"product_cat-wijn","11":"product_tag-sangiovese","12":"product_tag-toscane","13":"land-italie","14":"jaar-39","16":"first","17":"instock","18":"taxable","19":"shipping-taxable","20":"purchasable","21":"product-type-simple"},"jetpack_sharing_enabled":true,"_links":{"self":[{"href":"https:\/\/port2port.be\/de\/wp-json\/wp\/v2\/product\/2908","targetHints":{"allow":["GET"]}}],"collection":[{"href":"https:\/\/port2port.be\/de\/wp-json\/wp\/v2\/product"}],"about":[{"href":"https:\/\/port2port.be\/de\/wp-json\/wp\/v2\/types\/product"}],"wp:featuredmedia":[{"embeddable":true,"href":"https:\/\/port2port.be\/de\/wp-json\/wp\/v2\/media\/2868"}],"wp:attachment":[{"href":"https:\/\/port2port.be\/de\/wp-json\/wp\/v2\/media?parent=2908"}],"wp:term":[{"taxonomy":"product_brand","embeddable":true,"href":"https:\/\/port2port.be\/de\/wp-json\/wp\/v2\/product_brand?post=2908"},{"taxonomy":"product_cat","embeddable":true,"href":"https:\/\/port2port.be\/de\/wp-json\/wp\/v2\/product_cat?post=2908"},{"taxonomy":"product_tag","embeddable":true,"href":"https:\/\/port2port.be\/de\/wp-json\/wp\/v2\/product_tag?post=2908"},{"taxonomy":"land","embeddable":true,"href":"https:\/\/port2port.be\/de\/wp-json\/wp\/v2\/land?post=2908"},{"taxonomy":"jaar","embeddable":true,"href":"https:\/\/port2port.be\/de\/wp-json\/wp\/v2\/jaar?post=2908"}],"curies":[{"name":"wp","href":"https:\/\/api.w.org\/{rel}","templated":true}]}}