{"id":2819,"date":"2025-02-21T14:50:51","date_gmt":"2025-02-21T13:50:51","guid":{"rendered":"https:\/\/port2port.be\/?post_type=product&#038;p=2819"},"modified":"2026-03-26T21:07:53","modified_gmt":"2026-03-26T20:07:53","slug":"exclusieve-geschenkdoos-wijn-en-olijfolie","status":"publish","type":"product","link":"https:\/\/port2port.be\/de\/produkt\/exklusive-geschenkbox-mit-wein-und-olivenol\/","title":{"rendered":"Geschenkkarton - Wein und Oliven\u00f6l"},"content":{"rendered":"<p data-start=\"404\" data-end=\"492\"><strong data-start=\"404\" data-end=\"492\"><h2>Geschenkbox - Ein perfektes Geschenk f\u00fcr Wein- und Olivenliebhaber<\/h2><\/strong><\/p>\n<p data-start=\"404\" data-end=\"492\">Unsere exklusive Geschenkbox ist speziell f\u00fcr Liebhaber von Qualit\u00e4tsweinen (oder Portwein) und hochwertigem Oliven\u00f6l konzipiert. Das Set wird in einem stilvollen Geschenkkarton geliefert, mit der M\u00f6glichkeit, den Inhalt (Flasche Wein\/Sport und Oliven\u00f6l) nach Ihren W\u00fcnschen zu gestalten. Da es sich um ein ganz individuelles Geschenk handelt, k\u00f6nnen Sie nur per E-Mail bestellen. So k\u00f6nnen wir Ihre pers\u00f6nlichen W\u00fcnsche genau erkennen und ein einzigartiges Geschenk zusammenstellen.<\/p>\n<p data-start=\"1060\" data-end=\"1133\"><strong data-start=\"1060\" data-end=\"1131\"><h2>Design und Materialien - Stilvolle Geschenkbox mit fester Oberfl\u00e4che<\/strong><\/p>\n<ul data-start=\"1134\" data-end=\"1519\">\n<li data-start=\"1134\" data-end=\"1254\"><strong data-start=\"1136\" data-end=\"1160\">Standard-Geschenkbox:<\/strong> Die Geschenkbox hat ein modernes, luxuri\u00f6ses Aussehen und ist aus robustem Material gefertigt.<\/li>\n<li data-start=\"1255\" data-end=\"1398\"><strong data-start=\"1257\" data-end=\"1285\">Ma\u00dfgeschneiderte Inhalte:<\/strong> Obwohl die Schachtel selbst eine feste Oberfl\u00e4che hat, k\u00f6nnen Sie den Inhalt (z. B. den Wein\/Port und das Oliven\u00f6l) ausw\u00e4hlen.<\/li>\n<li data-start=\"1399\" data-end=\"1519\"><strong data-start=\"1401\" data-end=\"1425\">Sichere Pr\u00e4sentation:<\/strong> Die Flaschen werden sorgf\u00e4ltig verpackt, so dass sie gut gesch\u00fctzt und stilvoll pr\u00e4sentiert sind.<\/li>\n<\/ul>\n<p data-start=\"1521\" data-end=\"1587\"><strong data-start=\"1521\" data-end=\"1585\"><h2>Funktionalit\u00e4t - Perfekt als Geschenk oder Sammlerst\u00fcck<\/strong><\/p>\n<ul data-start=\"1588\" data-end=\"1995\">\n<li data-start=\"1588\" data-end=\"1703\"><strong data-start=\"1590\" data-end=\"1614\">Ma\u00dfgeschneiderte Flaschen:<\/strong> W\u00e4hlen Sie Ihren Lieblingswein oder Portwein und kombinieren Sie ihn mit einem hochwertigen Oliven\u00f6l.<\/li>\n<li data-start=\"1704\" data-end=\"1857\"><strong data-start=\"1706\" data-end=\"1732\">Eine geschmackvolle Kombination:<\/strong> Ein ideales Geschenk f\u00fcr Feinschmecker, Weinliebhaber und Sammler, die ein exklusives und individuelles Geschenk lieben.<\/li>\n<li data-start=\"1858\" data-end=\"1995\"><strong data-start=\"1860\" data-end=\"1886\">Einfache Bestellung:<\/strong> Wenn Sie per E-Mail bestellen, k\u00f6nnen wir Ihre Pr\u00e4ferenzen besser abstimmen und die passenden Inhalte zusammenstellen.<\/li>\n<\/ul>","protected":false},"excerpt":{"rendered":"<h3>Exklusives Geschenk:<\/h3>\n<p>Exklusive Geschenkbox - Eine stilvolle Geschenkbox mit Wein oder Portwein und Oliven\u00f6l, die ganz nach Ihren W\u00fcnschen gestaltet werden kann.<\/p>","protected":false},"featured_media":2817,"template":"","meta":{"_seopress_robots_primary_cat":"none","_seopress_titles_title":"\"Geschenkdoos \u2013 Wijn &amp; Olijfolie op Maat\"","_seopress_titles_desc":"\"Op zoek naar een uniek cadeau? Onze maatwerk geschenkdoos met wijn\/port en olijfolie is de perfecte keuze. Bestel nu.\"","_seopress_robots_index":"","iawp_total_views":24},"product_brand":[305,246],"product_cat":[806,26],"product_tag":[],"land":[41],"jaar":[],"class_list":{"0":"post-2819","1":"product","2":"type-product","3":"status-publish","4":"has-post-thumbnail","6":"product_brand-art-terra","7":"product_brand-barros","8":"product_cat-cadeaupakketten","9":"product_cat-sterke-dranken-geschenken","10":"land-portugal","12":"first","13":"instock","14":"taxable","15":"shipping-taxable","16":"purchasable","17":"product-type-simple"},"jetpack_sharing_enabled":true,"_links":{"self":[{"href":"https:\/\/port2port.be\/de\/wp-json\/wp\/v2\/product\/2819","targetHints":{"allow":["GET"]}}],"collection":[{"href":"https:\/\/port2port.be\/de\/wp-json\/wp\/v2\/product"}],"about":[{"href":"https:\/\/port2port.be\/de\/wp-json\/wp\/v2\/types\/product"}],"wp:featuredmedia":[{"embeddable":true,"href":"https:\/\/port2port.be\/de\/wp-json\/wp\/v2\/media\/2817"}],"wp:attachment":[{"href":"https:\/\/port2port.be\/de\/wp-json\/wp\/v2\/media?parent=2819"}],"wp:term":[{"taxonomy":"product_brand","embeddable":true,"href":"https:\/\/port2port.be\/de\/wp-json\/wp\/v2\/product_brand?post=2819"},{"taxonomy":"product_cat","embeddable":true,"href":"https:\/\/port2port.be\/de\/wp-json\/wp\/v2\/product_cat?post=2819"},{"taxonomy":"product_tag","embeddable":true,"href":"https:\/\/port2port.be\/de\/wp-json\/wp\/v2\/product_tag?post=2819"},{"taxonomy":"land","embeddable":true,"href":"https:\/\/port2port.be\/de\/wp-json\/wp\/v2\/land?post=2819"},{"taxonomy":"jaar","embeddable":true,"href":"https:\/\/port2port.be\/de\/wp-json\/wp\/v2\/jaar?post=2819"}],"curies":[{"name":"wp","href":"https:\/\/api.w.org\/{rel}","templated":true}]}}