{"id":2814,"date":"2025-02-21T13:37:49","date_gmt":"2025-02-21T12:37:49","guid":{"rendered":"https:\/\/port2port.be\/?post_type=product&#038;p=2814"},"modified":"2026-03-26T21:07:51","modified_gmt":"2026-03-26T20:07:51","slug":"geschenkmand-gemaakt-van-houten-wijnkisten","status":"publish","type":"product","link":"https:\/\/port2port.be\/de\/produkt\/geschenkkorb-aus-holzernen-weinkisten\/","title":{"rendered":"Exklusiver Geschenkkorb"},"content":{"rendered":"<h2>Exklusiver Geschenkkorb - Einzigartiges Geschenk in einer authentischen h\u00f6lzernen Weinkiste<\/h2>\n<p>Dieser exklusive Geschenkkorb ist aus einer echten h\u00f6lzernen Weinkiste gefertigt, die ein robustes und authentisches Aussehen hat. Die Kiste ist vorgefertigt und hat eine feste, standardm\u00e4\u00dfige Innenausstattung, sodass der Boden nicht individuell gestaltet werden kann. Der Inhalt des Korbes - zum Beispiel verschiedene Weinsorten, Cava, Champagner oder Oliven\u00f6l und weitere K\u00f6stlichkeiten - kann jedoch von Ihnen selbst bestimmt werden. Auf diese Weise stellen Sie ein einzigartiges und pers\u00f6nliches Geschenk f\u00fcr jeden Anlass zusammen. Die Bestellung erfolgt ausschlie\u00dflich per E-Mail, so dass wir den Inhalt perfekt auf Ihre W\u00fcnsche abstimmen k\u00f6nnen. Die Preise beginnen bei 25 \u20ac.<\/p>\n<h2>Design und Materialien - Echte Weinkiste mit Standardausf\u00fchrung<\/h2>\n<h3>Authentischer Weinkarton<\/h3>\n<p>Die Basis ist eine originelle Holzkiste, die dem Korb ein klassisches und zeitloses Aussehen verleiht.<\/p>\n<h3>Standard-Innenausbau<\/h3>\n<p>Die Innenseite ist solide verarbeitet, so dass der Koffer sofort einsatzbereit ist und eine saubere Pr\u00e4sentation bietet.<\/p>\n<h3>Optionale F\u00fcllung<\/h3>\n<p>Sie k\u00f6nnen w\u00e4hlen, welche Produkte (Weine, Sekt, Oliven\u00f6l, Snacks) in den Korb kommen, so dass er ganz auf den Empf\u00e4nger zugeschnitten werden kann.<\/p>\n<h2>Funktionalit\u00e4t - Ideal als Geschenk oder Sammlerst\u00fcck<\/h2>\n<ul>\n<li><strong>Ma\u00dfgeschneiderte Inhalte:<\/strong> Ob Champagner, Cava, Wein, Oliven\u00f6l oder andere K\u00f6stlichkeiten, der Inhalt ist frei w\u00e4hlbar.<\/li>\n<li><strong>Solide Konstruktion:<\/strong> Die Holzkiste sch\u00fctzt die Flaschen und Delikatessen optimal.<\/li>\n<li><strong>Einzigartige Geschenkidee:<\/strong> Ein exklusives und personalisiertes Geschenk f\u00fcr Weinliebhaber und Sammler, die eine stilvolle Pr\u00e4sentation lieben.<\/li>\n<\/ul>","protected":false},"excerpt":{"rendered":"<h3>Exklusives Geschenk:<\/h3>\n<p>Exklusiver Geschenkkorb - Ein einzigartiges Geschenk in einer authentischen h\u00f6lzernen Weinkiste, perfekt f\u00fcr die Pr\u00e4sentation verschiedener Weine, Sekt oder Oliven\u00f6l.<\/p>","protected":false},"featured_media":2811,"template":"","meta":{"_seopress_robots_primary_cat":"none","_seopress_titles_title":"\"Exclusieve Cadeau Mand \u2013 Uniek &amp; Persoonlijk\"","_seopress_titles_desc":"\"Bestel een exclusieve cadeau mand, gemaakt van een authentieke wijnkist, met inhoud naar keuze. Alleen via e-mail.\"","_seopress_robots_index":"","iawp_total_views":15},"product_brand":[],"product_cat":[806,26],"product_tag":[],"land":[],"jaar":[],"class_list":{"0":"post-2814","1":"product","2":"type-product","3":"status-publish","4":"has-post-thumbnail","6":"product_cat-cadeaupakketten","7":"product_cat-diversen","9":"first","10":"instock","11":"taxable","12":"shipping-taxable","13":"purchasable","14":"product-type-simple"},"jetpack_sharing_enabled":true,"_links":{"self":[{"href":"https:\/\/port2port.be\/de\/wp-json\/wp\/v2\/product\/2814","targetHints":{"allow":["GET"]}}],"collection":[{"href":"https:\/\/port2port.be\/de\/wp-json\/wp\/v2\/product"}],"about":[{"href":"https:\/\/port2port.be\/de\/wp-json\/wp\/v2\/types\/product"}],"wp:featuredmedia":[{"embeddable":true,"href":"https:\/\/port2port.be\/de\/wp-json\/wp\/v2\/media\/2811"}],"wp:attachment":[{"href":"https:\/\/port2port.be\/de\/wp-json\/wp\/v2\/media?parent=2814"}],"wp:term":[{"taxonomy":"product_brand","embeddable":true,"href":"https:\/\/port2port.be\/de\/wp-json\/wp\/v2\/product_brand?post=2814"},{"taxonomy":"product_cat","embeddable":true,"href":"https:\/\/port2port.be\/de\/wp-json\/wp\/v2\/product_cat?post=2814"},{"taxonomy":"product_tag","embeddable":true,"href":"https:\/\/port2port.be\/de\/wp-json\/wp\/v2\/product_tag?post=2814"},{"taxonomy":"land","embeddable":true,"href":"https:\/\/port2port.be\/de\/wp-json\/wp\/v2\/land?post=2814"},{"taxonomy":"jaar","embeddable":true,"href":"https:\/\/port2port.be\/de\/wp-json\/wp\/v2\/jaar?post=2814"}],"curies":[{"name":"wp","href":"https:\/\/api.w.org\/{rel}","templated":true}]}}