{"id":2712,"date":"2025-02-09T14:40:42","date_gmt":"2025-02-09T13:40:42","guid":{"rendered":"https:\/\/port2port.be\/?post_type=product&#038;p=2712"},"modified":"2026-03-26T21:08:00","modified_gmt":"2026-03-26T20:08:00","slug":"mount-riley-wines-pinot-gris-marlborough-new-zealand","status":"publish","type":"product","link":"https:\/\/port2port.be\/de\/produkt\/mount-riley-wines-pinot-gris-marlborough-neuseeland\/","title":{"rendered":"Mount Riley Grauburgunder - Marlborough"},"content":{"rendered":"<h2>Mount Riley Pinot Gris aus Marlborough mit frischem Ausdruck<\/h2>\n<p>Dieser Pinot Gris aus Marlborough verbindet Frische und Fruchtigkeit mit einer eleganten Struktur. Ein zug\u00e4nglicher Wei\u00dfwein mit einem modernen neuseel\u00e4ndischen Stil.<\/p>\n<h3>Verkostung<\/h3>\n<ul>\n<li>Blass goldgelb<\/li>\n<li>Aromen von Birne, Apfel und Zitrusfr\u00fcchten<\/li>\n<li>Frisch und geschmeidig mit leichter Sch\u00e4rfe<\/li>\n<li>Angenehmer und erfrischender Nachgeschmack<\/li>\n<\/ul>\n<h3>Die Geschichte hinter dem Wein<\/h3>\n<p>Marlborough ist weltweit f\u00fcr seine ausdrucksstarken Weine bekannt. Mount Riley bringt hier einen frischen und zug\u00e4nglichen Pinot Gris mit dem Fokus auf reiner Frucht und Trinkvergn\u00fcgen.<\/p>\n<h3>Mehr entdecken<\/h3>\n<p>Entdecken Sie mehr von unserem Angebot <a href=\"https:\/\/port2port.be\/de\/product-categorie\/wijn\/witte-wijn\/\">Wei\u00dfwein<\/a> oder alle anzeigen <a href=\"https:\/\/port2port.be\/de\/product-categorie\/wijn\/\">Weine<\/a>.<\/p>\n<p>Suchen Sie nach \u00e4hnlichen Flaschen? Entdecken Sie andere <a href=\"https:\/\/port2port.be\/de\/product-categorie\/wijn\/witte-wijn\/\">Wei\u00dfweine<\/a>.<\/p>\n<p>Siehe auch einen \u00e4hnlichen Wein: <a href=\"#\">Enate Chardonnay 234<\/a>.<\/p>","protected":false},"excerpt":{"rendered":"<p>Frischer und aromatischer Grauburgunder aus Marlborough mit lebendiger Frucht und elegantem Stil.<\/p>\n<ul>\n<li>Aromen von Birne, Apfel und Zitrusfr\u00fcchten<\/li>\n<li>Frischer und geschmeidiger Charakter<\/li>\n<li>Sch\u00f6ne Ausgewogenheit und leichte Sch\u00e4rfe<\/li>\n<li>Ideal als Aperitif oder zu leichten Gerichten<\/li>\n<\/ul>","protected":false},"featured_media":2673,"template":"","meta":{"_seopress_robots_primary_cat":"none","_seopress_titles_title":"Mount Riley Pinot Gris Marlborough New Zealand","_seopress_titles_desc":"Frisse Pinot Gris uit Marlborough met peer, citrus en elegante structuur. Toegankelijke witte wijn met levendig fruit en verfrissende afdronk.","_seopress_robots_index":"","iawp_total_views":6},"product_brand":[336],"product_cat":[330],"product_tag":[],"land":[331],"jaar":[334],"class_list":{"0":"post-2712","1":"product","2":"type-product","3":"status-publish","4":"has-post-thumbnail","6":"product_brand-mount-riley-wines","7":"product_cat-witte-wijn","8":"pa_druivensoort-pinot-gris","9":"pa_eenheid-750-ml","10":"pa_regio-marlborough-new-zealand","11":"land-new-zealand","12":"jaar-334","14":"first","15":"instock","16":"taxable","17":"shipping-taxable","18":"purchasable","19":"product-type-simple"},"jetpack_sharing_enabled":true,"_links":{"self":[{"href":"https:\/\/port2port.be\/de\/wp-json\/wp\/v2\/product\/2712","targetHints":{"allow":["GET"]}}],"collection":[{"href":"https:\/\/port2port.be\/de\/wp-json\/wp\/v2\/product"}],"about":[{"href":"https:\/\/port2port.be\/de\/wp-json\/wp\/v2\/types\/product"}],"wp:featuredmedia":[{"embeddable":true,"href":"https:\/\/port2port.be\/de\/wp-json\/wp\/v2\/media\/2673"}],"wp:attachment":[{"href":"https:\/\/port2port.be\/de\/wp-json\/wp\/v2\/media?parent=2712"}],"wp:term":[{"taxonomy":"product_brand","embeddable":true,"href":"https:\/\/port2port.be\/de\/wp-json\/wp\/v2\/product_brand?post=2712"},{"taxonomy":"product_cat","embeddable":true,"href":"https:\/\/port2port.be\/de\/wp-json\/wp\/v2\/product_cat?post=2712"},{"taxonomy":"product_tag","embeddable":true,"href":"https:\/\/port2port.be\/de\/wp-json\/wp\/v2\/product_tag?post=2712"},{"taxonomy":"land","embeddable":true,"href":"https:\/\/port2port.be\/de\/wp-json\/wp\/v2\/land?post=2712"},{"taxonomy":"jaar","embeddable":true,"href":"https:\/\/port2port.be\/de\/wp-json\/wp\/v2\/jaar?post=2712"}],"curies":[{"name":"wp","href":"https:\/\/api.w.org\/{rel}","templated":true}]}}