{"id":2557,"date":"2025-02-09T13:16:53","date_gmt":"2025-02-09T12:16:53","guid":{"rendered":"https:\/\/port2port.be\/?post_type=product&#038;p=2557"},"modified":"2026-03-26T21:05:57","modified_gmt":"2026-03-26T20:05:57","slug":"quinta-do-noval-vintage-2007-port","status":"publish","type":"product","link":"https:\/\/port2port.be\/de\/produkt\/quinta-do-noval-jahrgang-2007-port\/","title":{"rendered":"2007 Quinta do Noval Jahrgangsportwein - Douro"},"content":{"rendered":"<h2>Ein besonderer und klassischer Portwein<\/h2>\n<p><a href=\"https:\/\/port2port.be\/de\/produkt\/quinta-do-noval-jahrgang-2011-port\/\">Quinta do Noval Vintage<\/a> Der Portwein 2007 ist ein exklusiver Portwein aus dem legend\u00e4ren Douro-Tal. Lange in Eichenf\u00e4ssern gereift, verbindet dieser historische Portwein Kraft mit Eleganz. Er eignet sich sowohl als Sammlerport als auch als Portwein-Geschenk f\u00fcr besondere Anl\u00e4sse.<\/p>\n<h2>Aroma und Geschmack: Schokoladenportwein und schwarze Johannisbeere in Harmonie<\/h2>\n<h3>Aroma - Intensit\u00e4t der schwarzen Johannisbeere und Karamell und N\u00fcsse Port<\/h3>\n<p>Reife schwarze Johannisbeeren: Ein kraftvoller Ausdruck dunkler Fr\u00fcchte<br \/>\nSchokolade und Toffee: subtile, raffinierte Noten<br \/>\nW\u00fcrzige Nuancen: Leichte Gew\u00fcrznuancen, die zus\u00e4tzliche Tiefe verleihen<br \/>\nNussige Akzente: Warmes Karamell und N\u00fcsse f\u00fcr eine exklusive Note<br \/>\nBlumige Elemente: Veilchen, die Komplexit\u00e4t verleihen<\/p>\n<h3>Geschmack - Ein gereifter Portwein mit langem Abgang<\/h3>\n<p>Voller Fruchtcharakter: Konzentrierte Aromen von reifen Fr\u00fcchten<br \/>\nSamtige Tannine: Perfekt integriert f\u00fcr eine elegante Textur<br \/>\nLanger Abgang: lang anhaltende Noten von Schokolade, Karamell und Gew\u00fcrzen<br \/>\nExklusive Ausgewogenheit: Eine harmonische Kombination, die diesen Jahrgangsport einzigartig macht<\/p>\n<h2>Besondere Anl\u00e4sse: Ideal als exklusives Hafengeschenk<\/h2>\n<p>Verdauungsf\u00f6rdernd: Perfekt als Abschluss nach einem \u00fcppigen Abendessen<br \/>\nDessert: Passt zu reichhaltigen Schokoladendesserts oder reifen K\u00e4sesorten<br \/>\nCollectors' Port: Eine wertvolle Erg\u00e4nzung f\u00fcr Sammler<br \/>\nPortwein-Geschenk: Eine exklusive Geschenkidee f\u00fcr Portweinliebhaber<\/p>","protected":false},"excerpt":{"rendered":"<p><strong>Quinta do Noval Jahrgang 2007 Portwein -<\/strong> Ein ikonischer Portwein mit intensiven Noten von schwarzen Johannisbeeren, Schokolade und Gew\u00fcrzen, perfekt f\u00fcr Sammler und besondere Momente.<\/p>","protected":false},"featured_media":3362,"template":"","meta":{"_seopress_robots_primary_cat":"none","_seopress_titles_title":"\"Vintage 2007 Port \u2013 Klassieke Port voor Verzamelaars\"","_seopress_titles_desc":"\"Ontdek Quinta do Noval Vintage 2007 Port: iconische port met intense zwarte bessen, chocolade en kruiden. Perfect voor verzamelaars en speciale gelegenheden.\"","_seopress_robots_index":"","iawp_total_views":71},"product_brand":[244],"product_cat":[22,71],"product_tag":[936,243,914],"land":[41],"jaar":[62],"class_list":{"0":"post-2557","1":"product","2":"type-product","3":"status-publish","4":"has-post-thumbnail","6":"product_brand-quinta-do-noval","7":"product_cat-porto","8":"product_cat-vintage","9":"product_tag-douro-valley","10":"product_tag-quinta-do-noval-port","11":"product_tag-vintage-port","12":"pa_druivensoort-tinta-barroca","13":"pa_druivensoort-tinta-roriz-2","14":"pa_druivensoort-tinto-cao","15":"pa_druivensoort-touriga-franca","16":"pa_druivensoort-touriga-nacional","17":"pa_eenheid-750-ml","18":"pa_houten-kist-houten-kist-6-flessen","19":"pa_regio-douro","20":"land-portugal","21":"jaar-62","23":"first","24":"instock","25":"taxable","26":"shipping-taxable","27":"purchasable","28":"product-type-simple"},"jetpack_sharing_enabled":true,"_links":{"self":[{"href":"https:\/\/port2port.be\/de\/wp-json\/wp\/v2\/product\/2557","targetHints":{"allow":["GET"]}}],"collection":[{"href":"https:\/\/port2port.be\/de\/wp-json\/wp\/v2\/product"}],"about":[{"href":"https:\/\/port2port.be\/de\/wp-json\/wp\/v2\/types\/product"}],"wp:featuredmedia":[{"embeddable":true,"href":"https:\/\/port2port.be\/de\/wp-json\/wp\/v2\/media\/3362"}],"wp:attachment":[{"href":"https:\/\/port2port.be\/de\/wp-json\/wp\/v2\/media?parent=2557"}],"wp:term":[{"taxonomy":"product_brand","embeddable":true,"href":"https:\/\/port2port.be\/de\/wp-json\/wp\/v2\/product_brand?post=2557"},{"taxonomy":"product_cat","embeddable":true,"href":"https:\/\/port2port.be\/de\/wp-json\/wp\/v2\/product_cat?post=2557"},{"taxonomy":"product_tag","embeddable":true,"href":"https:\/\/port2port.be\/de\/wp-json\/wp\/v2\/product_tag?post=2557"},{"taxonomy":"land","embeddable":true,"href":"https:\/\/port2port.be\/de\/wp-json\/wp\/v2\/land?post=2557"},{"taxonomy":"jaar","embeddable":true,"href":"https:\/\/port2port.be\/de\/wp-json\/wp\/v2\/jaar?post=2557"}],"curies":[{"name":"wp","href":"https:\/\/api.w.org\/{rel}","templated":true}]}}