{"id":2455,"date":"2025-02-05T09:31:48","date_gmt":"2025-02-05T08:31:48","guid":{"rendered":"https:\/\/port2port.be\/?post_type=product&#038;p=2455"},"modified":"2026-04-18T12:51:48","modified_gmt":"2026-04-18T10:51:48","slug":"barros-special-blend-101-very-old-tawny-port","status":"publish","type":"product","link":"https:\/\/port2port.be\/de\/produkt\/barros-special-blend-101-sehr-alter-tawny-port\/","title":{"rendered":"Barros Very Old Tawny Port 101 Blend - Douro"},"content":{"rendered":"<p><strong>Barros Spezialmischung 101<\/strong> Very Old Tawny Port ist eine Hommage an mehr als ein Jahrhundert Handwerkskunst, Leidenschaft und Tradition der renommierten Portweinkellerei Barros. Dieser einzigartige Port ist eine Mischung aus au\u00dfergew\u00f6hnlich alten Tawny-Reserven, die sorgf\u00e4ltig in Eichenf\u00e4ssern gereift sind, um eine unvergleichliche Komplexit\u00e4t und Tiefe zu erreichen.<\/p>\n<p>Der Wein hat eine tief mahagonifarbene T\u00f6nung mit goldenen Nuancen, ein Kennzeichen seines beeindruckenden Alters. Das Aroma ist eine raffinierte und vielschichtige Kombination aus kandierten Orangenschalen, getrockneten Feigen, Waln\u00fcssen, Honig, Gew\u00fcrzen und einem subtilen Hauch von Mokka und Zedernholz. Jede Duftschicht l\u00e4dt dazu ein, neue Nuancen zu entdecken.<\/p>\n<p>Bei der Verkostung bietet dieser Portwein eine seidenweiche Textur mit unglaublicher Geschmackstiefe. Reichhaltige Noten von Karamell, Toffee, N\u00fcssen und getrockneten Fr\u00fcchten bilden ein wunderbares Gleichgewicht mit der erfrischenden S\u00e4ure. Der komplexe, lang anhaltende Abgang ist w\u00e4rmend und harmonisch, mit subtilen Noten von Gew\u00fcrzen und Vanille im Nachklang.<\/p>\n<p><a href=\"https:\/\/port2port.be\/de\/produkt\/barros-sonderausgabe-100-jahre-alter-tawny-port\/\">Barros Spezialmischung 101<\/a> Very Old Tawny Port ist ein seltener und exklusiver Wein, ideal f\u00fcr besondere Anl\u00e4sse. Genie\u00dfen Sie ihn pur, leicht gek\u00fchlt, damit sich die Aromen und Geschmacksnoten voll entfalten k\u00f6nnen. Er passt perfekt zu Desserts wie Cr\u00e8me br\u00fbl\u00e9e, Nussgeb\u00e4ck oder dunkler Schokolade, aber auch hervorragend zu Blauschimmelk\u00e4se und gereiftem K\u00e4se.<\/p>\n<p>Dieser Portwein wird in einer luxuri\u00f6sen Verpackung geliefert, die seine Exklusivit\u00e4t symbolisiert und sich perfekt als einzigartiges Geschenk oder Prunkst\u00fcck in einer Sammlung eignet. Mit seiner beeindruckenden Komplexit\u00e4t und zeitlosen Eleganz ist der Barros 101 Very Old Tawny Port ein Meisterwerk, das die Geschichte von Barros widerspiegelt.<\/p>\n<p>&nbsp;<\/p>","protected":false},"excerpt":{"rendered":"<p><strong>Barros Special Blend 101 Very Old Tawny Port<\/strong> - Einzigartige Mischung aus gealterten Tawny-Reserven mit reichen Noten von Karamell, N\u00fcssen und Orangenschalen. Seidig weich und komplex.<\/p>","protected":false},"featured_media":2366,"template":"","meta":{"_seopress_robots_primary_cat":"none","_seopress_titles_title":"\"Barros 101 Very Old Tawny Port \u2013 Exclusieve en Tijdloze Port\"","_seopress_titles_desc":"\"Barros 101 Very Old Tawny Port, een zeldzame blend van zeer oude tawny met rijke tonen van noten, karamel en sinaasappel. Tijdloze luxe voor fijnproevers.\"","_seopress_robots_index":"","iawp_total_views":27},"product_brand":[246],"product_cat":[22,188],"product_tag":[923,936,76,915],"land":[41],"jaar":[],"class_list":{"0":"post-2455","1":"product","2":"type-product","3":"status-publish","4":"has-post-thumbnail","6":"product_brand-barros","7":"product_cat-porto","8":"product_cat-tawny","9":"product_tag-barros-port","10":"product_tag-douro-valley","11":"product_tag-gerijpte-port","12":"product_tag-tawny-port","13":"pa_druivensoort-tinta-barroca","14":"pa_druivensoort-tinta-roriz-2","15":"pa_druivensoort-tinto-cao","16":"pa_druivensoort-touriga-franca","17":"pa_druivensoort-touriga-nacional","18":"pa_eenheid-750-ml","19":"pa_houten-kist-houten-kist-1-fles","20":"pa_regio-douro","21":"land-portugal","23":"first","24":"instock","25":"taxable","26":"shipping-taxable","27":"purchasable","28":"product-type-simple"},"jetpack_sharing_enabled":true,"_links":{"self":[{"href":"https:\/\/port2port.be\/de\/wp-json\/wp\/v2\/product\/2455","targetHints":{"allow":["GET"]}}],"collection":[{"href":"https:\/\/port2port.be\/de\/wp-json\/wp\/v2\/product"}],"about":[{"href":"https:\/\/port2port.be\/de\/wp-json\/wp\/v2\/types\/product"}],"wp:featuredmedia":[{"embeddable":true,"href":"https:\/\/port2port.be\/de\/wp-json\/wp\/v2\/media\/2366"}],"wp:attachment":[{"href":"https:\/\/port2port.be\/de\/wp-json\/wp\/v2\/media?parent=2455"}],"wp:term":[{"taxonomy":"product_brand","embeddable":true,"href":"https:\/\/port2port.be\/de\/wp-json\/wp\/v2\/product_brand?post=2455"},{"taxonomy":"product_cat","embeddable":true,"href":"https:\/\/port2port.be\/de\/wp-json\/wp\/v2\/product_cat?post=2455"},{"taxonomy":"product_tag","embeddable":true,"href":"https:\/\/port2port.be\/de\/wp-json\/wp\/v2\/product_tag?post=2455"},{"taxonomy":"land","embeddable":true,"href":"https:\/\/port2port.be\/de\/wp-json\/wp\/v2\/land?post=2455"},{"taxonomy":"jaar","embeddable":true,"href":"https:\/\/port2port.be\/de\/wp-json\/wp\/v2\/jaar?post=2455"}],"curies":[{"name":"wp","href":"https:\/\/api.w.org\/{rel}","templated":true}]}}