{"id":2451,"date":"2025-02-05T09:31:48","date_gmt":"2025-02-05T08:31:48","guid":{"rendered":"https:\/\/port2port.be\/?post_type=product&#038;p=2451"},"modified":"2026-03-26T21:07:36","modified_gmt":"2026-03-26T20:07:36","slug":"barros-special-edition-100-year-old-tawny-port","status":"publish","type":"product","link":"https:\/\/port2port.be\/de\/produkt\/barros-sonderausgabe-100-jahre-alter-tawny-port\/","title":{"rendered":"Barros Very Old Tawny Port 100 Jahre - Douro"},"content":{"rendered":"<p><strong>Barros Sonderausgabe 100 Jahre alter Tawny Port<\/strong> ist ein noch nie dagewesener Portwein, der die ultimative Raffinesse und Tradition des Hauses Barros zelebriert. Zu Ehren des 100-j\u00e4hrigen Bestehens von Barros zusammengestellt, vereint dieser exklusive Portwein einige der \u00e4ltesten und wertvollsten Reserven aus den Kellern. Das Ergebnis ist ein seltener und komplexer Wein, der mehr als ein Jahrhundert an Handwerkskunst w\u00fcrdigt.<\/p>\n<p>Dieser 100 Jahre alte Tawny Port hat eine tiefe Mahagonifarbe mit goldenen Reflexen, die sein au\u00dfergew\u00f6hnliches Alter und seine Reifung in kleinen Eichenf\u00e4ssern widerspiegeln. Das Aroma ist unglaublich intensiv und komplex, mit Schichten von ger\u00f6steten N\u00fcssen, Trockenfr\u00fcchten wie Feigen und Datteln, kandierten Orangen, Honig und einem subtilen Hauch von Gew\u00fcrzen und Zedernholz.<\/p>\n<p>Bei der Verkostung bietet dieser Portwein eine seidenweiche Textur und ein reichhaltiges, vielschichtiges Geschmackserlebnis. Noten von Toffee, Karamell, kandierten Fr\u00fcchten und Waln\u00fcssen f\u00fcllen den Mund, w\u00e4hrend eine ausgewogene S\u00e4ure f\u00fcr Frische und Eleganz sorgt. Der Abgang ist au\u00dfergew\u00f6hnlich lang und w\u00e4rmend, mit raffinierten Noten, die als bleibende Erinnerung an diesen meisterhaften Wein nachklingen.<\/p>\n<p><a href=\"https:\/\/port2port.be\/de\/produkt\/barros-sonderausgabe-102-sehr-alter-tawny-port\/\">Barros Sonderausgabe<\/a> 100 Year Old Tawny Port ist ein Wein f\u00fcr echte Liebhaber und die perfekte Wahl f\u00fcr ganz besondere Anl\u00e4sse. Servieren Sie diesen Port pur und leicht gek\u00fchlt, damit seine Komplexit\u00e4t und seine reichen Aromen voll zur Geltung kommen. Er passt hervorragend zu Desserts wie Walnusskuchen, Cr\u00e8me br\u00fbl\u00e9e oder dunkler Schokolade, aber auch zu raffinierten K\u00e4sesorten.<\/p>\n<p>Dieser seltene Portwein wird in einer luxuri\u00f6sen Pr\u00e4sentation geliefert, die sich ideal als Geschenk oder Sammlerst\u00fcck eignet. Mit seiner au\u00dfergew\u00f6hnlichen Qualit\u00e4t und zeitlosen Eleganz ist der Barros 100 Year Old Tawny Port eine echte Ikone in der Welt der Portweine.<\/p>","protected":false},"excerpt":{"rendered":"<p><strong>Barros Sonderausgabe 100 Jahre alter Tawny Port<\/strong> - Seltener Portwein mit komplexen Noten von N\u00fcssen, Trockenfr\u00fcchten, Karamell und Zedernholz. Ein Meisterwerk von au\u00dfergew\u00f6hnlicher Qualit\u00e4t.<\/p>","protected":false},"featured_media":2368,"template":"","meta":{"_seopress_robots_primary_cat":"none","_seopress_titles_title":"\"Barros 100 Year Old Tawny Port \u2013 Exclusieve en Zeldzame Port\"","_seopress_titles_desc":"\"Barros 100 Year Old Tawny Port met rijke tonen van noten, karamel en gedroogd fruit. Een zeldzame port voor speciale gelegenheden, een tijdloos meesterwerk.\"","_seopress_robots_index":"","iawp_total_views":81},"product_brand":[246],"product_cat":[22,188],"product_tag":[923,936,76,915],"land":[41],"jaar":[],"class_list":{"0":"post-2451","1":"product","2":"type-product","3":"status-publish","4":"has-post-thumbnail","6":"product_brand-barros","7":"product_cat-porto","8":"product_cat-tawny","9":"product_tag-barros-port","10":"product_tag-douro-valley","11":"product_tag-gerijpte-port","12":"product_tag-tawny-port","13":"pa_druivensoort-tinta-barroca","14":"pa_druivensoort-tinta-roriz-2","15":"pa_druivensoort-tinto-cao","16":"pa_druivensoort-touriga-franca","17":"pa_druivensoort-touriga-nacional","18":"pa_eenheid-750-ml","19":"pa_houten-kist-houten-kist-1-fles","20":"pa_regio-douro","21":"land-portugal","23":"first","24":"instock","25":"taxable","26":"shipping-taxable","27":"purchasable","28":"product-type-simple"},"jetpack_sharing_enabled":true,"_links":{"self":[{"href":"https:\/\/port2port.be\/de\/wp-json\/wp\/v2\/product\/2451","targetHints":{"allow":["GET"]}}],"collection":[{"href":"https:\/\/port2port.be\/de\/wp-json\/wp\/v2\/product"}],"about":[{"href":"https:\/\/port2port.be\/de\/wp-json\/wp\/v2\/types\/product"}],"wp:featuredmedia":[{"embeddable":true,"href":"https:\/\/port2port.be\/de\/wp-json\/wp\/v2\/media\/2368"}],"wp:attachment":[{"href":"https:\/\/port2port.be\/de\/wp-json\/wp\/v2\/media?parent=2451"}],"wp:term":[{"taxonomy":"product_brand","embeddable":true,"href":"https:\/\/port2port.be\/de\/wp-json\/wp\/v2\/product_brand?post=2451"},{"taxonomy":"product_cat","embeddable":true,"href":"https:\/\/port2port.be\/de\/wp-json\/wp\/v2\/product_cat?post=2451"},{"taxonomy":"product_tag","embeddable":true,"href":"https:\/\/port2port.be\/de\/wp-json\/wp\/v2\/product_tag?post=2451"},{"taxonomy":"land","embeddable":true,"href":"https:\/\/port2port.be\/de\/wp-json\/wp\/v2\/land?post=2451"},{"taxonomy":"jaar","embeddable":true,"href":"https:\/\/port2port.be\/de\/wp-json\/wp\/v2\/jaar?post=2451"}],"curies":[{"name":"wp","href":"https:\/\/api.w.org\/{rel}","templated":true}]}}