{"id":2448,"date":"2025-02-05T09:31:48","date_gmt":"2025-02-05T08:31:48","guid":{"rendered":"https:\/\/port2port.be\/?post_type=product&#038;p=2448"},"modified":"2026-03-26T21:07:35","modified_gmt":"2026-03-26T20:07:35","slug":"barros-30-years-old-tawny-port","status":"publish","type":"product","link":"https:\/\/port2port.be\/de\/produkt\/barros-30-jahre-alter-tawny-port\/","title":{"rendered":"Barros 30 Jahre alter Tawny Portwein - Douro"},"content":{"rendered":"<p><strong>Barros 30 Jahre alter Tawny Portwein<\/strong> ist ein raffinierter und sehr exklusiver Portwein, der drei Jahrzehnte lang sorgf\u00e4ltig in kleinen Eichenf\u00e4ssern gereift ist. Dank dieser langen Reifung entwickelt der Wein eine tiefe Bernsteinfarbe mit goldenen Reflexen und eine beeindruckende Komplexit\u00e4t in Aroma und Geschmack. Das renommierte Haus Barros, das 1913 gegr\u00fcndet wurde, hat sein ganzes handwerkliches K\u00f6nnen eingesetzt, um diesen au\u00dfergew\u00f6hnlichen Portwein herzustellen.<\/p>\n<p>Der Strau\u00df von <a href=\"https:\/\/port2port.be\/de\/produkt\/barros-20-jahre-alter-tawny-port\/\">Barros<\/a> Der 30 Jahre alte Tawny Port ist reichhaltig und \u00fcppig, mit Aromen von ger\u00f6steten N\u00fcssen, getrockneten Aprikosen, Feigen, Honig und einem Hauch von Mokka. Subtile Noten von Orangenschalen, Karamell und ein Hauch von Gew\u00fcrzen verleihen ihm zus\u00e4tzliche Tiefe. Am Gaumen bietet dieser Portwein eine seidige Textur mit einem eleganten Gleichgewicht zwischen S\u00fc\u00dfe und Frische. Aromen von kandierten Fr\u00fcchten, Toffee und Waln\u00fcssen werden harmonisch durch einen langen, samtigen Abgang abgerundet.<\/p>\n<p>Dieser Port ist die perfekte Wahl, um besondere Momente zu feiern. Servieren Sie ihn leicht gek\u00fchlt als Aperitif oder begleiten Sie ihn zu delikaten Desserts wie Cr\u00e8me br\u00fbl\u00e9e, Walnusskuchen oder Schokoladengerichten. Er passt auch sehr gut zu K\u00e4sesorten wie einem reifen Stilton oder einem weichen Ziegenk\u00e4se. Dar\u00fcber hinaus ist der Barros 30 Years Old Tawny Port ein idealer Abschluss f\u00fcr ein festliches Abendessen und ein wunderbares Geschenk f\u00fcr Portweinliebhaber.<\/p>\n<p>Mit seiner einzigartigen Reifung, seinem komplexen Geschmacksprofil und seiner zeitlosen Eleganz ist dieser Portwein ein Meisterwerk in der Reihe der Tawny Ports.<\/p>","protected":false},"excerpt":{"rendered":"<p><strong>Barros 30 Jahre alter Tawny Portwein<\/strong> - Exklusiver Portwein mit reichen Noten von ger\u00f6steten N\u00fcssen, kandierten Fr\u00fcchten und Karamell. Seidig weich und mit einem langen, raffinierten Abgang<\/p>","protected":false},"featured_media":2386,"template":"","meta":{"_seopress_robots_primary_cat":"none","_seopress_titles_title":"\"Barros 30 Years Old Tawny Port \u2013 Exclusieve en Tijdloze Port\"","_seopress_titles_desc":"\"Proef Barros 30 Years Old Tawny Port met rijke tonen van noten, vijgen en karamel. Een verfijnde port voor bijzondere momenten, puur of bij desserts.\"","_seopress_robots_index":"","iawp_total_views":22},"product_brand":[246],"product_cat":[22,188],"product_tag":[923,936,76,915],"land":[41],"jaar":[],"class_list":{"0":"post-2448","1":"product","2":"type-product","3":"status-publish","4":"has-post-thumbnail","6":"product_brand-barros","7":"product_cat-porto","8":"product_cat-tawny","9":"product_tag-barros-port","10":"product_tag-douro-valley","11":"product_tag-gerijpte-port","12":"product_tag-tawny-port","13":"land-portugal","15":"first","16":"instock","17":"taxable","18":"shipping-taxable","19":"purchasable","20":"product-type-simple"},"jetpack_sharing_enabled":true,"_links":{"self":[{"href":"https:\/\/port2port.be\/de\/wp-json\/wp\/v2\/product\/2448","targetHints":{"allow":["GET"]}}],"collection":[{"href":"https:\/\/port2port.be\/de\/wp-json\/wp\/v2\/product"}],"about":[{"href":"https:\/\/port2port.be\/de\/wp-json\/wp\/v2\/types\/product"}],"wp:featuredmedia":[{"embeddable":true,"href":"https:\/\/port2port.be\/de\/wp-json\/wp\/v2\/media\/2386"}],"wp:attachment":[{"href":"https:\/\/port2port.be\/de\/wp-json\/wp\/v2\/media?parent=2448"}],"wp:term":[{"taxonomy":"product_brand","embeddable":true,"href":"https:\/\/port2port.be\/de\/wp-json\/wp\/v2\/product_brand?post=2448"},{"taxonomy":"product_cat","embeddable":true,"href":"https:\/\/port2port.be\/de\/wp-json\/wp\/v2\/product_cat?post=2448"},{"taxonomy":"product_tag","embeddable":true,"href":"https:\/\/port2port.be\/de\/wp-json\/wp\/v2\/product_tag?post=2448"},{"taxonomy":"land","embeddable":true,"href":"https:\/\/port2port.be\/de\/wp-json\/wp\/v2\/land?post=2448"},{"taxonomy":"jaar","embeddable":true,"href":"https:\/\/port2port.be\/de\/wp-json\/wp\/v2\/jaar?post=2448"}],"curies":[{"name":"wp","href":"https:\/\/api.w.org\/{rel}","templated":true}]}}