{"id":2433,"date":"2025-02-05T09:32:21","date_gmt":"2025-02-05T08:32:21","guid":{"rendered":"https:\/\/port2port.be\/?post_type=product&#038;p=2433"},"modified":"2026-03-26T21:05:47","modified_gmt":"2026-03-26T20:05:47","slug":"barros-colheita-2000-port","status":"publish","type":"product","link":"https:\/\/port2port.be\/de\/produkt\/barros-colheita-2000-port\/","title":{"rendered":"2000 Barros Colheita Portwein - Douro"},"content":{"rendered":"<h2>Barros Colheita 2000 Portwein<\/h2>\n<h3>Ein raffinierter Portwein mit Charakter<\/h3>\n<p><a href=\"https:\/\/port2port.be\/de\/portweinverkostung\/\">Barros Colheita<\/a> Der Portwein 2000 ist ein exklusiver und raffinierter Portwein, der sich durch eine lange Reifung und ein tiefes Geschmacksprofil auszeichnet. Dank der langen Reifung in Eichenf\u00e4ssern entwickelt dieser Portwein komplexe Aromen und eine samtige Textur.<\/p>\n<h3>Geruch und Geschmack<\/h3>\n<p>Dieser Portwein von Colheita bezaubert mit einem vielschichtigen und raffinierten Bouquet, in dem sich die folgenden Noten wiederfinden:<\/p>\n<ul>\n<li>Getrocknete Fr\u00fcchte<\/li>\n<li>Schokolade<\/li>\n<li>Subtile Gew\u00fcrze<\/li>\n<li>N\u00fcsse<\/li>\n<li>Gew\u00fcrze<\/li>\n<\/ul>\n<p>Die lange Reifung f\u00fchrt zu einem perfekt ausgewogenen Geschmack, der Sanftheit und Komplexit\u00e4t vereint.<\/p>\n<h3>Ein besonderes Geschmackserlebnis<\/h3>\n<p>Mit jedem Schluck schmeckt man die raffinierte Harmonie zwischen s\u00fc\u00dfen und w\u00fcrzigen Noten. Der lange, elegante Abgang macht diesen Portwein zu etwas ganz Besonderem und l\u00e4dt dazu ein, ihn immer wieder zu genie\u00dfen.<\/p>\n<h3>Perfekt f\u00fcr besondere Anl\u00e4sse<\/h3>\n<p>Barros Colheita 2000 Port ist die ideale Wahl f\u00fcr Liebhaber von exklusiven Douro-Spezialit\u00e4ten. Er passt perfekt zu festlichen Anl\u00e4ssen und ist eine wunderbare Erg\u00e4nzung zu einer umfangreichen Portwein-Sammlung.<\/p>\n<h3>Ein zeitloser Klassiker<\/h3>\n<p>Dieser sorgf\u00e4ltig gereifte Portwein spiegelt Handwerkskunst und Tradition wider. F\u00fcr diejenigen, die einen besonderen Portwein mit reicher Geschichte suchen, ist Barros Colheita 2000 ein wahrer Genuss und eine unverzichtbare Erg\u00e4nzung f\u00fcr jede Sammlung.<\/p>","protected":false},"excerpt":{"rendered":"<p><strong>Barros Colheita 2000 Portwein<\/strong>\u00a0 Vollmundiger Portwein mit Noten von Trockenfr\u00fcchten, Schokolade und Feigen und einem langen Abgang.<\/p>","protected":false},"featured_media":2326,"template":"","meta":{"_seopress_robots_primary_cat":"none","_seopress_titles_title":"\"Barros Colheita 2000 Port \u2013 Verfijnde Dessertwijn\"","_seopress_titles_desc":"\"Barros Colheita 2000 Port is een verfijnde port met rijke tonen van gedroogd fruit, chocolade en noten, afgewerkt met een zachte en lange afdronk.\"","_seopress_robots_index":"","iawp_total_views":22},"product_brand":[246],"product_cat":[70,22],"product_tag":[923,919,936,76],"land":[41],"jaar":[65],"class_list":{"0":"post-2433","1":"product","2":"type-product","3":"status-publish","4":"has-post-thumbnail","6":"product_brand-barros","7":"product_cat-colheita","8":"product_cat-porto","9":"product_tag-barros-port","10":"product_tag-colheita-port","11":"product_tag-douro-valley","12":"product_tag-gerijpte-port","13":"pa_druivensoort-tinta-barroca","14":"pa_druivensoort-tinta-roriz-2","15":"pa_druivensoort-tinto-cao","16":"pa_druivensoort-touriga-franca","17":"pa_druivensoort-touriga-nacional","18":"pa_eenheid-750-ml","19":"pa_houten-kist-houten-kist-1-fles","20":"pa_regio-douro","21":"land-portugal","22":"jaar-65","24":"first","25":"instock","26":"taxable","27":"shipping-taxable","28":"purchasable","29":"product-type-simple"},"jetpack_sharing_enabled":true,"_links":{"self":[{"href":"https:\/\/port2port.be\/de\/wp-json\/wp\/v2\/product\/2433","targetHints":{"allow":["GET"]}}],"collection":[{"href":"https:\/\/port2port.be\/de\/wp-json\/wp\/v2\/product"}],"about":[{"href":"https:\/\/port2port.be\/de\/wp-json\/wp\/v2\/types\/product"}],"wp:featuredmedia":[{"embeddable":true,"href":"https:\/\/port2port.be\/de\/wp-json\/wp\/v2\/media\/2326"}],"wp:attachment":[{"href":"https:\/\/port2port.be\/de\/wp-json\/wp\/v2\/media?parent=2433"}],"wp:term":[{"taxonomy":"product_brand","embeddable":true,"href":"https:\/\/port2port.be\/de\/wp-json\/wp\/v2\/product_brand?post=2433"},{"taxonomy":"product_cat","embeddable":true,"href":"https:\/\/port2port.be\/de\/wp-json\/wp\/v2\/product_cat?post=2433"},{"taxonomy":"product_tag","embeddable":true,"href":"https:\/\/port2port.be\/de\/wp-json\/wp\/v2\/product_tag?post=2433"},{"taxonomy":"land","embeddable":true,"href":"https:\/\/port2port.be\/de\/wp-json\/wp\/v2\/land?post=2433"},{"taxonomy":"jaar","embeddable":true,"href":"https:\/\/port2port.be\/de\/wp-json\/wp\/v2\/jaar?post=2433"}],"curies":[{"name":"wp","href":"https:\/\/api.w.org\/{rel}","templated":true}]}}