{"id":2417,"date":"2025-02-05T09:31:49","date_gmt":"2025-02-05T08:31:49","guid":{"rendered":"https:\/\/port2port.be\/?post_type=product&#038;p=2417"},"modified":"2026-03-26T21:05:39","modified_gmt":"2026-03-26T20:05:39","slug":"barros-colheita-1982-port","status":"publish","type":"product","link":"https:\/\/port2port.be\/de\/produkt\/barros-colheita-1982-port\/","title":{"rendered":"1982 Barros Colheita Portwein - Douro"},"content":{"rendered":"<h2>Ein seltener Colheita Port mit mehr als 40 Jahren Reifezeit<\/h2>\n<p>Der 1982 Barros Colheita Port ist ein au\u00dfergew\u00f6hnlicher Tawny Port aus einem einzigen Jahrgang. Dieser Wein ist jahrzehntelang in Holzf\u00e4ssern gereift, was ihm eine unvergleichliche Komplexit\u00e4t und Finesse verleiht. Colheita Ports wie dieser werden erst abgef\u00fcllt, wenn sie perfekt trinkfertig sind, so dass Sie einen voll ausgereiften und harmonischen Port erhalten.<\/p>\n<h3>Verkostungsnotizen<\/h3>\n<ul>\n<li>Tief bernsteinfarben mit kupferfarbenen Reflexen<\/li>\n<li>Aromen von getrockneten Feigen, N\u00fcssen, Karamell und Orangenschalen<\/li>\n<li>Weicher, runder Geschmack mit Noten von Honig, Gew\u00fcrzen und ger\u00f6steten Mandeln<\/li>\n<li>Langer, eleganter Abgang mit einem delikaten Gleichgewicht zwischen S\u00fc\u00dfe und Frische<\/li>\n<\/ul>\n<h3>Die Geschichte hinter der Flasche<\/h3>\n<p>1982 war ein klassisches Jahr im Douro-Tal, und dieser Colheita von Barros zeigt perfekt, wie die Zeit einen Wein ver\u00e4ndern kann. Die lange Reifung in Holz entwickelt den unverwechselbaren gelbbraunen Charakter des Weins, mit fruchtigen Noten, die sich zu komplexen Aromen von N\u00fcssen und Gew\u00fcrzen entwickeln. Jede Flasche ist ein St\u00fcck Geschichte, sorgf\u00e4ltig aufbewahrt und zum idealen Zeitpunkt abgef\u00fcllt.<\/p>\n<h3>Tipps zum Servieren<\/h3>\n<ul>\n<li>Leicht gek\u00fchlt servieren (12-14\u00b0C)<\/li>\n<li>Perfekt zu Desserts mit N\u00fcssen, Karamell oder Schokolade<\/li>\n<li>Ausgezeichnet zu G\u00e4nseleber oder als Digestif<\/li>\n<li>Nach dem \u00d6ffnen wochenlang haltbar<\/li>\n<\/ul>\n<h3>Mehr entdecken<\/h3>\n<p>Entdecken Sie mehr aus unserem Sortiment<br \/>\n<a href=\"https:\/\/port2port.be\/de\/product-categorie\/porto\/colheita-port\/\">Colheita Hafen<\/a><br \/>\noder alle anzeigen<br \/>\n<a href=\"https:\/\/port2port.be\/de\/product-categorie\/porto\/\">Porto Weine<\/a>.<\/p>\n<p>Suchen Sie nach \u00e4hnlichen Flaschen? Entdecken Sie andere<br \/>\n<a href=\"https:\/\/port2port.be\/de\/product-categorie\/porto\/\">H\u00e4fen<\/a>.<\/p>\n<p>Siehe auch einen \u00e4hnlichen Wein:<br \/>\n<a href=\"https:\/\/port2port.be\/de\/produkt\/barros-colheita-1994-port\/\">1994 Barros Colheita Portwein, Portugal<\/a>.<\/p>","protected":false},"excerpt":{"rendered":"<ul>\n<li>\u00dcber 40 Jahre Holzreifung<\/li>\n<li>Reichhaltige Noten von N\u00fcssen, Karamell und Trockenfr\u00fcchten<\/li>\n<li>Perfekt als Dessertwein oder Digestif<\/li>\n<li>Einzigartiger Jahrgang aus einer einzigen Weinlese<\/li>\n<\/ul>","protected":false},"featured_media":2272,"template":"","meta":{"_seopress_robots_primary_cat":"none","_seopress_titles_title":"\"Barros Colheita 1982 Port \u2013 Verfijnde Portwijn\"","_seopress_titles_desc":"\"Barros Colheita 1982 Port biedt diepe smaken van gedroogd fruit, specerijen en chocolade. Perfect voor liefhebbers van gerijpte port.\"","_seopress_robots_index":"","iawp_total_views":22},"product_brand":[246],"product_cat":[70,22],"product_tag":[923,919,936,76],"land":[41],"jaar":[130],"class_list":{"0":"post-2417","1":"product","2":"type-product","3":"status-publish","4":"has-post-thumbnail","6":"product_brand-barros","7":"product_cat-colheita","8":"product_cat-porto","9":"product_tag-barros-port","10":"product_tag-colheita-port","11":"product_tag-douro-valley","12":"product_tag-gerijpte-port","13":"pa_druivensoort-tinta-barroca","14":"pa_druivensoort-tinta-roriz-2","15":"pa_druivensoort-tinto-cao","16":"pa_druivensoort-touriga-franca","17":"pa_druivensoort-touriga-nacional","18":"pa_eenheid-750-ml","19":"pa_houten-kist-houten-kist-1-fles","20":"pa_regio-douro","21":"land-portugal","22":"jaar-130","24":"first","25":"instock","26":"taxable","27":"shipping-taxable","28":"purchasable","29":"product-type-simple"},"jetpack_sharing_enabled":true,"_links":{"self":[{"href":"https:\/\/port2port.be\/de\/wp-json\/wp\/v2\/product\/2417","targetHints":{"allow":["GET"]}}],"collection":[{"href":"https:\/\/port2port.be\/de\/wp-json\/wp\/v2\/product"}],"about":[{"href":"https:\/\/port2port.be\/de\/wp-json\/wp\/v2\/types\/product"}],"wp:featuredmedia":[{"embeddable":true,"href":"https:\/\/port2port.be\/de\/wp-json\/wp\/v2\/media\/2272"}],"wp:attachment":[{"href":"https:\/\/port2port.be\/de\/wp-json\/wp\/v2\/media?parent=2417"}],"wp:term":[{"taxonomy":"product_brand","embeddable":true,"href":"https:\/\/port2port.be\/de\/wp-json\/wp\/v2\/product_brand?post=2417"},{"taxonomy":"product_cat","embeddable":true,"href":"https:\/\/port2port.be\/de\/wp-json\/wp\/v2\/product_cat?post=2417"},{"taxonomy":"product_tag","embeddable":true,"href":"https:\/\/port2port.be\/de\/wp-json\/wp\/v2\/product_tag?post=2417"},{"taxonomy":"land","embeddable":true,"href":"https:\/\/port2port.be\/de\/wp-json\/wp\/v2\/land?post=2417"},{"taxonomy":"jaar","embeddable":true,"href":"https:\/\/port2port.be\/de\/wp-json\/wp\/v2\/jaar?post=2417"}],"curies":[{"name":"wp","href":"https:\/\/api.w.org\/{rel}","templated":true}]}}