{"id":2402,"date":"2025-02-05T09:32:21","date_gmt":"2025-02-05T08:32:21","guid":{"rendered":"https:\/\/port2port.be\/?post_type=product&#038;p=2402"},"modified":"2026-03-26T21:12:17","modified_gmt":"2026-03-26T20:12:17","slug":"barros-colheita-1935","status":"publish","type":"product","link":"https:\/\/port2port.be\/de\/produkt\/barros-colheita-1935\/","title":{"rendered":"1935 Barros Colheita Portwein - Douro"},"content":{"rendered":"<h2><strong>Ein legend\u00e4rer Hafen mit fast einem Jahrhundert Tradition<\/strong><\/h2>\n<p>Barros Colheita 1935 Port ist ein wirklich einzigartiger Portwein, der fast ein Jahrhundert Geschichte und Handwerkskunst in sich tr\u00e4gt. Aus einem einzigen Jahrgang stammend und jahrzehntelang in Eichenf\u00e4ssern gereift, ist dieser seltene <a href=\"https:\/\/port2port.be\/de\/produkt\/barros-colheita-1950\/\">Colheita<\/a> eine Raffinesse und Komplexit\u00e4t, die schwer zu \u00fcbertreffen ist.<\/p>\n<p><strong>Geruch und Geschmack<\/strong><\/p>\n<p>Dieser Portwein aus dem Jahr 1935 von Colheita bietet ein reiches Bouquet von:<\/p>\n<ul>\n<li>Getrocknete Feigen<\/li>\n<li>Gebrannte Mandeln<\/li>\n<li>Karamell<\/li>\n<li>Ein Hauch von Gew\u00fcrz<\/li>\n<\/ul>\n<p>Am Gaumen finden Sie eine perfekt ausgewogene S\u00fc\u00dfe, die durch Noten von kandierten Orangen, Honig und einem subtilen Hauch von Mokka erg\u00e4nzt wird. Die samtige Textur und der au\u00dfergew\u00f6hnlich lange Abgang machen diesen Port zu einem Meisterwerk an Geschmack und Eleganz.<\/p>\n<h3><strong>Ein besonderes Geschmackserlebnis<\/strong><\/h3>\n<p>Mit jedem Schluck schmeckt man die Harmonie der Zeit. Barros Colheita 1935 Port bietet ein fast meditatives Trinkerlebnis: intensiv, vielschichtig und mit einem warmen, lang anhaltenden Abgang. Es ist ein Portwein f\u00fcr den Kenner, der eine einzigartige, historische Flasche zu sch\u00e4tzen wei\u00df.<\/p>\n<h3><strong>Perfekt f\u00fcr einzigartige Anl\u00e4sse<\/strong><\/h3>\n<p>Dieser Port verdient es, mit Respekt genossen zu werden. Er kommt am besten zur Geltung, wenn er pur und leicht gek\u00fchlt serviert wird. Er ist ein wunderbarer Begleiter zu:<\/p>\n<ul>\n<li>Desserts wie Cr\u00e8me br\u00fbl\u00e9e oder Mandelkuchen<\/li>\n<li>Gereifte K\u00e4sesorten wie Stilton oder ein gereifter Manchego<\/li>\n<\/ul>\n<h3><strong>Ein Denkmal in einer Flasche<\/strong><\/h3>\n<p>Der Barros Colheita 1935 Port ist nicht irgendein Wein, sondern ein Erbst\u00fcck der Handwerkskunst und Tradition. Perfekt als Kronjuwel in einer Sammlung oder als Geschenk, das wirklich beeindruckt. Mit fast einem Jahrhundert an Reifung und Erfahrung ist dieser Portwein eine zeitlose Erinnerung an die Kunst der Portweinherstellung.<\/p>","protected":false},"excerpt":{"rendered":"<p><strong>Barros Colheita 1935<\/strong><br \/>\nEin raffinierter Portwein mit komplexen Noten von Karamell, N\u00fcssen und subtilen Gew\u00fcrzen, der bis zur Perfektion gereift ist.<\/p>","protected":false},"featured_media":2275,"template":"","meta":{"_seopress_robots_primary_cat":"none","_seopress_titles_title":"","_seopress_titles_desc":"","_seopress_robots_index":"","iawp_total_views":27},"product_brand":[246],"product_cat":[70,22],"product_tag":[923,919,936,76],"land":[41],"jaar":[72],"class_list":{"0":"post-2402","1":"product","2":"type-product","3":"status-publish","4":"has-post-thumbnail","6":"product_brand-barros","7":"product_cat-colheita","8":"product_cat-porto","9":"product_tag-barros-port","10":"product_tag-colheita-port","11":"product_tag-douro-valley","12":"product_tag-gerijpte-port","13":"pa_druivensoort-tinta-barroca","14":"pa_druivensoort-tinta-roriz-2","15":"pa_druivensoort-tinto-cao","16":"pa_druivensoort-touriga-franca","17":"pa_druivensoort-touriga-nacional","18":"pa_eenheid-750-ml","19":"pa_houten-kist-houten-kist-1-fles","20":"pa_regio-douro","21":"land-portugal","22":"jaar-72","24":"first","25":"instock","26":"taxable","27":"shipping-taxable","28":"purchasable","29":"product-type-simple"},"jetpack_sharing_enabled":true,"_links":{"self":[{"href":"https:\/\/port2port.be\/de\/wp-json\/wp\/v2\/product\/2402","targetHints":{"allow":["GET"]}}],"collection":[{"href":"https:\/\/port2port.be\/de\/wp-json\/wp\/v2\/product"}],"about":[{"href":"https:\/\/port2port.be\/de\/wp-json\/wp\/v2\/types\/product"}],"wp:featuredmedia":[{"embeddable":true,"href":"https:\/\/port2port.be\/de\/wp-json\/wp\/v2\/media\/2275"}],"wp:attachment":[{"href":"https:\/\/port2port.be\/de\/wp-json\/wp\/v2\/media?parent=2402"}],"wp:term":[{"taxonomy":"product_brand","embeddable":true,"href":"https:\/\/port2port.be\/de\/wp-json\/wp\/v2\/product_brand?post=2402"},{"taxonomy":"product_cat","embeddable":true,"href":"https:\/\/port2port.be\/de\/wp-json\/wp\/v2\/product_cat?post=2402"},{"taxonomy":"product_tag","embeddable":true,"href":"https:\/\/port2port.be\/de\/wp-json\/wp\/v2\/product_tag?post=2402"},{"taxonomy":"land","embeddable":true,"href":"https:\/\/port2port.be\/de\/wp-json\/wp\/v2\/land?post=2402"},{"taxonomy":"jaar","embeddable":true,"href":"https:\/\/port2port.be\/de\/wp-json\/wp\/v2\/jaar?post=2402"}],"curies":[{"name":"wp","href":"https:\/\/api.w.org\/{rel}","templated":true}]}}